{"id":111919,"date":"2026-01-23T00:00:00","date_gmt":"2026-01-23T05:00:00","guid":{"rendered":"http:\/\/gpl-love.com\/es\/producto\/pretty-links-pro-wordpress-url-shortener-plugin\/"},"modified":"2026-04-10T11:22:04","modified_gmt":"2026-04-10T16:22:04","slug":"pretty-links-pro-wordpress-url-shortener-plugin","status":"publish","type":"product","link":"https:\/\/gpl-love.com\/es\/producto\/pretty-links-pro-wordpress-url-shortener-plugin\/","title":{"rendered":"Pretty Links Pro WordPress URL Shortener Plugin 3.6.21"},"content":{"rendered":"<h3>Pretty Links Pro WordPress URL Shortener Plugin Caracteristicas<\/h3>\n<p>Pretty Links Pro es un complemento de acortador de URL excepcionalmente robusto dise\u00f1ado exclusivamente para WordPress. Este complemento faculta a los usuarios generar sin esfuerzo enlaces concisos y f\u00e1ciles de recordar para sus sitios web. Al ofrecer una mir\u00edada de funcionalidades avanzadas, los usuarios pueden monitorear y analizar efectivamente el rendimiento de sus enlaces, optimizarlos para mejorar la optimizaci\u00f3n de los motores de b\u00fasqueda (SEO) e incluso fabricar enlaces de marca a medida. Adem\u00e1s, este complemento muestra una interfaz notablemente f\u00e1cil de usar, lo que permite a los usuarios crear y administrar enlaces sin esfuerzo. Adem\u00e1s, cuenta con una amplia gama de opciones de personalizaci\u00f3n, asegurando que atienda los diversos requisitos de sus usuarios. Independientemente de si est\u00e1 supervisando un blog personal o un sitio web corporativo extenso, Pretty Links Pro sirve como una herramienta indispensable, facilitando la mejora de la experiencia de usuario de su sitio web y reforzando la generaci\u00f3n de tr\u00e1fico a su estimado sitio.<\/p>\n<ul>\n<li>Acorta sin esfuerzo los enlaces para crear una apariencia m\u00e1s limpia y profesional<\/li>\n<li>Rastrear los clics y ver an\u00e1lisis detallados para comprender el rendimiento de su enlace<\/li>\n<li>Cree f\u00e1cilmente URL de marca personalizadas que reflejen su empresa o marca personal<\/li>\n<li>Cree redireccionamientos autom\u00e1ticamente para sus enlaces antiguos o obsoletos para mantener la integridad del sitio web<\/li>\n<li>Genere c\u00f3digos QR para sus enlaces acortados para facilitar el intercambio en dispositivos m\u00f3viles<\/li>\n<li>Integre a la perfecci\u00f3n con otros complementos y herramientas de WordPress<\/li>\n<li>Reciba actualizaciones autom\u00e1ticas y una excelente atenci\u00f3n al cliente de los desarrolladores<\/li>\n<\/ul>\n","protected":false},"excerpt":{"rendered":"<p>El complemento de acortador de URL de WordPress Pro Pretty Pro demuestra ser una herramienta indispensable y fundamental para las personas que buscan optimizar y racionalizar el contenido de sus sitios web, lo que finalmente conduce a un aumento significativo en los clics. Este complemento notablemente robusto faculta a los usuarios generar URL personalizadas sin esfuerzo, monitorear y analizar con precisi\u00f3n las tasas y conversiones de clics, y administrar sin problemas sus enlaces de afiliados. Con una interfaz exquisitamente pulida e intuitiva, Pretty Links Pro emerge como el ep\u00edtome de la perfecci\u00f3n para blogueros, vendedores y empresas de diversas proporciones. Por lo tanto, \u00bfpor qu\u00e9 postergar? Emb\u00e1rcate en tu viaje hoy y impulse tu sitio web a alturas de \u00e9xito incomparables con las capacidades incomparables de Pretty Links Pro.<\/p>\n","protected":false},"featured_media":167256,"comment_status":"open","ping_status":"closed","template":"","meta":[],"product_brand":[2536],"product_cat":[1232,1206,1211],"product_tag":[1806],"class_list":{"0":"post-111919","1":"product","2":"type-product","3":"status-publish","4":"has-post-thumbnail","6":"product_brand-caseproof","7":"product_cat-marketing-wordpress-plugins","8":"product_cat-plugins","9":"product_cat-wordpress-plugins","10":"product_tag-caseproof","11":"member-discount","12":"discount-restricted","14":"first","15":"instock","16":"sale","17":"downloadable","18":"virtual","19":"sold-individually","20":"purchasable","21":"product-type-simple"},"_links":{"self":[{"href":"https:\/\/gpl-love.com\/es\/wp-json\/wp\/v2\/product\/111919","targetHints":{"allow":["GET"]}}],"collection":[{"href":"https:\/\/gpl-love.com\/es\/wp-json\/wp\/v2\/product"}],"about":[{"href":"https:\/\/gpl-love.com\/es\/wp-json\/wp\/v2\/types\/product"}],"replies":[{"embeddable":true,"href":"https:\/\/gpl-love.com\/es\/wp-json\/wp\/v2\/comments?post=111919"}],"wp:featuredmedia":[{"embeddable":true,"href":"https:\/\/gpl-love.com\/es\/wp-json\/wp\/v2\/media\/167256"}],"wp:attachment":[{"href":"https:\/\/gpl-love.com\/es\/wp-json\/wp\/v2\/media?parent=111919"}],"wp:term":[{"taxonomy":"product_brand","embeddable":true,"href":"https:\/\/gpl-love.com\/es\/wp-json\/wp\/v2\/product_brand?post=111919"},{"taxonomy":"product_cat","embeddable":true,"href":"https:\/\/gpl-love.com\/es\/wp-json\/wp\/v2\/product_cat?post=111919"},{"taxonomy":"product_tag","embeddable":true,"href":"https:\/\/gpl-love.com\/es\/wp-json\/wp\/v2\/product_tag?post=111919"}],"curies":[{"name":"wp","href":"https:\/\/api.w.org\/{rel}","templated":true}]}}