{"id":111918,"date":"2026-04-18T00:00:00","date_gmt":"2026-04-18T05:00:00","guid":{"rendered":"http:\/\/gpl-love.com\/es\/producto\/free-gifts-for-woocommerce\/"},"modified":"2026-04-18T17:15:38","modified_gmt":"2026-04-18T22:15:38","slug":"free-gifts-for-woocommerce","status":"publish","type":"product","link":"https:\/\/gpl-love.com\/es\/producto\/free-gifts-for-woocommerce\/","title":{"rendered":"Free Gifts para WooCommerce 13.1.0"},"content":{"rendered":"<h3>Free Gifts para WooCommerce Caracteristicas<\/h3>\n<p>Los regalos gratuitos para el complemento de WooCommerce sirven como una herramienta valiosa para los propietarios de tiendas en l\u00ednea, lo que les permite otorgar regalos gratuitos a sus estimados clientes como una muestra de agradecimiento por sus compras. Este notable complemento sirve como catalizador para que las empresas presencien un aumento exponencial en sus cifras de ventas y la lealtad inquebrantable de su clientela, ya que incentiva incondicionalmente a los posibles compradores para completar sus transacciones. Inmosurablemente flexible y asombrosamente completo, este complemento le permite generosamente al propietario de la tienda elaborar meticulosamente un conjunto de regulaciones que rigen el desembolso de estas ofertas complementarias, ya sea un umbral de compra m\u00ednimo predefinido o los productos espec\u00edficos incluidos en la transacci\u00f3n. Adem\u00e1s, el propietario de la tienda se le otorga la autonom\u00eda para decidir si el regalo se materializa en forma de un art\u00edculo tangible o un c\u00f3digo de descuento invaluable. Adem\u00e1s de estas caracter\u00edsticas impresionantes, el complemento abarca una gran cantidad de opciones de personalizaci\u00f3n para el mensaje de regalo y el dise\u00f1o, asegurando que cada regalo sea una representaci\u00f3n \u00fanica y est\u00e9ticamente agradable de la gratitud del negocio. Como una ventaja adicional, la instalaci\u00f3n y la utilizaci\u00f3n de los regalos gratuitos para el complemento de WooCommerce es una brisa absoluta, asegurando as\u00ed que las empresas de todos los tama\u00f1os puedan implementar sin problemas un programa de regalos gratuito robusto y altamente efectivo que elevar\u00eda indudablemente la participaci\u00f3n del cliente y, en consecuencia, el aumento de Cifras de ventas a alturas sin precedentes.<\/p>\n<ul>\n<li>Agrega la capacidad de ofrecer regalos gratuitos a los clientes que cumplan ciertos criterios de compra<\/li>\n<li>Proceso de configuraci\u00f3n f\u00e1cil con opciones intuitivas para configurar reglas y condiciones de regalo<\/li>\n<li>Mensaje de regalo personalizable que se puede mostrar en las p\u00e1ginas de productos o en el carrito<\/li>\n<li>Compatible con suscripciones de WooCommerce, permitiendo regalos recurrentes<\/li>\n<li>Admite varios tipos de regalos, incluidos productos f\u00edsicos, productos digitales y descuentos.<\/li>\n<li>Integraci\u00f3n con pasarelas de pago populares, como PayPal y Stripe<\/li>\n<li>Flexibilidad para establecer l\u00edmites de regalo por cliente o por pedido para evitar abusos<\/li>\n<li>Documentaci\u00f3n y apoyo integrales para ayudar con cualquier problema o pregunta<\/li>\n<li>Aumenta la lealtad del cliente y fomenta las ventas incentivando las compras m\u00e1s grandes<\/li>\n<li>No se requiere codificaci\u00f3n o experiencia t\u00e9cnica para usar el complemento.<\/li>\n<\/ul>\n","protected":false},"excerpt":{"rendered":"<p>Los regalos gratuitos para WooCommerce proporcionan una soluci\u00f3n \u00f3ptima para las personas que poseen tiendas en l\u00ednea y desean mejorar la participaci\u00f3n del cliente e impulsar las ventas. Al implementar este complemento, los propietarios de tiendas pueden presentar obsequios de cortes\u00eda a sus clientes al cumplir con los requisitos espec\u00edficos, como comprar un producto designado o alcanzar un umbral de gastos predeterminado. La utilizaci\u00f3n de regalos gratuitos para WooCommerce otorga a los usuarios la capacidad de establecer y personalizar sin esfuerzo sus ofertas de regalos gratuitas, al tiempo que monitorea su eficacia a trav\u00e9s de informes completos. Esta herramienta robusta sirve como catalizador para atraer novelas clientela, fomentar la lealtad del cliente y, en \u00faltima instancia, aumentar los ingresos generales. Comience su uso de obsequios gratuitos para WooCommerce hoy y sea testigo de los resultados ventajosos de valor rec\u00edproco a sus estimados clientes.<\/p>\n","protected":false},"featured_media":166165,"comment_status":"open","ping_status":"closed","template":"","meta":[],"product_brand":[2344],"product_cat":[1207,1225,1206],"product_tag":[1423],"class_list":{"0":"post-111918","1":"product","2":"type-product","3":"status-publish","4":"has-post-thumbnail","6":"product_brand-woocommerce","7":"product_cat-comercio-electronico-plugins","8":"product_cat-marketing","9":"product_cat-plugins","10":"product_tag-woocommerce","11":"member-discount","12":"discount-restricted","14":"first","15":"instock","16":"sale","17":"downloadable","18":"virtual","19":"sold-individually","20":"purchasable","21":"product-type-simple"},"_links":{"self":[{"href":"https:\/\/gpl-love.com\/es\/wp-json\/wp\/v2\/product\/111918","targetHints":{"allow":["GET"]}}],"collection":[{"href":"https:\/\/gpl-love.com\/es\/wp-json\/wp\/v2\/product"}],"about":[{"href":"https:\/\/gpl-love.com\/es\/wp-json\/wp\/v2\/types\/product"}],"replies":[{"embeddable":true,"href":"https:\/\/gpl-love.com\/es\/wp-json\/wp\/v2\/comments?post=111918"}],"wp:featuredmedia":[{"embeddable":true,"href":"https:\/\/gpl-love.com\/es\/wp-json\/wp\/v2\/media\/166165"}],"wp:attachment":[{"href":"https:\/\/gpl-love.com\/es\/wp-json\/wp\/v2\/media?parent=111918"}],"wp:term":[{"taxonomy":"product_brand","embeddable":true,"href":"https:\/\/gpl-love.com\/es\/wp-json\/wp\/v2\/product_brand?post=111918"},{"taxonomy":"product_cat","embeddable":true,"href":"https:\/\/gpl-love.com\/es\/wp-json\/wp\/v2\/product_cat?post=111918"},{"taxonomy":"product_tag","embeddable":true,"href":"https:\/\/gpl-love.com\/es\/wp-json\/wp\/v2\/product_tag?post=111918"}],"curies":[{"name":"wp","href":"https:\/\/api.w.org\/{rel}","templated":true}]}}