{"id":111908,"date":"2024-07-26T00:00:00","date_gmt":"2024-07-26T05:00:00","guid":{"rendered":"http:\/\/gpl-love.com\/es\/producto\/engitech-it-solutions-and-services-wordpress-theme\/"},"modified":"2026-03-13T17:20:30","modified_gmt":"2026-03-13T22:20:30","slug":"engitech-it-solutions-and-services-wordpress-theme","status":"publish","type":"product","link":"https:\/\/gpl-love.com\/es\/producto\/engitech-it-solutions-and-services-wordpress-theme\/","title":{"rendered":"Engitech IT Solutions y Services WordPress Theme 1.8.6"},"content":{"rendered":"<h3>Engitech IT Solutions y Services WordPress Theme Caracteristicas<\/h3>\n<p>El tema de WordPress de soluciones y servicios de TI de Engitech cuenta con una gran cantidad de caracter\u00edsticas y un notable nivel de versatilidad, por lo que es la elecci\u00f3n perfecta para las empresas que buscan mostrar sus servicios y soluciones de TI de una manera pulida y visualmente llamativa. Con una extensa colecci\u00f3n de p\u00e1ginas y dise\u00f1os predise\u00f1ados, este tema facilita sin esfuerzo la creaci\u00f3n de un sitio web que se alinea perfectamente con sus necesidades comerciales \u00fanicas. Adem\u00e1s, su inclusi\u00f3n de un s\u00f3lido constructor de p\u00e1ginas de arrastrar y soltar permite a los usuarios adaptar sin esfuerzo su sitio web a sus especificaciones exactas, todo sin requerir ning\u00fan conocimiento de la codificaci\u00f3n. En particular, el tema de WordPress de WordPress de Engitech IT es totalmente receptivo, asegurando que su sitio web parezca constantemente perfecto en todos los dispositivos. Adem\u00e1s, con su capacidad para integrarse perfectamente con una variedad de complementos populares y su gran cantidad de opciones de personalizaci\u00f3n avanzada, este tema se presenta como una opci\u00f3n excepcional para las empresas que intentan establecer una presencia en l\u00ednea robusta y dominante.<\/p>\n<ul>\n<li>Engitech es un tema de WordPress totalmente receptivo y altamente personalizable dise\u00f1ado espec\u00edficamente para proveedores de soluciones y servicios de TI.<\/li>\n<li>El tema viene con 14 dise\u00f1os de p\u00e1gina de inicio predise\u00f1ados que satisfacen una variedad de servicios de TI diferentes, asegurando que haya una opci\u00f3n que se adapte a las necesidades de su negocio.<\/li>\n<li>Engitech incluye una serie de opciones de personalizaci\u00f3n avanzada, lo que le permite ajustar todo, desde los colores hasta las fuentes hasta el dise\u00f1o, asegurando que su sitio se vea exactamente como lo desea.<\/li>\n<li>El tema est\u00e1 optimizado para la velocidad y el rendimiento, asegurando que su sitio se cargue de manera r\u00e1pida y eficiente entre dispositivos y navegadores.<\/li>\n<li>Engitech incluye un constructor de p\u00e1ginas de arrastrar y soltar intuitivo, lo que le permite crear f\u00e1cilmente contenido y dise\u00f1os atractivos sin ning\u00fan conocimiento de codificaci\u00f3n.<\/li>\n<li>El tema est\u00e1 totalmente integrado con el complemento WooCommerce, lo que facilita agregar la funcionalidad de comercio electr\u00f3nico a su sitio y comenzar a vender soluciones y servicios de TI directamente a los clientes.<\/li>\n<li>Engitech se actualiza regularmente para garantizar la compatibilidad con las \u00faltimas versiones de WordPress y los complementos m\u00e1s populares, y viene con soporte y documentaci\u00f3n dedicados para ayudarlo a aprovechar al m\u00e1ximo su sitio.<\/li>\n<\/ul>\n","protected":false},"excerpt":{"rendered":"<p>Engitech IT Solutions and Services es un tema ejemplar de WordPress que ha sido dise\u00f1ado por expertos para atender espec\u00edficamente a los proveedores de tecnolog\u00eda y servicios de TI. Este tema meticulosamente dise\u00f1ado cuenta con una calidad de c\u00f3digo impecable y ha sido meticulosamente optimizado para ofrecer un rendimiento excepcional. Ofrece una amplia gama de caracter\u00edsticas y herramientas que le permiten crear sin esfuerzo un sitio web intuitivamente navegable y cautivador. Entre sus atributos notables se encuentran una p\u00e1gina de inicio totalmente personalizable con una amplia gama de opciones de dise\u00f1o, una selecci\u00f3n integral de plantillas de p\u00e1gina preconstruidas y capacidades avanzadas de estilo que le otorgan la libertad de infundir su sitio web con una est\u00e9tica distinta e incomparable. Adem\u00e1s, su dise\u00f1o receptivo garantiza que su sitio web exude la magnificencia y se adapte a todos los dispositivos y navegadores. Como una ventaja adicional, el tema de soluciones y servicios de TI de Engitech es inherentemente amigable con SEO, simplificando as\u00ed el proceso de alcanzar una alta clasificaci\u00f3n en los motores de b\u00fasqueda. Si est\u00e1 en busca de un tema confiable y de vanguardia que exhibir\u00e1 efectivamente sus servicios de TI, no busque m\u00e1s, ya que Engitech TI Solutions y los servicios lo han cubierto a fondo.<\/p>\n","protected":false},"featured_media":165984,"comment_status":"open","ping_status":"open","template":"","meta":[],"product_brand":[2337],"product_cat":[1307,1237,1238],"product_tag":[1391],"class_list":{"0":"post-111908","1":"product","2":"type-product","3":"status-publish","4":"has-post-thumbnail","6":"product_brand-themeforest","7":"product_cat-negocio-wordpress-temas","8":"product_cat-temas","9":"product_cat-wordpress-temas","10":"product_tag-themeforest","11":"member-discount","12":"discount-restricted","14":"first","15":"instock","16":"sale","17":"downloadable","18":"virtual","19":"sold-individually","20":"purchasable","21":"product-type-simple"},"_links":{"self":[{"href":"https:\/\/gpl-love.com\/es\/wp-json\/wp\/v2\/product\/111908","targetHints":{"allow":["GET"]}}],"collection":[{"href":"https:\/\/gpl-love.com\/es\/wp-json\/wp\/v2\/product"}],"about":[{"href":"https:\/\/gpl-love.com\/es\/wp-json\/wp\/v2\/types\/product"}],"replies":[{"embeddable":true,"href":"https:\/\/gpl-love.com\/es\/wp-json\/wp\/v2\/comments?post=111908"}],"wp:featuredmedia":[{"embeddable":true,"href":"https:\/\/gpl-love.com\/es\/wp-json\/wp\/v2\/media\/165984"}],"wp:attachment":[{"href":"https:\/\/gpl-love.com\/es\/wp-json\/wp\/v2\/media?parent=111908"}],"wp:term":[{"taxonomy":"product_brand","embeddable":true,"href":"https:\/\/gpl-love.com\/es\/wp-json\/wp\/v2\/product_brand?post=111908"},{"taxonomy":"product_cat","embeddable":true,"href":"https:\/\/gpl-love.com\/es\/wp-json\/wp\/v2\/product_cat?post=111908"},{"taxonomy":"product_tag","embeddable":true,"href":"https:\/\/gpl-love.com\/es\/wp-json\/wp\/v2\/product_tag?post=111908"}],"curies":[{"name":"wp","href":"https:\/\/api.w.org\/{rel}","templated":true}]}}