{"id":111906,"date":"2026-01-28T00:00:00","date_gmt":"2026-01-28T05:00:00","guid":{"rendered":"http:\/\/gpl-love.com\/es\/producto\/snip-the-rich-snippets\/"},"modified":"2026-04-10T11:25:10","modified_gmt":"2026-04-10T16:25:10","slug":"snip-the-rich-snippets","status":"publish","type":"product","link":"https:\/\/gpl-love.com\/es\/producto\/snip-the-rich-snippets\/","title":{"rendered":"Snip The Rich Snippets 2.31.11"},"content":{"rendered":"<h3>Snip The Rich Snippets Caracteristicas<\/h3>\n<p>Snip the Rich Snippets, una herramienta extremadamente potente, empodera a los propietarios de sitios web al facilitar la adici\u00f3n sin esfuerzo de fragmentos ricos a su contenido, proporcionando as\u00ed detalles complementarios e integrales sobre el contenido de un sitio web cuando se muestra en los resultados del motor de b\u00fasqueda. Esta herramienta notable optimiza el proceso de incorporar el marcado en su contenido, dotando con la capacidad de destacar la informaci\u00f3n imperativa que abarca las calificaciones, las revisiones y los precios dentro de los resultados de b\u00fasqueda. Al aprovechar las capacidades de recortar los fragmentos ricos, puede aumentar sustancialmente la prominencia de su sitio web y optimizar la clasificaci\u00f3n de su motor de b\u00fasqueda, lo que finalmente lo hace m\u00e1s accesible para los clientes potenciales que buscan familiarizarse con sus productos o servicios excepcionales.<\/p>\n<ul>\n<li>Crea sin esfuerzo fragmentos de resultados de b\u00fasqueda de aspecto profesional<\/li>\n<li>Aumentar las tasas de clics en los resultados de b\u00fasqueda<\/li>\n<li>Optimizar el contenido del sitio web para fragmentos destacados<\/li>\n<li>Ingrese f\u00e1cilmente metadatos para fragmentos ricos<\/li>\n<li>Mostrar informaci\u00f3n relevante como calificaciones, precios y disponibilidad<\/li>\n<li>Mejorar la visibilidad del sitio web y la participaci\u00f3n del usuario<\/li>\n<li>Funciona con motores de b\u00fasqueda populares como Google, Yahoo y Bing<\/li>\n<li>No se requieren codificaci\u00f3n o habilidades t\u00e9cnicas<\/li>\n<li>Configuraci\u00f3n r\u00e1pida y f\u00e1cil<\/li>\n<li>Opciones de precios asequibles disponibles<\/li>\n<li>Obtenga acceso instant\u00e1neo a resultados de fragmentos de alta calidad<\/li>\n<li>Aumentar el tr\u00e1fico del sitio web y mejorar la clasificaci\u00f3n del motor de b\u00fasqueda<\/li>\n<\/ul>\n","protected":false},"excerpt":{"rendered":"<p>Snip the Rich Snippets es una herramienta incre\u00edblemente robusta y f\u00e1cil de usar que empodera a los propietarios de sitios web con la capacidad de extraer y mostrar fragmentos ricos, com\u00fanmente denominado marcado de esquema, de sus p\u00e1ginas web. Estos fragmentos ricos ofrecen motores de b\u00fasqueda y visitantes potenciales con informaci\u00f3n valiosa, incluidas revisiones de productos, calificaciones y precios, todos los cuales juegan un papel fundamental en mejorar significativamente las tasas de clics y las tasas de conversi\u00f3n. Al aprovechar el poder de los fragmentos ricos, puede incorporar sin esfuerzo y r\u00e1pidamente el marcado de esquemas en sus p\u00e1ginas web, todo sin requerir ninguna destreza t\u00e9cnica o experiencia en codificaci\u00f3n. Eleve la visibilidad de su sitio web e impulse una afluencia sustancial de tr\u00e1fico al adoptar los beneficios incomparables de SNIP los fragmentos ricos hoy.<\/p>\n","protected":false},"featured_media":167517,"comment_status":"open","ping_status":"open","template":"","meta":[],"product_brand":[2339],"product_cat":[1206,1360,1211],"product_tag":[1256],"class_list":{"0":"post-111906","1":"product","2":"type-product","3":"status-publish","4":"has-post-thumbnail","6":"product_brand-codecanyon","7":"product_cat-plugins","8":"product_cat-seo","9":"product_cat-wordpress-plugins","10":"product_tag-codecanyon","11":"member-discount","12":"discount-restricted","14":"first","15":"instock","16":"sale","17":"downloadable","18":"virtual","19":"sold-individually","20":"purchasable","21":"product-type-simple"},"_links":{"self":[{"href":"https:\/\/gpl-love.com\/es\/wp-json\/wp\/v2\/product\/111906","targetHints":{"allow":["GET"]}}],"collection":[{"href":"https:\/\/gpl-love.com\/es\/wp-json\/wp\/v2\/product"}],"about":[{"href":"https:\/\/gpl-love.com\/es\/wp-json\/wp\/v2\/types\/product"}],"replies":[{"embeddable":true,"href":"https:\/\/gpl-love.com\/es\/wp-json\/wp\/v2\/comments?post=111906"}],"wp:featuredmedia":[{"embeddable":true,"href":"https:\/\/gpl-love.com\/es\/wp-json\/wp\/v2\/media\/167517"}],"wp:attachment":[{"href":"https:\/\/gpl-love.com\/es\/wp-json\/wp\/v2\/media?parent=111906"}],"wp:term":[{"taxonomy":"product_brand","embeddable":true,"href":"https:\/\/gpl-love.com\/es\/wp-json\/wp\/v2\/product_brand?post=111906"},{"taxonomy":"product_cat","embeddable":true,"href":"https:\/\/gpl-love.com\/es\/wp-json\/wp\/v2\/product_cat?post=111906"},{"taxonomy":"product_tag","embeddable":true,"href":"https:\/\/gpl-love.com\/es\/wp-json\/wp\/v2\/product_tag?post=111906"}],"curies":[{"name":"wp","href":"https:\/\/api.w.org\/{rel}","templated":true}]}}