{"id":111904,"date":"2024-08-22T00:00:00","date_gmt":"2024-08-22T05:00:00","guid":{"rendered":"http:\/\/gpl-love.com\/es\/producto\/live-chat-unlimited\/"},"modified":"2026-03-09T07:47:13","modified_gmt":"2026-03-09T12:47:13","slug":"live-chat-unlimited","status":"publish","type":"product","link":"https:\/\/gpl-love.com\/es\/producto\/live-chat-unlimited\/","title":{"rendered":"Live Chat Unlimited 3.7.6"},"content":{"rendered":"<h3>Live Chat Unlimited Caracteristicas<\/h3>\n<p>Live Chat Unlimited, un software de chat en vivo basado en la web, proporciona a las empresas la capacidad de participar en la comunicaci\u00f3n en tiempo real con los visitantes de sus sitios web. El aspecto ventajoso de este software radica en su provisi\u00f3n de sesiones de chat ilimitadas, eliminando as\u00ed cualquier limitaci\u00f3n en la cantidad de chats que pueden ocurrir. Adem\u00e1s, la instalaci\u00f3n y la utilizaci\u00f3n de este software son bastante simples, y abarca una gran cantidad de caracter\u00edsticas que incluyen transcripciones de chat, intercambio de archivos y an\u00e1lisis de chat. Una caracter\u00edstica adicional de Live Chat Unlimited es su capacidad de ser personalizado para alinearse con la est\u00e9tica de su sitio web, junto con su integraci\u00f3n con varias herramientas de terceros, como CRM y software de marketing por correo electr\u00f3nico. Al emplear Live Chat Unlimited, las empresas pueden brindar un servicio al cliente excepcional, mejorar las ventas y elevar los niveles de satisfacci\u00f3n del cliente.<\/p>\n<ul>\n<li>Permite a las empresas ofrecer soporte de chat en vivo a sus clientes 24\/7<\/li>\n<li>Se puede integrar en cualquier sitio web o aplicaci\u00f3n m\u00f3vil<\/li>\n<li>Admite m\u00faltiples agentes y departamentos para la gesti\u00f3n eficiente de las consultas de los clientes<\/li>\n<li>Proporciona an\u00e1lisis e informes en tiempo real para rastrear la satisfacci\u00f3n del cliente y el rendimiento del agente<\/li>\n<li>Ofrece widgets de chat personalizables y mensajes automatizados para una experiencia personalizada del cliente<\/li>\n<li>Admite el intercambio de archivos y el intercambio de pantalla para una resoluci\u00f3n efectiva<\/li>\n<li>Proporciona enrutamiento de chat automatizado y colas para garantizar que no se pierdan llamadas<\/li>\n<li>Ofrece una integraci\u00f3n perfecta con el popular software CRM y HelpDesk para el flujo de trabajo optimizado<\/li>\n<li>Proporciona una comunicaci\u00f3n confiable y segura a trav\u00e9s de protocolos de mensajer\u00eda cifrados<\/li>\n<li>Incluye soporte y mantenimiento 24\/7 para un servicio ininterrumpido.<\/li>\n<\/ul>\n","protected":false},"excerpt":{"rendered":"<p>Input&#8217;s Live Chat Unlimited es una soluci\u00f3n incre\u00edblemente efectiva y eficiente que satisface las necesidades y deseos de las empresas que buscan brindar un servicio al cliente excepcional a trav\u00e9s de su sitio web. Al utilizar este producto sobresaliente, su equipo estar\u00e1 equipado con la capacidad de participar en la comunicaci\u00f3n en tiempo real con los clientes, asegurando que sus consultas se aborden de inmediato y las inquietud o problemas que encuentren se resuelven de manera eficiente. El aspecto m\u00e1s ventajoso de esta notable soluci\u00f3n es su capacidad de chat ilimitada, que erradica cualquier restricci\u00f3n sobre la cantidad de conversaciones en las que su equipo puede participar, facilitando as\u00ed la gesti\u00f3n perfecta de las demandas de los clientes y aumentando significativamente las clasificaciones de satisfacci\u00f3n de sus clientes. Abrace el poder transformador del chat en vivo ilimitado hoy y presencie su profundo impacto en su negocio.<\/p>\n","protected":false},"featured_media":166628,"comment_status":"open","ping_status":"open","template":"","meta":[],"product_brand":[2339],"product_cat":[1214,1206,1211],"product_tag":[1256],"class_list":{"0":"post-111904","1":"product","2":"type-product","3":"status-publish","4":"has-post-thumbnail","6":"product_brand-codecanyon","7":"product_cat-personalizacion","8":"product_cat-plugins","9":"product_cat-wordpress-plugins","10":"product_tag-codecanyon","11":"member-discount","12":"discount-restricted","14":"first","15":"instock","16":"sale","17":"downloadable","18":"virtual","19":"sold-individually","20":"purchasable","21":"product-type-simple"},"_links":{"self":[{"href":"https:\/\/gpl-love.com\/es\/wp-json\/wp\/v2\/product\/111904","targetHints":{"allow":["GET"]}}],"collection":[{"href":"https:\/\/gpl-love.com\/es\/wp-json\/wp\/v2\/product"}],"about":[{"href":"https:\/\/gpl-love.com\/es\/wp-json\/wp\/v2\/types\/product"}],"replies":[{"embeddable":true,"href":"https:\/\/gpl-love.com\/es\/wp-json\/wp\/v2\/comments?post=111904"}],"wp:featuredmedia":[{"embeddable":true,"href":"https:\/\/gpl-love.com\/es\/wp-json\/wp\/v2\/media\/166628"}],"wp:attachment":[{"href":"https:\/\/gpl-love.com\/es\/wp-json\/wp\/v2\/media?parent=111904"}],"wp:term":[{"taxonomy":"product_brand","embeddable":true,"href":"https:\/\/gpl-love.com\/es\/wp-json\/wp\/v2\/product_brand?post=111904"},{"taxonomy":"product_cat","embeddable":true,"href":"https:\/\/gpl-love.com\/es\/wp-json\/wp\/v2\/product_cat?post=111904"},{"taxonomy":"product_tag","embeddable":true,"href":"https:\/\/gpl-love.com\/es\/wp-json\/wp\/v2\/product_tag?post=111904"}],"curies":[{"name":"wp","href":"https:\/\/api.w.org\/{rel}","templated":true}]}}