{"id":111902,"date":"2025-06-19T00:00:00","date_gmt":"2025-06-19T05:00:00","guid":{"rendered":"http:\/\/gpl-love.com\/es\/producto\/convertplus-popup-plugin-for-wordpress\/"},"modified":"2026-03-09T07:24:38","modified_gmt":"2026-03-09T12:24:38","slug":"convertplus-popup-plugin-for-wordpress","status":"publish","type":"product","link":"https:\/\/gpl-love.com\/es\/producto\/convertplus-popup-plugin-for-wordpress\/","title":{"rendered":"ConvertPlus Popup Plugin For WordPress 3.6.2"},"content":{"rendered":"<h3>ConvertPlus Popup Plugin For WordPress Caracteristicas<\/h3>\n<p>Convertplus es un complemento emergente incre\u00edblemente robusto espec\u00edficamente adaptado para WordPress, lo que permite a los propietarios de sitios web transformar a la perfecci\u00f3n sus visitantes en el sitio en valiosos l\u00edderes, suscriptores e incluso clientes leales. Sorprendentemente, f\u00e1cil de usar, este complemento cuenta con un editor intuitivo de arrastrar y soltar, lo que permite a los usuarios elaborar impresionantes ventanas emergentes y formularios de opci\u00f3n en unos minutos, todo sin requerir ning\u00fan conocimiento de codificaci\u00f3n previa. Adem\u00e1s, Convertplus equipa a los usuarios con una colecci\u00f3n diversa de plantillas dise\u00f1adas profesionalmente para servir como base para sus creaciones, cada una de las cuales puede personalizarse f\u00e1cilmente para alinearse perfectamente con la marca y el estilo de sus respectivos sitios web. Adem\u00e1s, este complemento excepcional est\u00e1 equipado con una variedad de opciones de orientaci\u00f3n y desencadenaci\u00f3n, incluida la intenci\u00f3n de salida altamente efectiva, los mecanismos basados \u200b\u200ben el desplazamiento y el tiempo, entre otros, asegurando que las ventanas emergentes se muestren precisamente en el momento adecuado y efectivamente llegar a la audiencia prevista. Adem\u00e1s, ConvertPlus mejora a\u00fan m\u00e1s su utilidad al ofrecer an\u00e1lisis avanzados y funcionalidades de pruebas A\/B, lo que permite a los usuarios rastrear y optimizar meticulosamente el rendimiento de sus ventanas emergentes, asegurando as\u00ed tasas de conversi\u00f3n \u00f3ptimas. En \u00faltima instancia, Convertplus representa una herramienta indispensable para todos los propietarios de sitios web de WordPress que anhelan expandir sus listas de correo electr\u00f3nico, reforzar sus cifras de ventas y, en \u00faltima instancia, mejorar la experiencia general del usuario.<\/p>\n<ul>\n<li>Cree f\u00e1cilmente ventanas emergentes en su sitio de WordPress<\/li>\n<li>Variedad de tipos emergentes que incluyen intenci\u00f3n de salida, gatillo de desplazamiento y ventanas emergentes cronometradas<\/li>\n<li>Amplia gama de plantillas de dise\u00f1o para elegir o crear su propio dise\u00f1o personalizado<\/li>\n<li>Altamente personalizable con docenas de opciones para texto, im\u00e1genes, animaciones y m\u00e1s<\/li>\n<li>Integrarse con las populares plataformas de marketing por correo electr\u00f3nico como MailChimp, Aweber y m\u00e1s<\/li>\n<li>Opciones de orientaci\u00f3n avanzada para mostrar ventanas emergentes basadas en p\u00e1ginas espec\u00edficas, fuentes de referencia y m\u00e1s<\/li>\n<li>An\u00e1lisis e informes integrales para rastrear el rendimiento emergente y las conversiones<\/li>\n<li>Las ventanas emergentes para dispositivos m\u00f3viles aseguran una experiencia perfecta para todos los usuarios<\/li>\n<li>Integraci\u00f3n perfecta con complementos y temas de WordPress<\/li>\n<li>Equipo de soporte dedicado para ayudar con la configuraci\u00f3n y la resoluci\u00f3n de problemas.<\/li>\n<\/ul>\n","protected":false},"excerpt":{"rendered":"<p>Descubra la potencia del complemento PopUp Convertplus para WordPress, su soluci\u00f3n definitiva para la generaci\u00f3n de leads y la conversi\u00f3n del cliente. Este complemento de WordPress le ofrece una amplia gama de caracter\u00edsticas, que incluyen instalaci\u00f3n f\u00e1cil, interfaz f\u00e1cil de usar y una variedad de plantillas emergentes personalizables. Con Convertplus, crear y administrar ventanas emergentes nunca ha sido m\u00e1s f\u00e1cil. Ya sea que desee capturar clientes potenciales por correo electr\u00f3nico, promover ofertas especiales o aumentar sus siguientes en las redes sociales, Convertplus es una excelente herramienta para lograr sus objetivos de marketing. Adem\u00e1s, proporciona una integraci\u00f3n perfecta con las populares plataformas de marketing por correo electr\u00f3nico, lo que le permite maximizar su alcance y efectividad. Elija el complemento PopUp Convertplus, la poderosa herramienta que transforma su sitio web en una potencia de generaci\u00f3n de leads.<\/p>\n","protected":false},"featured_media":165660,"comment_status":"open","ping_status":"open","template":"","meta":[],"product_brand":[2339],"product_cat":[1232,1206,1211],"product_tag":[1256],"class_list":{"0":"post-111902","1":"product","2":"type-product","3":"status-publish","4":"has-post-thumbnail","6":"product_brand-codecanyon","7":"product_cat-marketing-wordpress-plugins","8":"product_cat-plugins","9":"product_cat-wordpress-plugins","10":"product_tag-codecanyon","11":"member-discount","12":"discount-restricted","14":"first","15":"instock","16":"sale","17":"downloadable","18":"virtual","19":"sold-individually","20":"purchasable","21":"product-type-simple"},"_links":{"self":[{"href":"https:\/\/gpl-love.com\/es\/wp-json\/wp\/v2\/product\/111902","targetHints":{"allow":["GET"]}}],"collection":[{"href":"https:\/\/gpl-love.com\/es\/wp-json\/wp\/v2\/product"}],"about":[{"href":"https:\/\/gpl-love.com\/es\/wp-json\/wp\/v2\/types\/product"}],"replies":[{"embeddable":true,"href":"https:\/\/gpl-love.com\/es\/wp-json\/wp\/v2\/comments?post=111902"}],"wp:featuredmedia":[{"embeddable":true,"href":"https:\/\/gpl-love.com\/es\/wp-json\/wp\/v2\/media\/165660"}],"wp:attachment":[{"href":"https:\/\/gpl-love.com\/es\/wp-json\/wp\/v2\/media?parent=111902"}],"wp:term":[{"taxonomy":"product_brand","embeddable":true,"href":"https:\/\/gpl-love.com\/es\/wp-json\/wp\/v2\/product_brand?post=111902"},{"taxonomy":"product_cat","embeddable":true,"href":"https:\/\/gpl-love.com\/es\/wp-json\/wp\/v2\/product_cat?post=111902"},{"taxonomy":"product_tag","embeddable":true,"href":"https:\/\/gpl-love.com\/es\/wp-json\/wp\/v2\/product_tag?post=111902"}],"curies":[{"name":"wp","href":"https:\/\/api.w.org\/{rel}","templated":true}]}}