{"id":111893,"date":"2025-11-30T00:00:00","date_gmt":"2025-11-30T05:00:00","guid":{"rendered":"http:\/\/gpl-love.com\/es\/producto\/urna-all-in-one-woocommerce-wordpress-theme\/"},"modified":"2026-03-13T17:32:17","modified_gmt":"2026-03-13T22:32:17","slug":"urna-all-in-one-woocommerce-wordpress-theme","status":"publish","type":"product","link":"https:\/\/gpl-love.com\/es\/producto\/urna-all-in-one-woocommerce-wordpress-theme\/","title":{"rendered":"Urna All in one WooCommerce WordPress Theme 2.5.13"},"content":{"rendered":"<h3>Urna All in one WooCommerce WordPress Theme Caracteristicas<\/h3>\n<p>Urna, todo en un tema de WordPress de WooCommerce, con su naturaleza multifac\u00e9tica y avanzada, demuestra ser una elecci\u00f3n ejemplar para las personas que son propietarios de tiendas en l\u00ednea. Este tema cuenta con una amplia gama de atributos y funcionalidades que han sido dise\u00f1ados astutamente para ayudarlo en la creaci\u00f3n de una tienda en l\u00ednea profesional y f\u00e1cil de usar. Adem\u00e1s, este tema excepcional es totalmente armonioso con WooCommerce, la plataforma de comercio electr\u00f3nico m\u00e1s ampliamente reconocida, ofreci\u00e9ndole la oportunidad de personalizar su tienda con una impresionante variedad de demostraciones, dise\u00f1os y complementos preconstruidos previamente. Las capacidades de urna que lo abarcan todo le permiten supervisar sin esfuerzo sus productos, pedidos, clientes y pagos, todo dentro de una ubicaci\u00f3n centralizada y f\u00e1cil de usar. Como una ventaja adicional, este tema es excepcionalmente receptivo, cuenta con la optimizaci\u00f3n de SEO y ha sido dise\u00f1ado meticulosamente para facilitar los tiempos de carga r\u00e1pidas, lo que garantiza a sus clientes una experiencia de compra perfecta y expedita. Por lo tanto, si est\u00e1 en busca de un medio confiable y experto para lanzar su propia tienda en l\u00ednea, entonces, sin duda, vale la pena considerar utilizar el urna en un tema de WordPress de WooCommerce.<\/p>\n<ul>\n<li>Dise\u00f1o moderno y profesional adecuado para cualquier tienda en l\u00ednea<\/li>\n<li>Totalmente receptivo y optimizado para todos los dispositivos<\/li>\n<li>Compatible con la \u00faltima versi\u00f3n de WooCommerce y WordPress<\/li>\n<li>Constructor de p\u00e1ginas de arrastre y suelto incorporado para una f\u00e1cil personalizaci\u00f3n<\/li>\n<li>Docenas de dise\u00f1os y plantillas prefabricados \u00fanicos proporcionados<\/li>\n<li>Importador de demostraci\u00f3n de un solo clic para configurar f\u00e1cilmente su tienda<\/li>\n<li>Panel de opciones de temas avanzados para a\u00fan m\u00e1s personalizaci\u00f3n<\/li>\n<li>M\u00faltiples estilos de encabezado y pie de p\u00e1gina incluidos<\/li>\n<li>Opciones para fuentes, colores y fondos personalizados<\/li>\n<li>SEO amigable y optimizado para la velocidad<\/li>\n<li>Atenci\u00f3n al cliente 24\/7 para cualquier asistencia necesaria<\/li>\n<\/ul>\n","protected":false},"excerpt":{"rendered":"<p>El URNA, todo en un tema de WordPress de WooCommerce, presenta una resoluci\u00f3n ideal para establecer un sitio web de comercio electr\u00f3nico visualmente cautivador e influyente. Con su dise\u00f1o simplificado y contempor\u00e1neo, este tema ha sido meticulosamente elaborado para ofrecer una funcionalidad y eficiencia \u00f3ptimas para las tiendas virtuales. Abarca una multitud de caracter\u00edsticas avanzadas, que incluyen, entre otros, filtros de productos, mega men\u00fas, listas de deseos y m\u00e1s, facilitando as\u00ed la creaci\u00f3n de una experiencia de compra personalizada para su estimada clientela. Adem\u00e1s, este tema se integra armoniosamente con WooCommerce, otorgando a los usuarios una gesti\u00f3n sin esfuerzo de sus productos, pedidos y pagos. Independientemente de si uno est\u00e1 construyendo una peque\u00f1a boutique en l\u00ednea o una plataforma de comercio electr\u00f3nico expansiva, el URNA, todo en un tema de WordPress de WooCommerce, se considera como el ep\u00edtome de una soluci\u00f3n adecuada para abordar las necesidades tan diversas.<\/p>\n","protected":false},"featured_media":167907,"comment_status":"open","ping_status":"open","template":"","meta":[],"product_brand":[2337],"product_cat":[1263,1264,1237],"product_tag":[1391],"class_list":{"0":"post-111893","1":"product","2":"type-product","3":"status-publish","4":"has-post-thumbnail","6":"product_brand-themeforest","7":"product_cat-comercio-electronico-temas","8":"product_cat-negocio","9":"product_cat-temas","10":"product_tag-themeforest","11":"member-discount","12":"discount-restricted","14":"first","15":"instock","16":"sale","17":"downloadable","18":"virtual","19":"sold-individually","20":"purchasable","21":"product-type-simple"},"_links":{"self":[{"href":"https:\/\/gpl-love.com\/es\/wp-json\/wp\/v2\/product\/111893","targetHints":{"allow":["GET"]}}],"collection":[{"href":"https:\/\/gpl-love.com\/es\/wp-json\/wp\/v2\/product"}],"about":[{"href":"https:\/\/gpl-love.com\/es\/wp-json\/wp\/v2\/types\/product"}],"replies":[{"embeddable":true,"href":"https:\/\/gpl-love.com\/es\/wp-json\/wp\/v2\/comments?post=111893"}],"wp:featuredmedia":[{"embeddable":true,"href":"https:\/\/gpl-love.com\/es\/wp-json\/wp\/v2\/media\/167907"}],"wp:attachment":[{"href":"https:\/\/gpl-love.com\/es\/wp-json\/wp\/v2\/media?parent=111893"}],"wp:term":[{"taxonomy":"product_brand","embeddable":true,"href":"https:\/\/gpl-love.com\/es\/wp-json\/wp\/v2\/product_brand?post=111893"},{"taxonomy":"product_cat","embeddable":true,"href":"https:\/\/gpl-love.com\/es\/wp-json\/wp\/v2\/product_cat?post=111893"},{"taxonomy":"product_tag","embeddable":true,"href":"https:\/\/gpl-love.com\/es\/wp-json\/wp\/v2\/product_tag?post=111893"}],"curies":[{"name":"wp","href":"https:\/\/api.w.org\/{rel}","templated":true}]}}