{"id":111891,"date":"2026-02-05T00:00:00","date_gmt":"2026-02-05T05:00:00","guid":{"rendered":"http:\/\/gpl-love.com\/es\/producto\/secupress-pro-premium-wordpress-security-plugin\/"},"modified":"2026-04-10T11:24:16","modified_gmt":"2026-04-10T16:24:16","slug":"secupress-pro-premium-wordpress-security-plugin","status":"publish","type":"product","link":"https:\/\/gpl-love.com\/es\/producto\/secupress-pro-premium-wordpress-security-plugin\/","title":{"rendered":"SecuPress Pro Premium WordPress Security Plugin 2.6"},"content":{"rendered":"<h3>SecuPress Pro Premium WordPress Security Plugin Caracteristicas<\/h3>\n<p>El complemento de seguridad de WordPress SECUPRESS Pro Premium es una soluci\u00f3n extremadamente potente y formidable que otorga a su sitio web de WordPress, una gama integral de funciones de seguridad de vanguardia. Elaborado y dise\u00f1ado con solo la tecnolog\u00eda m\u00e1s avanzada e innovadora, este complemento notable asegura que su sitio web apreciado siga siendo impermeable a un amplio espectro de ataques perniciosos y maliciosos, incluidos, entre otros, ataques de fuerza bruta e inyecciones de c\u00f3digo insidiosas, entre otros. Este complemento extraordinario no solo ofrece una interfaz intuitiva y f\u00e1cil de usar para una usabilidad perfecta, sino que tambi\u00e9n cuenta con un repertorio extenso de caracter\u00edsticas indispensables, como la capacidad de escanear y detectar malware, un firewall robusto para una protecci\u00f3n infalible, as\u00ed como un formidable Mecanismo de protecci\u00f3n de inicio de sesi\u00f3n, entre una cornucopia de otros. Adem\u00e1s, vale la pena mencionar que este complemento impresionante tambi\u00e9n le ofrece una gran cantidad de opciones personalizables para aumentar y optimizar la seguridad de su precioso sitio web. Con la presencia indomable e inquebrantable del complemento Secupress Pro Premium WordPress de seguridad de WordPress, puede disfrutar de la tranquilidad y serenidad de saber que su querido sitio web de WordPress no solo est\u00e1 fortificado y protegido, sino que tambi\u00e9n est\u00e1 protegido de cualquier amenaza potencialmente catastr\u00f3fica que pueda aparecer en el Abismo peligroso del reino digital.<\/p>\n<ul>\n<li>Protecci\u00f3n total para su sitio web de WordPress contra intentos de pirater\u00eda e infecciones por malware<\/li>\n<li>Caracter\u00edsticas de seguridad avanzadas, como protecci\u00f3n de ataque de fuerza bruta, firewall y caracter\u00edsticas anti-spam<\/li>\n<li>Reglas de seguridad personalizables para satisfacer las necesidades espec\u00edficas de su sitio web<\/li>\n<li>Escaneos y actualizaciones regulares para mantener su sitio web seguro y actualizado contra nuevas amenazas<\/li>\n<li>Interfaz f\u00e1cil de usar con informes claros sobre cualquier problema de seguridad detectado<\/li>\n<li>Instalaci\u00f3n r\u00e1pida y f\u00e1cil sin requerido conocimiento de codificaci\u00f3n<\/li>\n<li>Apoyo prioritario del equipo de Secupress para cualquier pregunta o problema<\/li>\n<li>GDPR que cumple con la protecci\u00f3n de datos para usted y sus visitantes<\/li>\n<li>Compatible con m\u00faltiples versiones de WordPress y otros complementos populares.<\/li>\n<li>Copias de seguridad regulares para evitar la p\u00e9rdida de datos o la corrupci\u00f3n en caso de una violaci\u00f3n de seguridad.<\/li>\n<\/ul>\n","protected":false},"excerpt":{"rendered":"<p>SECUPRESS Pro, un complemento de seguridad de alta calidad espec\u00edficamente adaptado para WordPress, ha sido meticulosamente elaborado para proteger su sitio web de una multitud de actividades mal\u00e9volas, como esfuerzos de pirater\u00eda, infiltraciones de malware insidiosas y varias otras amenazas de seguridad perniciosas. Complementado por una variedad de funcionalidades de vanguardia que incluye un firewall impregnable, un esc\u00e1ner de malware astuto, un esc\u00e1ner de vulnerabilidad extenso y un sistema de autenticaci\u00f3n de dos factores indomable, se asegura a la perfecci\u00f3n garantiza la impregnabilidad y la protecci\u00f3n perpetua de su sitio web. Independientemente de si usted es el propietario de un blog diminuto o una plataforma colosal de comercio electr\u00f3nico, Secupres Pro abarca un repertorio exhaustivo de caracter\u00edsticas que aborden todas sus exigencias y preservan efectivamente la santidad y la seguridad de su dominio en l\u00ednea. En consecuencia, si anhela un sentido incomparable de tranquilidad y fortificaci\u00f3n integral para su estimado sitio de WordPress, el curso de acci\u00f3n m\u00e1s sabio ser\u00eda seleccionar sin vacilar a SECURPRESS Pro como su compa\u00f1ero de seguridad sin m\u00e1s pre\u00e1mbulos.<\/p>\n","protected":false},"featured_media":167443,"comment_status":"open","ping_status":"open","template":"","meta":[],"product_brand":[2554],"product_cat":[1212,1206,1211],"product_tag":[1805],"class_list":{"0":"post-111891","1":"product","2":"type-product","3":"status-publish","4":"has-post-thumbnail","6":"product_brand-secupress","7":"product_cat-administracion-wordpress-plugins","8":"product_cat-plugins","9":"product_cat-wordpress-plugins","10":"product_tag-secupress","11":"member-discount","12":"discount-restricted","14":"first","15":"instock","16":"sale","17":"downloadable","18":"virtual","19":"sold-individually","20":"purchasable","21":"product-type-simple"},"_links":{"self":[{"href":"https:\/\/gpl-love.com\/es\/wp-json\/wp\/v2\/product\/111891","targetHints":{"allow":["GET"]}}],"collection":[{"href":"https:\/\/gpl-love.com\/es\/wp-json\/wp\/v2\/product"}],"about":[{"href":"https:\/\/gpl-love.com\/es\/wp-json\/wp\/v2\/types\/product"}],"replies":[{"embeddable":true,"href":"https:\/\/gpl-love.com\/es\/wp-json\/wp\/v2\/comments?post=111891"}],"wp:featuredmedia":[{"embeddable":true,"href":"https:\/\/gpl-love.com\/es\/wp-json\/wp\/v2\/media\/167443"}],"wp:attachment":[{"href":"https:\/\/gpl-love.com\/es\/wp-json\/wp\/v2\/media?parent=111891"}],"wp:term":[{"taxonomy":"product_brand","embeddable":true,"href":"https:\/\/gpl-love.com\/es\/wp-json\/wp\/v2\/product_brand?post=111891"},{"taxonomy":"product_cat","embeddable":true,"href":"https:\/\/gpl-love.com\/es\/wp-json\/wp\/v2\/product_cat?post=111891"},{"taxonomy":"product_tag","embeddable":true,"href":"https:\/\/gpl-love.com\/es\/wp-json\/wp\/v2\/product_tag?post=111891"}],"curies":[{"name":"wp","href":"https:\/\/api.w.org\/{rel}","templated":true}]}}