{"id":111889,"date":"2021-02-09T00:00:00","date_gmt":"2021-02-09T05:00:00","guid":{"rendered":"http:\/\/gpl-love.com\/es\/producto\/droow-ajax-portfolio-wordpress-theme\/"},"modified":"2026-03-13T17:19:31","modified_gmt":"2026-03-13T22:19:31","slug":"droow-ajax-portfolio-wordpress-theme","status":"publish","type":"product","link":"https:\/\/gpl-love.com\/es\/producto\/droow-ajax-portfolio-wordpress-theme\/","title":{"rendered":"Droow Ajax Portfolio WordPress Theme 1.2.0"},"content":{"rendered":"<h3>Droow Ajax Portfolio WordPress Theme Caracteristicas<\/h3>\n<p>Reconocido por su funcionalidad excepcional, el tema Droow Ajax Portfolio WordPress sirve como una herramienta invaluable para las personas en los campos de la fotograf\u00eda, el arte y las profesiones creativas. Con un dise\u00f1o pr\u00edstino y contempor\u00e1neo, este tema permite a los usuarios mostrar su trabajo de una manera visualmente llamativa. Aprovechando el poder de la tecnolog\u00eda Ajax, el tema Droow garantiza una experiencia de carga perfecta y r\u00e1pida para los visitantes. Adem\u00e1s, el dise\u00f1o receptivo garantiza que su cartera mantenga su impresionante atractivo est\u00e9tico en dispositivos de escritorio y m\u00f3viles. Adem\u00e1s, este tema din\u00e1mico ofrece una variedad de opciones de personalizaci\u00f3n, otorgando a los usuarios la capacidad de elegir entre varios estilos de cartera y una amplia selecci\u00f3n de esquemas de color. Abrace la oportunidad de crear una cartera verdaderamente \u00fanica y personalizada con Droow, ya que sirve como una plataforma para exhibir su creatividad con la m\u00e1xima profesionalidad y compromiso.<\/p>\n<ul>\n<li>Dise\u00f1o de cartera impresionante y moderno<\/li>\n<li>Totalmente receptivo y amigable para m\u00f3viles<\/li>\n<li>F\u00e1cil de usar y personalizar con el constructor de p\u00e1ginas de arrastre y soldado de arrastre incorporado<\/li>\n<li>M\u00faltiples dise\u00f1os de cartera y opciones de estilo<\/li>\n<li>SEO optimizado para ayudar a que su cartera se note<\/li>\n<li>Compatibilidad completa con WooCommerce para una f\u00e1cil venta en l\u00ednea<\/li>\n<li>Actualizaciones de por vida y soporte profesional incluidos<\/li>\n<li>Integraci\u00f3n de redes sociales para mostrar su trabajo en todas las plataformas<\/li>\n<li>Construido con los \u00faltimos est\u00e1ndares de codificaci\u00f3n HTML5 y CSS3<\/li>\n<li>Carga ligera y r\u00e1pida para una experiencia de usuario \u00f3ptima.<\/li>\n<\/ul>\n","protected":false},"excerpt":{"rendered":"<p>Droow es un tema de WordPress de cartera de Ajax premium que es ideal para creativos, trabajadores independientes y agencias. Este tema est\u00e1 dise\u00f1ado para mostrar su trabajo de la manera m\u00e1s visualmente atractiva, con un dise\u00f1o f\u00e1cil de usar, de arrastrar y soltar. La funci\u00f3n de cartera de AJAX permite transiciones elegantes y un aspecto limpio, agregando un toque profesional a su cartera en l\u00ednea. Es altamente personalizable, lo que significa que puede modificarlo para que coincida perfectamente con su marca y estilo \u00fanico. Con Droow, tambi\u00e9n disfrutar\u00e1 de una integraci\u00f3n perfecta con todos los complementos populares de WordPress. Este tema est\u00e1 dise\u00f1ado para ayudarlo a destacar entre la multitud, atraer clientes potenciales y mostrar efectivamente su trabajo.<\/p>\n","protected":false},"featured_media":165827,"comment_status":"open","ping_status":"open","template":"","meta":[],"product_brand":[2337],"product_cat":[1267,1237,1238],"product_tag":[1391],"class_list":{"0":"post-111889","1":"product","2":"type-product","3":"status-publish","4":"has-post-thumbnail","6":"product_brand-themeforest","7":"product_cat-creativo","8":"product_cat-temas","9":"product_cat-wordpress-temas","10":"product_tag-themeforest","11":"member-discount","12":"discount-restricted","14":"first","15":"instock","16":"sale","17":"downloadable","18":"virtual","19":"sold-individually","20":"purchasable","21":"product-type-simple"},"_links":{"self":[{"href":"https:\/\/gpl-love.com\/es\/wp-json\/wp\/v2\/product\/111889","targetHints":{"allow":["GET"]}}],"collection":[{"href":"https:\/\/gpl-love.com\/es\/wp-json\/wp\/v2\/product"}],"about":[{"href":"https:\/\/gpl-love.com\/es\/wp-json\/wp\/v2\/types\/product"}],"replies":[{"embeddable":true,"href":"https:\/\/gpl-love.com\/es\/wp-json\/wp\/v2\/comments?post=111889"}],"wp:featuredmedia":[{"embeddable":true,"href":"https:\/\/gpl-love.com\/es\/wp-json\/wp\/v2\/media\/165827"}],"wp:attachment":[{"href":"https:\/\/gpl-love.com\/es\/wp-json\/wp\/v2\/media?parent=111889"}],"wp:term":[{"taxonomy":"product_brand","embeddable":true,"href":"https:\/\/gpl-love.com\/es\/wp-json\/wp\/v2\/product_brand?post=111889"},{"taxonomy":"product_cat","embeddable":true,"href":"https:\/\/gpl-love.com\/es\/wp-json\/wp\/v2\/product_cat?post=111889"},{"taxonomy":"product_tag","embeddable":true,"href":"https:\/\/gpl-love.com\/es\/wp-json\/wp\/v2\/product_tag?post=111889"}],"curies":[{"name":"wp","href":"https:\/\/api.w.org\/{rel}","templated":true}]}}