{"id":111887,"date":"2025-12-28T00:00:00","date_gmt":"2025-12-28T05:00:00","guid":{"rendered":"http:\/\/gpl-love.com\/es\/producto\/donation-for-woocommerce\/"},"modified":"2026-03-09T07:27:48","modified_gmt":"2026-03-09T12:27:48","slug":"donation-for-woocommerce","status":"publish","type":"product","link":"https:\/\/gpl-love.com\/es\/producto\/donation-for-woocommerce\/","title":{"rendered":"Donation For WooCommerce 3.9.8"},"content":{"rendered":"<h3>Donation For WooCommerce Caracteristicas<\/h3>\n<p>La donaci\u00f3n para WooCommerce, un complemento robusto, otorga a los propietarios de la tienda en l\u00ednea la capacidad de aceptar donaciones en sus sitios web. Al emplear este complemento, los clientes pueden contribuir convenientemente a sus organizaciones ben\u00e9ficas favoritas simplemente agregando un monto de donaci\u00f3n a su carrito de compras. El complemento ofrece formularios de donaci\u00f3n personalizables que se pueden agregar sin esfuerzo a cualquier p\u00e1gina o publicaci\u00f3n a trav\u00e9s de la utilizaci\u00f3n de c\u00f3digos cortos o widgets. Adem\u00e1s, abarca una variedad de pasarelas de pago, como PayPal, Stripe y Authorize.net, facilitando as\u00ed a los clientes a donar a trav\u00e9s de su m\u00e9todo de pago preferido. Gracias a la donaci\u00f3n para WooCommerce, los propietarios de tiendas pueden monitorear y administrar todas las donaciones desde un tablero solitario, racionalizando as\u00ed el proceso de seguimiento de las contribuciones y garantizando su asignaci\u00f3n adecuada. Sin lugar a dudas, este complemento se destaca como una herramienta indispensable para cualquier propietario de la tienda de WooCommerce que aspire a ejercer una influencia positiva tanto en su clientela como en la sociedad en general.<\/p>\n<ul>\n<li>Acepte donaciones sin problemas a trav\u00e9s de su tienda WooCommerce<\/li>\n<li>Personalizar las cantidades de donaci\u00f3n y configurar donaciones recurrentes<\/li>\n<li>Rastrear y administrar f\u00e1cilmente las donaciones en su panel de control de WooCommerce<\/li>\n<li>Env\u00ede autom\u00e1ticamente los recibos de donaci\u00f3n a los donantes<\/li>\n<li>Aumentar la participaci\u00f3n del cliente dando la opci\u00f3n de donar durante el pago<\/li>\n<li>Elija entre varias pasarelas de pago para procesar donaciones de forma segura<\/li>\n<li>Totalmente integrado con WooCommerce, por lo que no se requieren configuraciones o instalaciones adicionales<\/li>\n<li>Configurar sin esfuerzo una p\u00e1gina de donaci\u00f3n en su sitio web sin ninguna habilidad de codificaci\u00f3n<\/li>\n<li>Fomentar el intercambio social permitiendo que los donantes compartan su contribuci\u00f3n en las redes sociales<\/li>\n<li>Aumente su impacto caritativo y cree una experiencia positiva para el cliente.<\/li>\n<\/ul>\n","protected":false},"excerpt":{"rendered":"<p>Muestre su lado altruista con nuestra donaci\u00f3n para el complemento WooCommerce. Este software potente y f\u00e1cil de usar se integra sin esfuerzo con su tienda WooCommerce, lo que le permite aceptar donaciones de sus clientes. Ya sea que est\u00e9 recaudando dinero para una organizaci\u00f3n ben\u00e9fica, financiando un proyecto o simplemente buscando soporte adicional para su negocio, este complemento optimiza el proceso de donaci\u00f3n. Las caracter\u00edsticas clave incluyen cantidades de donaci\u00f3n personalizables, recompensas de donantes opcionales y compatibilidad completa con todos los temas de WooCommerce. Aumente sus ingresos y construya relaciones con los clientes m\u00e1s fuertes con nuestra donaci\u00f3n para el complemento de WooCommerce.<\/p>\n","protected":false},"featured_media":165802,"comment_status":"open","ping_status":"open","template":"","meta":[],"product_brand":[2344],"product_cat":[1207,1248,1206],"product_tag":[1423],"class_list":{"0":"post-111887","1":"product","2":"type-product","3":"status-publish","4":"has-post-thumbnail","6":"product_brand-woocommerce","7":"product_cat-comercio-electronico-plugins","8":"product_cat-personalizacion-comercio-electronico-plugins","9":"product_cat-plugins","10":"product_tag-woocommerce","11":"member-discount","12":"discount-restricted","14":"first","15":"instock","16":"sale","17":"downloadable","18":"virtual","19":"sold-individually","20":"purchasable","21":"product-type-simple"},"_links":{"self":[{"href":"https:\/\/gpl-love.com\/es\/wp-json\/wp\/v2\/product\/111887","targetHints":{"allow":["GET"]}}],"collection":[{"href":"https:\/\/gpl-love.com\/es\/wp-json\/wp\/v2\/product"}],"about":[{"href":"https:\/\/gpl-love.com\/es\/wp-json\/wp\/v2\/types\/product"}],"replies":[{"embeddable":true,"href":"https:\/\/gpl-love.com\/es\/wp-json\/wp\/v2\/comments?post=111887"}],"wp:featuredmedia":[{"embeddable":true,"href":"https:\/\/gpl-love.com\/es\/wp-json\/wp\/v2\/media\/165802"}],"wp:attachment":[{"href":"https:\/\/gpl-love.com\/es\/wp-json\/wp\/v2\/media?parent=111887"}],"wp:term":[{"taxonomy":"product_brand","embeddable":true,"href":"https:\/\/gpl-love.com\/es\/wp-json\/wp\/v2\/product_brand?post=111887"},{"taxonomy":"product_cat","embeddable":true,"href":"https:\/\/gpl-love.com\/es\/wp-json\/wp\/v2\/product_cat?post=111887"},{"taxonomy":"product_tag","embeddable":true,"href":"https:\/\/gpl-love.com\/es\/wp-json\/wp\/v2\/product_tag?post=111887"}],"curies":[{"name":"wp","href":"https:\/\/api.w.org\/{rel}","templated":true}]}}