{"id":111885,"date":"2025-12-29T00:00:00","date_gmt":"2025-12-29T05:00:00","guid":{"rendered":"http:\/\/gpl-love.com\/es\/producto\/fullevents-event-plugin-wordpress\/"},"modified":"2026-03-09T07:36:34","modified_gmt":"2026-03-09T12:36:34","slug":"fullevents-event-plugin-wordpress","status":"publish","type":"product","link":"https:\/\/gpl-love.com\/es\/producto\/fullevents-event-plugin-wordpress\/","title":{"rendered":"FullEvents Event Plugin WordPress 1.3.2"},"content":{"rendered":"<h3>FullEvents Event Plugin WordPress Caracteristicas<\/h3>\n<p>Fullevents es un complemento de eventos extraordinario dise\u00f1ado espec\u00edficamente para WordPress, que atiende a la gesti\u00f3n hol\u00edstica y la exhibici\u00f3n de eventos. Este notable complemento ofrece a los usuarios una soluci\u00f3n integral y abarrotable para crear, organizar y exhibir eventos sin esfuerzo en su sitio web. Con Fullevents, los usuarios est\u00e1n equipados con una gran cantidad de herramientas y funcionalidades esenciales, permiti\u00e9ndoles generar eventos sin problemas, incorporar horarios, identificar ubicaciones espec\u00edficas y adornar sus p\u00e1ginas de eventos con detalles intrincados. Adem\u00e1s, este complemento excepcional permite a los usuarios la capacidad de adaptar finamente el dise\u00f1o y el dise\u00f1o de sus p\u00e1ginas de eventos, asegurando una integraci\u00f3n armoniosa con el tema general de su sitio web. Adem\u00e1s, Fullevents trasciende el \u00e1mbito de los complementos de eventos est\u00e1ndar al endurgar a los usuarios con una gran cantidad de caracter\u00edsticas y capacidades avanzadas, incluida la administraci\u00f3n de eventos recurrentes, registro de eventos simplificado y ventas de entradas eficientes. Si se encuentra en busca de un complemento de eventos integral, f\u00e1cil de usar e inmersivo para WordPress, no busque m\u00e1s que Fullevents, ya que es una opci\u00f3n inigualable en su dominio.<\/p>\n<ul>\n<li>Crear y publicar sin esfuerzo listados de eventos personalizados en su sitio de WordPress<\/li>\n<li>Aproveche una variedad de opciones de visualizaci\u00f3n de eventos para que coincida con el aspecto de su sitio<\/li>\n<li>Personalice el formulario de env\u00edo de eventos para capturar la informaci\u00f3n que necesita de los asistentes<\/li>\n<li>Genere autom\u00e1ticamente las vistas de calendario de los pr\u00f3ximos eventos<\/li>\n<li>Administre f\u00e1cilmente los eventos desde el tablero de WordPress, incluida la edici\u00f3n y eliminaci\u00f3n de eventos seg\u00fan sea necesario<\/li>\n<li>Permitir que los asistentes al evento se registren y compren boletos directamente a trav\u00e9s de su sitio.<\/li>\n<li>Las opciones de procesamiento de pagos integradas eliminan la molestia de la venta de boletos<\/li>\n<li>Obtenga informaci\u00f3n valiosa sobre la asistencia e ingresos de eventos con caracter\u00edsticas de informes incorporados<\/li>\n<li>Comparta r\u00e1pidamente eventos en las redes sociales con botones de intercambio social f\u00e1ciles de usar<\/li>\n<li>Disfrute de soporte receptivo y actualizaciones regulares de complementos para garantizar la m\u00e1xima funcionalidad y compatibilidad con la \u00faltima versi\u00f3n de WordPress.<\/li>\n<\/ul>\n","protected":false},"excerpt":{"rendered":"<p>El complemento de eventos Fullevents es una herramienta incre\u00edblemente robusta y eficiente que se ha desarrollado espec\u00edficamente para los sitios web de WordPress. Su prop\u00f3sito principal es proporcionar a los usuarios una forma perfecta y conveniente de administrar y mostrar de manera efectiva los pr\u00f3ximos eventos, durante una interfaz f\u00e1cil de usar. El complemento de eventos de FulLevents ofrece una amplia gama de caracter\u00edsticas que contribuyen a su funcionalidad general, como la capacidad de crear sin esfuerzo m\u00faltiples eventos, establecer fechas y tiempos precisos, designar lugares, incorporar descripciones detalladas e im\u00e1genes cautivadoras, e incluso facilitar la venta de entradas a trav\u00e9s de sus Integraci\u00f3n perfecta con la popular plataforma WooCommerce. Adem\u00e1s, el complemento cuenta con un notable nivel de personalizaci\u00f3n, lo que permite a los usuarios adaptar la representaci\u00f3n visual de sus eventos para alinearse sin problemas con el dise\u00f1o general y la est\u00e9tica de su sitio web de WordPress. Ya sea que est\u00e9 organizando una reuni\u00f3n modesta o un evento de gran escala, el complemento de eventos de Fullevents posee todas las herramientas y recursos necesarios para garantizar que su evento no solo sea exitoso, sino que tambi\u00e9n sea realmente memorable.<\/p>\n","protected":false},"featured_media":166168,"comment_status":"open","ping_status":"open","template":"","meta":[],"product_brand":[2339],"product_cat":[1214,1206,1211],"product_tag":[1256],"class_list":{"0":"post-111885","1":"product","2":"type-product","3":"status-publish","4":"has-post-thumbnail","6":"product_brand-codecanyon","7":"product_cat-personalizacion","8":"product_cat-plugins","9":"product_cat-wordpress-plugins","10":"product_tag-codecanyon","11":"member-discount","12":"discount-restricted","14":"first","15":"instock","16":"sale","17":"downloadable","18":"virtual","19":"sold-individually","20":"purchasable","21":"product-type-simple"},"_links":{"self":[{"href":"https:\/\/gpl-love.com\/es\/wp-json\/wp\/v2\/product\/111885","targetHints":{"allow":["GET"]}}],"collection":[{"href":"https:\/\/gpl-love.com\/es\/wp-json\/wp\/v2\/product"}],"about":[{"href":"https:\/\/gpl-love.com\/es\/wp-json\/wp\/v2\/types\/product"}],"replies":[{"embeddable":true,"href":"https:\/\/gpl-love.com\/es\/wp-json\/wp\/v2\/comments?post=111885"}],"wp:featuredmedia":[{"embeddable":true,"href":"https:\/\/gpl-love.com\/es\/wp-json\/wp\/v2\/media\/166168"}],"wp:attachment":[{"href":"https:\/\/gpl-love.com\/es\/wp-json\/wp\/v2\/media?parent=111885"}],"wp:term":[{"taxonomy":"product_brand","embeddable":true,"href":"https:\/\/gpl-love.com\/es\/wp-json\/wp\/v2\/product_brand?post=111885"},{"taxonomy":"product_cat","embeddable":true,"href":"https:\/\/gpl-love.com\/es\/wp-json\/wp\/v2\/product_cat?post=111885"},{"taxonomy":"product_tag","embeddable":true,"href":"https:\/\/gpl-love.com\/es\/wp-json\/wp\/v2\/product_tag?post=111885"}],"curies":[{"name":"wp","href":"https:\/\/api.w.org\/{rel}","templated":true}]}}