{"id":111883,"date":"2026-03-04T00:00:00","date_gmt":"2026-03-04T05:00:00","guid":{"rendered":"http:\/\/gpl-love.com\/es\/producto\/kadence-pro-premium-addon-for-the-kadence-theme\/"},"modified":"2026-03-09T07:45:08","modified_gmt":"2026-03-09T12:45:08","slug":"kadence-pro-premium-addon-for-the-kadence-theme","status":"publish","type":"product","link":"https:\/\/gpl-love.com\/es\/producto\/kadence-pro-premium-addon-for-the-kadence-theme\/","title":{"rendered":"Kadence Tema Pro Addon 1.1.19"},"content":{"rendered":"<h3>Kadence Tema Pro Addon Caracteristicas<\/h3>\n<p>Para aquellas personas que utilizan el tema de Kadence para su sitio web, la adquisici\u00f3n del complemento Kadence Pro Premium es absolutamente esencial. Este complemento excepcional ofrece una gran cantidad de caracter\u00edsticas robustas que sirven para mejorar tanto el dise\u00f1o como la funcionalidad de su sitio web, lo que le permite superar la competencia. Las inclusiones notables abarcan el altamente influyente constructor de encabezados y pies de p\u00e1gina, opciones de tipograf\u00eda avanzada, as\u00ed como una integraci\u00f3n perfecta con WooCommerce, entre muchos otros. Al utilizar el complemento Kadence Pro Premium, podr\u00e1 crear sin esfuerzo un sitio web que exude profesionalismo, represente efectivamente su marca y cautiven a su p\u00fablico objetivo. Independientemente de si usted es un blogger o un empresario que opera un negocio en l\u00ednea, este complemento sirve como la soluci\u00f3n definitiva para elevar su sitio web a nuevas alturas.<\/p>\n<ul>\n<li>Un complemento premium para el tema Kadence, dise\u00f1ado para mejorar la funcionalidad y las caracter\u00edsticas del tema<\/li>\n<li>Ofrece opciones de personalizaci\u00f3n avanzada y herramientas para que los usuarios creen sitios web \u00fanicos de grado profesional con facilidad<\/li>\n<li>Incluye una variedad de plantillas y elementos de dise\u00f1o preconstruidos para ayudar a optimizar el proceso de desarrollo del sitio web<\/li>\n<li>Cuenta con un poderoso constructor de encabezados y pies de p\u00e1gina, lo que permite a los usuarios crear encabezados y pies de p\u00e1gina totalmente personalizados sin requerido ning\u00fan conocimiento de codificaci\u00f3n<\/li>\n<li>Proporciona acceso a una gran cantidad de m\u00f3dulos adicionales, como carruseles, galer\u00edas de im\u00e1genes, testimonios y m\u00e1s, para agregar inter\u00e9s visual y funcionalidad a las p\u00e1ginas web<\/li>\n<li>Incluye opciones de estilo avanzado, como fuentes personalizadas y tipograf\u00eda, esquemas de color y configuraciones de espaciado, para ayudar a los usuarios a crear dise\u00f1os visualmente convincentes.<\/li>\n<li>Ofrece integraci\u00f3n con complementos populares de terceros, como los formularios de WooCommerce y Gravity, para extender a\u00fan m\u00e1s la funcionalidad del sitio web<\/li>\n<li>Dise\u00f1ados para ser completamente receptivos, asegurando que los sitios web creados con Kadence Pro Premium se vean muy bien en todos los tama\u00f1os y dispositivos de pantalla.<\/li>\n<\/ul>\n","protected":false},"excerpt":{"rendered":"<p>El complemento Kadence Pro Premium sirve como una mejora altamente adecuada e impecable para el tema de Kadence, proporcionando a los usuarios una gran cantidad de caracter\u00edsticas sofisticadas y una extensa gama de opciones de personalizaci\u00f3n que est\u00e1n destinadas a saciar sus requisitos. Al incorporar este complemento, uno est\u00e1 facultado para fabricar sitios web est\u00e9ticamente agradables e impecablemente funcionales. Algunas de las caracter\u00edsticas por excelencia y notables que implica Kadence Pro abarcan, pero no se limitan a un repertorio aumentado y adornado de opciones tipogr\u00e1ficas, la capacidad de implementar y manipular efectos de desplazamiento avanzados, la provisi\u00f3n de dise\u00f1o a medida, la capacidad de mantener y afeccionar y afilar ciertos elementos a una pantalla, y una profusi\u00f3n de otros atributos encomiables. Independientemente de si uno es un blogger ardiente y prol\u00edfico, un emprendedor floreciente y floreciente, o un dise\u00f1ador web altamente calificado y creativo, Kadence Pro indudablemente sirve como una soluci\u00f3n \u00f3ptima y por excelencia para elevar el dise\u00f1o del sitio web de uno a alturas sin precedentes y sin paralelas.<\/p>\n","protected":false},"featured_media":166542,"comment_status":"open","ping_status":"open","template":"","meta":[],"product_brand":[2364],"product_cat":[1214,1206,1211],"product_tag":[1804],"class_list":{"0":"post-111883","1":"product","2":"type-product","3":"status-publish","4":"has-post-thumbnail","6":"product_brand-kadence-wp","7":"product_cat-personalizacion","8":"product_cat-plugins","9":"product_cat-wordpress-plugins","10":"product_tag-kadence-wp","11":"member-discount","12":"discount-restricted","14":"first","15":"instock","16":"sale","17":"downloadable","18":"virtual","19":"sold-individually","20":"purchasable","21":"product-type-simple"},"_links":{"self":[{"href":"https:\/\/gpl-love.com\/es\/wp-json\/wp\/v2\/product\/111883","targetHints":{"allow":["GET"]}}],"collection":[{"href":"https:\/\/gpl-love.com\/es\/wp-json\/wp\/v2\/product"}],"about":[{"href":"https:\/\/gpl-love.com\/es\/wp-json\/wp\/v2\/types\/product"}],"replies":[{"embeddable":true,"href":"https:\/\/gpl-love.com\/es\/wp-json\/wp\/v2\/comments?post=111883"}],"wp:featuredmedia":[{"embeddable":true,"href":"https:\/\/gpl-love.com\/es\/wp-json\/wp\/v2\/media\/166542"}],"wp:attachment":[{"href":"https:\/\/gpl-love.com\/es\/wp-json\/wp\/v2\/media?parent=111883"}],"wp:term":[{"taxonomy":"product_brand","embeddable":true,"href":"https:\/\/gpl-love.com\/es\/wp-json\/wp\/v2\/product_brand?post=111883"},{"taxonomy":"product_cat","embeddable":true,"href":"https:\/\/gpl-love.com\/es\/wp-json\/wp\/v2\/product_cat?post=111883"},{"taxonomy":"product_tag","embeddable":true,"href":"https:\/\/gpl-love.com\/es\/wp-json\/wp\/v2\/product_tag?post=111883"}],"curies":[{"name":"wp","href":"https:\/\/api.w.org\/{rel}","templated":true}]}}