{"id":111881,"date":"2022-06-11T00:00:00","date_gmt":"2022-06-11T05:00:00","guid":{"rendered":"http:\/\/gpl-love.com\/es\/producto\/barberry-modern-woocommerce-theme\/"},"modified":"2026-03-13T17:16:22","modified_gmt":"2026-03-13T22:16:22","slug":"barberry-modern-woocommerce-theme","status":"publish","type":"product","link":"https:\/\/gpl-love.com\/es\/producto\/barberry-modern-woocommerce-theme\/","title":{"rendered":"Barberry Modern WooCommerce Theme 2.9.9.1"},"content":{"rendered":"<h3>Barberry Modern WooCommerce Theme Caracteristicas<\/h3>\n<p>El tema de Barberry Modern WooCommerce presenta una asombrosa plantilla de sitio web de comercio electr\u00f3nico que cuenta con elementos de dise\u00f1o sofisticados y de vanguardia. Equipado con un dise\u00f1o receptivo, este tema se ha optimizado meticulosamente para un rendimiento sin problemas en todos los dispositivos, ya sea escritorios, tabletas o tel\u00e9fonos m\u00f3viles. La pura simplicidad y la est\u00e9tica refinada de su dise\u00f1o sirven para acentuar los productos y sus caracter\u00edsticas notables, elevando la experiencia general de compra para los usuarios. Adem\u00e1s, este tema ofrece una amplia gama de opciones de personalizaci\u00f3n, que van desde esquemas de color vers\u00e1tiles hasta diversas fuentes y dise\u00f1os, lo que empodera a los propietarios de las tiendas para personalizar sin esfuerzo la identidad visual de su emporio en l\u00ednea. Caterando a una amplia gama de industrias, incluidas la moda, la electr\u00f3nica y la decoraci\u00f3n del hogar, el tema de WooCommerce moderno de Barberry permite que su tienda emerja como un jugador prominente, gracias a su dise\u00f1o y funcionalidad contempor\u00e1nea.<\/p>\n<ul>\n<li>Dise\u00f1o elegante y moderno para tiendas en l\u00ednea impulsadas por WooCommerce<\/li>\n<li>Totalmente receptivo, compatible con todos los dispositivos y tama\u00f1os de pantalla<\/li>\n<li>Opciones de personalizaci\u00f3n m\u00faltiples para mayor flexibilidad y personalizaci\u00f3n<\/li>\n<li>Builder de p\u00e1gina de arrastrar y soltar f\u00e1ciles de usar para la construcci\u00f3n de sitios web sin esfuerzo<\/li>\n<li>Demostraciones preconstruidas para diferentes nichos como electr\u00f3nica, moda, fitness y m\u00e1s<\/li>\n<li>Optimizaci\u00f3n de SEO incorporada para una mejor visibilidad y clasificaci\u00f3n del motor de b\u00fasqueda<\/li>\n<li>Atenci\u00f3n al cliente r\u00e1pida y confiable para asistencia con cualquier problema o pregunta<\/li>\n<li>Actualizaciones regulares para mejorar la funcionalidad y la compatibilidad<\/li>\n<li>Integraci\u00f3n con complementos populares como MailChimp y Yoast SEO.<\/li>\n<\/ul>\n","protected":false},"excerpt":{"rendered":"<p>Descubra el poder de la versatilidad con el tema de WooCommerce moderno de Barberry. Este tema innovador est\u00e1 dise\u00f1ado para que su tienda en l\u00ednea se destaque con sus caracter\u00edsticas personalizables y una est\u00e9tica elegante y moderna. Responde, asegurando una experiencia de compra perfecta sin importar el dispositivo. La integraci\u00f3n de WooCommerce simplifica el proceso de configuraci\u00f3n y administraci\u00f3n de su tienda en l\u00ednea. Barberry tambi\u00e9n ofrece complementos premium, agregando funcionalidad adicional y mejorando la experiencia del cliente. El tema est\u00e1 listo para la retina, proporcionando una resoluci\u00f3n clara de cristal en todas las pantallas de alta definici\u00f3n. Con el beneficio adicional del cumplimiento de GDPR, tiene la garant\u00eda de cumplir con todas las regulaciones de privacidad de datos. El tema tambi\u00e9n incluye un mega men\u00fa incorporado para una f\u00e1cil navegaci\u00f3n, facilitando una interfaz f\u00e1cil de usar. Este tema est\u00e1 dise\u00f1ado para brindarle todas las herramientas necesarias para construir una tienda en l\u00ednea exitosa. Aproveche al m\u00e1ximo su aventura de comercio electr\u00f3nico con el tema de WooCommerce moderno de Barberry.<\/p>\n","protected":false},"featured_media":165456,"comment_status":"open","ping_status":"open","template":"","meta":[],"product_brand":[2337],"product_cat":[1263,1469,1237],"product_tag":[1391],"class_list":{"0":"post-111881","1":"product","2":"type-product","3":"status-publish","4":"has-post-thumbnail","6":"product_brand-themeforest","7":"product_cat-comercio-electronico-temas","8":"product_cat-creativo-comercio-electronico-temas","9":"product_cat-temas","10":"product_tag-themeforest","11":"member-discount","12":"discount-restricted","14":"first","15":"instock","16":"sale","17":"downloadable","18":"virtual","19":"sold-individually","20":"purchasable","21":"product-type-simple"},"_links":{"self":[{"href":"https:\/\/gpl-love.com\/es\/wp-json\/wp\/v2\/product\/111881","targetHints":{"allow":["GET"]}}],"collection":[{"href":"https:\/\/gpl-love.com\/es\/wp-json\/wp\/v2\/product"}],"about":[{"href":"https:\/\/gpl-love.com\/es\/wp-json\/wp\/v2\/types\/product"}],"replies":[{"embeddable":true,"href":"https:\/\/gpl-love.com\/es\/wp-json\/wp\/v2\/comments?post=111881"}],"wp:featuredmedia":[{"embeddable":true,"href":"https:\/\/gpl-love.com\/es\/wp-json\/wp\/v2\/media\/165456"}],"wp:attachment":[{"href":"https:\/\/gpl-love.com\/es\/wp-json\/wp\/v2\/media?parent=111881"}],"wp:term":[{"taxonomy":"product_brand","embeddable":true,"href":"https:\/\/gpl-love.com\/es\/wp-json\/wp\/v2\/product_brand?post=111881"},{"taxonomy":"product_cat","embeddable":true,"href":"https:\/\/gpl-love.com\/es\/wp-json\/wp\/v2\/product_cat?post=111881"},{"taxonomy":"product_tag","embeddable":true,"href":"https:\/\/gpl-love.com\/es\/wp-json\/wp\/v2\/product_tag?post=111881"}],"curies":[{"name":"wp","href":"https:\/\/api.w.org\/{rel}","templated":true}]}}