{"id":111879,"date":"2021-12-17T00:00:00","date_gmt":"2021-12-17T05:00:00","guid":{"rendered":"http:\/\/gpl-love.com\/es\/producto\/point-finder-directory-and-listing-wordpress-theme\/"},"modified":"2026-03-13T17:27:36","modified_gmt":"2026-03-13T22:27:36","slug":"point-finder-directory-and-listing-wordpress-theme","status":"publish","type":"product","link":"https:\/\/gpl-love.com\/es\/producto\/point-finder-directory-and-listing-wordpress-theme\/","title":{"rendered":"Point Finder Directory y Listing WordPress Theme 2.0.2"},"content":{"rendered":"<h3>Point Finder Directory y Listing WordPress Theme Caracteristicas<\/h3>\n<p>El directorio de Finder de puntos y el tema de WordPress, dotado de su impecable combinaci\u00f3n de sofisticaci\u00f3n y contemporaneidad, se manifiesta como un instrumento excepcionalmente eficaz para el establecimiento de directorios y listados en l\u00ednea profesionales y amigables con el uso de usuarios incomparables. En virtud de su dise\u00f1o est\u00e9ticamente agradable y de vanguardia, este tema sirve como una plataforma ejemplar para la exposici\u00f3n y promoci\u00f3n de negocios, propiedades, eventos y una gran cantidad de otras empresas. Emitiendo con una multitud de atributos encomiables, este tema facilita la personalizaci\u00f3n perfecta y la gesti\u00f3n eficiente de su directorio, cortes\u00eda de su funcionalidad de b\u00fasqueda avanzada, campos personalizados y capacidades de registro e inicio de sesi\u00f3n de usuarios. Adem\u00e1s, con su integraci\u00f3n perfecta de m\u00faltiples pasarelas de pago y compatibilidad con complementos distinguidos como WooCommerce, el tema del buscador de puntos es alto a medida que la soluci\u00f3n por excelencia para las personas que buscan engendrar un directorio o listado en l\u00ednea robusto e incomparable.<\/p>\n<ul>\n<li>Dise\u00f1o limpio y moderno para una f\u00e1cil personalizaci\u00f3n<\/li>\n<li>Sistema de gesti\u00f3n de listados f\u00e1ciles de usar<\/li>\n<li>Opciones de b\u00fasqueda y filtro personalizables para la comodidad del usuario<\/li>\n<li>M\u00faltiples dise\u00f1os de p\u00e1gina de inicio y p\u00e1gina interior para elegir<\/li>\n<li>Dise\u00f1o amigable para SEO para una mejor visibilidad del motor de b\u00fasqueda<\/li>\n<li>Compatible con complementos populares como WooCommerce y el Formulario de contacto 7<\/li>\n<li>Carga r\u00e1pida y receptiva para una experiencia de usuario \u00f3ptima<\/li>\n<li>Opciones para revisiones de usuarios y calificaciones de listados<\/li>\n<li>Capacidad para monetizar a trav\u00e9s de listados destacados y espacios publicitarios<\/li>\n<li>Documentaci\u00f3n integral y servicio \u00fatil al cliente.<\/li>\n<\/ul>\n","protected":false},"excerpt":{"rendered":"<p>Point Finder es un tema de WordPress excepcional e influyente para directorios y listados, adaptado para permitirle establecer directorios y listados en l\u00ednea integrales y con todas las funciones para cualquier campo o industria especializada. Su interfaz es f\u00e1cil de usar e intuitiva, lo que permite una navegaci\u00f3n sin esfuerzo. Adem\u00e1s, sus filtros de b\u00fasqueda avanzados y sus opciones de dise\u00f1o personalizables contribuyen a la creaci\u00f3n de directorios visualmente cautivadores y f\u00e1ciles de usar, que est\u00e1n obligados a cautivar a sus visitantes.<\/p>\n","protected":false},"featured_media":167232,"comment_status":"open","ping_status":"open","template":"","meta":[],"product_brand":[2337],"product_cat":[1307,1237,1238],"product_tag":[1391],"class_list":{"0":"post-111879","1":"product","2":"type-product","3":"status-publish","4":"has-post-thumbnail","6":"product_brand-themeforest","7":"product_cat-negocio-wordpress-temas","8":"product_cat-temas","9":"product_cat-wordpress-temas","10":"product_tag-themeforest","11":"member-discount","12":"discount-restricted","14":"first","15":"instock","16":"sale","17":"downloadable","18":"virtual","19":"sold-individually","20":"purchasable","21":"product-type-simple"},"_links":{"self":[{"href":"https:\/\/gpl-love.com\/es\/wp-json\/wp\/v2\/product\/111879","targetHints":{"allow":["GET"]}}],"collection":[{"href":"https:\/\/gpl-love.com\/es\/wp-json\/wp\/v2\/product"}],"about":[{"href":"https:\/\/gpl-love.com\/es\/wp-json\/wp\/v2\/types\/product"}],"replies":[{"embeddable":true,"href":"https:\/\/gpl-love.com\/es\/wp-json\/wp\/v2\/comments?post=111879"}],"wp:featuredmedia":[{"embeddable":true,"href":"https:\/\/gpl-love.com\/es\/wp-json\/wp\/v2\/media\/167232"}],"wp:attachment":[{"href":"https:\/\/gpl-love.com\/es\/wp-json\/wp\/v2\/media?parent=111879"}],"wp:term":[{"taxonomy":"product_brand","embeddable":true,"href":"https:\/\/gpl-love.com\/es\/wp-json\/wp\/v2\/product_brand?post=111879"},{"taxonomy":"product_cat","embeddable":true,"href":"https:\/\/gpl-love.com\/es\/wp-json\/wp\/v2\/product_cat?post=111879"},{"taxonomy":"product_tag","embeddable":true,"href":"https:\/\/gpl-love.com\/es\/wp-json\/wp\/v2\/product_tag?post=111879"}],"curies":[{"name":"wp","href":"https:\/\/api.w.org\/{rel}","templated":true}]}}