{"id":111877,"date":"2022-06-01T00:00:00","date_gmt":"2022-06-01T05:00:00","guid":{"rendered":"http:\/\/gpl-love.com\/es\/producto\/fat-event-wordpress-event-and-calendar-booking\/"},"modified":"2026-03-09T07:34:41","modified_gmt":"2026-03-09T12:34:41","slug":"fat-event-wordpress-event-and-calendar-booking","status":"publish","type":"product","link":"https:\/\/gpl-love.com\/es\/producto\/fat-event-wordpress-event-and-calendar-booking\/","title":{"rendered":"FAT Event WordPress Event y Calendar Booking 5.9"},"content":{"rendered":"<h3>FAT Event WordPress Event y Calendar Booking Caracteristicas<\/h3>\n<p>El evento Fat Event WordPress y la reserva de calendario es un sistema integral y f\u00e1cil de usar que ha sido meticulosamente elaborado para satisfacer las necesidades de los organizadores y gerentes del evento. Esta herramienta excepcional permite a los usuarios crear y administrar sin esfuerzo varios eventos, programar fechas meticulosamente y establecer sin esfuerzo opciones de reserva y pago. Una de las caracter\u00edsticas destacadas de este notable sistema es su funcionalidad calendario personalizable, que se integra perfectamente con su sitio de WordPress, lo que le permite mostrar y resaltar sin esfuerzo sus pr\u00f3ximos eventos y actividades atractivas. Adem\u00e1s, este notable sistema tambi\u00e9n ofrece una gran cantidad de opciones de venta de boletos, que incluyen pasarelas de pago de renombre como PayPal y Stripe, as\u00ed como la provisi\u00f3n de pagos fuera de l\u00ednea. Esta notable flexibilidad en \u00faltima instancia le impede administrar eficientemente todos los aspectos de las reservas y pagos. En \u00faltima instancia, el evento Fat Event WordPress y la reserva de calendario se destacan como una herramienta verdaderamente excepcional que cuenta con una interfaz de usuario intuitiva y un conjunto robusto de funcionalidades, lo que lo convierte en un activo indispensable para cualquier persona que busque optimizar y optimizar su proceso de gesti\u00f3n de eventos.<\/p>\n<ul>\n<li>Permite una gesti\u00f3n f\u00e1cil de eventos y reservas en un sitio de WordPress<\/li>\n<li>Se integra con el calendario de Google para la sincronizaci\u00f3n perfecta<\/li>\n<li>Ofrece p\u00e1ginas de eventos personalizables y formularios de reserva para usuarios<\/li>\n<li>Proporciona varias opciones de pago para reservas, incluidos PayPal y Stripe<\/li>\n<li>Admite m\u00faltiples tipos de boletos y descuentos para eventos<\/li>\n<li>Env\u00eda correos electr\u00f3nicos de confirmaci\u00f3n autom\u00e1tica a los usuarios despu\u00e9s de la reserva y el pago<\/li>\n<li>Permite a los organizadores de eventos administrar a los asistentes, ver estad\u00edsticas de reserva y exportar listas de asistentes<\/li>\n<li>Ofrece un dise\u00f1o receptivo y un dise\u00f1o amigable para dispositivos m\u00f3viles para una experiencia de usuario \u00f3ptima<\/li>\n<li>Proporciona documentaci\u00f3n y soporte detallados para una f\u00e1cil implementaci\u00f3n y uso.<\/li>\n<\/ul>\n","protected":false},"excerpt":{"rendered":"<p>El evento Fat Event WordPress Event and Calendar Booking es una herramienta excepcional y altamente efectiva que proporciona una soluci\u00f3n integral para la gesti\u00f3n perfecta de eventos y reservas. Su interfaz es incre\u00edblemente f\u00e1cil de usar, lo que hace que sea f\u00e1cil que los usuarios creen y supervisen eventos, establezcan estructuras de precios y recopilen eficientemente pagos. Adem\u00e1s, este complemento abarca una notable vista de calendario, facilitando el seguimiento de eventos sin esfuerzo y la gesti\u00f3n de reservas eficientes. Independientemente de si est\u00e1 organizando un evento elaborado y de gran escala o una reuni\u00f3n m\u00e1s \u00edntima, el evento Fat Event WordPress y el complemento de reserva de calendario poseen una amplia gama de caracter\u00edsticas que est\u00e1n perfectamente adaptadas para optimizar y optimizar sus procedimientos de planificaci\u00f3n y reserva de eventos.<\/p>\n","protected":false},"featured_media":166093,"comment_status":"open","ping_status":"open","template":"","meta":[],"product_brand":[2339],"product_cat":[1214,1206,1211],"product_tag":[1256],"class_list":{"0":"post-111877","1":"product","2":"type-product","3":"status-publish","4":"has-post-thumbnail","6":"product_brand-codecanyon","7":"product_cat-personalizacion","8":"product_cat-plugins","9":"product_cat-wordpress-plugins","10":"product_tag-codecanyon","11":"member-discount","12":"discount-restricted","14":"first","15":"instock","16":"sale","17":"downloadable","18":"virtual","19":"sold-individually","20":"purchasable","21":"product-type-simple"},"_links":{"self":[{"href":"https:\/\/gpl-love.com\/es\/wp-json\/wp\/v2\/product\/111877","targetHints":{"allow":["GET"]}}],"collection":[{"href":"https:\/\/gpl-love.com\/es\/wp-json\/wp\/v2\/product"}],"about":[{"href":"https:\/\/gpl-love.com\/es\/wp-json\/wp\/v2\/types\/product"}],"replies":[{"embeddable":true,"href":"https:\/\/gpl-love.com\/es\/wp-json\/wp\/v2\/comments?post=111877"}],"wp:featuredmedia":[{"embeddable":true,"href":"https:\/\/gpl-love.com\/es\/wp-json\/wp\/v2\/media\/166093"}],"wp:attachment":[{"href":"https:\/\/gpl-love.com\/es\/wp-json\/wp\/v2\/media?parent=111877"}],"wp:term":[{"taxonomy":"product_brand","embeddable":true,"href":"https:\/\/gpl-love.com\/es\/wp-json\/wp\/v2\/product_brand?post=111877"},{"taxonomy":"product_cat","embeddable":true,"href":"https:\/\/gpl-love.com\/es\/wp-json\/wp\/v2\/product_cat?post=111877"},{"taxonomy":"product_tag","embeddable":true,"href":"https:\/\/gpl-love.com\/es\/wp-json\/wp\/v2\/product_tag?post=111877"}],"curies":[{"name":"wp","href":"https:\/\/api.w.org\/{rel}","templated":true}]}}