{"id":111873,"date":"2022-03-19T00:00:00","date_gmt":"2022-03-19T05:00:00","guid":{"rendered":"http:\/\/gpl-love.com\/es\/producto\/the-simple-business-wordpress-theme\/"},"modified":"2026-04-10T11:27:34","modified_gmt":"2026-04-10T16:27:34","slug":"the-simple-business-wordpress-theme","status":"publish","type":"product","link":"https:\/\/gpl-love.com\/es\/producto\/the-simple-business-wordpress-theme\/","title":{"rendered":"The Simple Business WordPress Theme 2.8.0"},"content":{"rendered":"<h3>The Simple Business WordPress Theme Caracteristicas<\/h3>\n<p>El tema simple de WordPress empresarial, con su apariencia est\u00e9ticamente agradable y pulida, es una opci\u00f3n ideal para empresas diminutivas o individuos visionarios que anhelan establecer una presencia virtual. Su dise\u00f1o simplista no solo facilita el recorrido sin esfuerzo, sino que tambi\u00e9n muestra efectivamente su contenido. Adem\u00e1s, este tema cuenta con capacidades de personalizaci\u00f3n completas y abarca una variedad de caracter\u00edsticas ventajosas, incluidas plantillas predise\u00f1adas, widgets hechos a medida y un dise\u00f1o receptivo que se adapta perfectamente a cada dispositivo. Adem\u00e1s, se acompa\u00f1a de un mecanismo de optimizaci\u00f3n de SEO incorporado, que agiliza el proceso de alcanzar una clasificaci\u00f3n m\u00e1s alta en varios motores de b\u00fasqueda. En su totalidad, el simple tema de WordPress de negocios de negocios representa una elecci\u00f3n excepcional para aquellos que buscan un tema de calidad superior y f\u00e1cil de usar para su sitio web orientado a los negocios.<\/p>\n<ul>\n<li>Un dise\u00f1o elegante y moderno, perfecto para cualquier sitio web comercial<\/li>\n<li>Totalmente personalizable con una variedad de opciones de color y dise\u00f1o<\/li>\n<li>Respondida a dispositivos m\u00f3viles y optimizado para velocidades de carga r\u00e1pidas<\/li>\n<li>Incluye un creador de p\u00e1ginas de arrastre y suelto f\u00e1cil de usar<\/li>\n<li>M\u00faltiples opciones de p\u00e1gina de inicio para elegir, que incluyen un control deslizante de pantalla completa y una imagen est\u00e1tica<\/li>\n<li>Formulario de contacto incorporado e integraci\u00f3n de mapas para una f\u00e1cil comunicaci\u00f3n del cliente<\/li>\n<li>Integraci\u00f3n con complementos populares como WooCommerce y el Formulario de contacto 7<\/li>\n<li>SEO optimizado para clasificaciones de motores de b\u00fasqueda m\u00e1s altos<\/li>\n<li>Documentaci\u00f3n \u00fatil y atenci\u00f3n al cliente para una f\u00e1cil configuraci\u00f3n y uso.<\/li>\n<\/ul>\n","protected":false},"excerpt":{"rendered":"<p>El simple tema de WordPress de negocios, adornado con una est\u00e9tica elegante y moderna, ha sido meticulosamente elaborado para servir como una plataforma para exhibir su marca o marca personal de manera cautivadora. Su dise\u00f1o minimalista, junto con sus esquemas de color personalizables y caracter\u00edsticas f\u00e1ciles de usar, permite incluso aquellos desprovistos de experiencia en codificaci\u00f3n para curar sin esfuerzo un sitio web que exude la profesionalidad. El tema cuenta con una variedad de plantillas predise\u00f1adas para p\u00e1ginas esenciales como sobre, servicios y contacto, al tiempo que proporciona opciones para mostrar perfectamente su cartera o contenido de blog. Como es receptivo y optimizado para la visibilidad del motor de b\u00fasqueda, el tema de WordPress empresarial simple surge como una opci\u00f3n excepcional para las personas que buscan elevar su presencia en l\u00ednea a alturas sin precedentes.<\/p>\n","protected":false},"featured_media":167715,"comment_status":"open","ping_status":"open","template":"","meta":[],"product_brand":[2337],"product_cat":[1307,1237,1238],"product_tag":[1391],"class_list":{"0":"post-111873","1":"product","2":"type-product","3":"status-publish","4":"has-post-thumbnail","6":"product_brand-themeforest","7":"product_cat-negocio-wordpress-temas","8":"product_cat-temas","9":"product_cat-wordpress-temas","10":"product_tag-themeforest","11":"member-discount","12":"discount-restricted","14":"first","15":"instock","16":"sale","17":"downloadable","18":"virtual","19":"sold-individually","20":"purchasable","21":"product-type-simple"},"_links":{"self":[{"href":"https:\/\/gpl-love.com\/es\/wp-json\/wp\/v2\/product\/111873","targetHints":{"allow":["GET"]}}],"collection":[{"href":"https:\/\/gpl-love.com\/es\/wp-json\/wp\/v2\/product"}],"about":[{"href":"https:\/\/gpl-love.com\/es\/wp-json\/wp\/v2\/types\/product"}],"replies":[{"embeddable":true,"href":"https:\/\/gpl-love.com\/es\/wp-json\/wp\/v2\/comments?post=111873"}],"wp:featuredmedia":[{"embeddable":true,"href":"https:\/\/gpl-love.com\/es\/wp-json\/wp\/v2\/media\/167715"}],"wp:attachment":[{"href":"https:\/\/gpl-love.com\/es\/wp-json\/wp\/v2\/media?parent=111873"}],"wp:term":[{"taxonomy":"product_brand","embeddable":true,"href":"https:\/\/gpl-love.com\/es\/wp-json\/wp\/v2\/product_brand?post=111873"},{"taxonomy":"product_cat","embeddable":true,"href":"https:\/\/gpl-love.com\/es\/wp-json\/wp\/v2\/product_cat?post=111873"},{"taxonomy":"product_tag","embeddable":true,"href":"https:\/\/gpl-love.com\/es\/wp-json\/wp\/v2\/product_tag?post=111873"}],"curies":[{"name":"wp","href":"https:\/\/api.w.org\/{rel}","templated":true}]}}