{"id":111869,"date":"2024-10-04T00:00:00","date_gmt":"2024-10-04T05:00:00","guid":{"rendered":"http:\/\/gpl-love.com\/es\/producto\/kera-fashion-elementor-woocommerce-theme\/"},"modified":"2026-03-13T17:23:08","modified_gmt":"2026-03-13T22:23:08","slug":"kera-fashion-elementor-woocommerce-theme","status":"publish","type":"product","link":"https:\/\/gpl-love.com\/es\/producto\/kera-fashion-elementor-woocommerce-theme\/","title":{"rendered":"Kera Fashion Elementor WooCommerce Theme 1.2.16"},"content":{"rendered":"<h3>Kera Fashion Elementor WooCommerce Theme Caracteristicas<\/h3>\n<p>El tema de Kera Fashion Elementor WooCommerce se presenta como una soluci\u00f3n sofisticada y contempor\u00e1nea de comercio electr\u00f3nico adaptada espec\u00edficamente para minoristas de moda. Su integraci\u00f3n con la plataforma WooCommerce ampliamente popular, combinada con la funcionalidad f\u00e1cil de usar y sin problemas del Elementor Page Builder, lo convierte en un esfuerzo sin esfuerzo para exhibir sus productos y generar ventas sustanciales. Este tema ofrece una gran cantidad de p\u00e1ginas y plantillas predise\u00f1adas, lo que le brinda la conveniencia de establecer r\u00e1pidamente una tienda en l\u00ednea pulida y profesional. Adem\u00e1s, cuenta con un encabezado y pie de p\u00e1gina totalmente personalizable, junto con una variedad de widgets y complementos que sirven para aumentar la funcionalidad general de su sitio web. Independientemente de si opera una peque\u00f1a boutique o una empresa de moda a gran escala, el tema de Kera Fashion Elementor WooCommerce es una opci\u00f3n excepcional para cualquier persona que busque construir una tienda en l\u00ednea visualmente llamativa y de primera categor\u00eda.<\/p>\n<ul>\n<li>Un tema visualmente impresionante y moderno para su tienda de moda en l\u00ednea<\/li>\n<li>Construido espec\u00edficamente para su uso con Elementor y WooCommerce, asegurando la facilidad de personalizaci\u00f3n y funcionalidad<\/li>\n<li>M\u00faltiples plantillas de p\u00e1gina preconstruidas, incluida la p\u00e1gina de inicio, la categor\u00eda de productos, los detalles del producto y las p\u00e1ginas de pago<\/li>\n<li>Dise\u00f1o totalmente receptivo, lo que permite que su sitio web se vea muy bien en cualquier dispositivo<\/li>\n<li>Optimizado para la clasificaci\u00f3n de motores de b\u00fasqueda, ayudando a los clientes potenciales a encontrar su tienda m\u00e1s f\u00e1cilmente<\/li>\n<li>Integraci\u00f3n con complementos populares de terceros, como Yoast SEO y MailChimp para marketing por correo electr\u00f3nico<\/li>\n<li>Widgets de temporizador emergente de bolet\u00edn personalizable para aumentar las tasas de conversi\u00f3n<\/li>\n<li>Caracter\u00edstica de vista r\u00e1pida de producto incorporado para una experiencia de compra perfecta<\/li>\n<li>Opciones avanzadas de filtrado de productos, lo que permite a los clientes encontrar f\u00e1cilmente los productos espec\u00edficos que buscan<\/li>\n<li>Integraci\u00f3n con m\u00faltiples opciones de pago, como PayPal y Stripe, para transacciones convenientes y seguras.<\/li>\n<\/ul>\n","protected":false},"excerpt":{"rendered":"<p>El tema de Kera Fashion Elementor WooCommerce se destaca como un tema robusto y visualmente cautivador meticulosamente elaborado para satisfacer las necesidades de las tiendas de moda y ropa. Integrando perfectamente el Elementor Page Builder y WooCommerce, este tema ofrece una amplia gama de opciones de personalizaci\u00f3n, proporcionando a los usuarios la libertad de curar escaparates en l\u00ednea impresionantes. Adem\u00e1s, cuenta con una variedad de plantillas de p\u00e1gina predise\u00f1adas y elementos elegantes, lo que permite a los usuarios novatos a la moda sin esfuerzo una tienda que exude profesionalismo en unos minutos. Sin lugar a dudas, el tema de Kera Fashion Elementor WooCommerce sirve como la mejor soluci\u00f3n para las personas que buscan elevar su tienda minorista de moda a nuevas alturas.<\/p>\n","protected":false},"featured_media":166548,"comment_status":"open","ping_status":"open","template":"","meta":[],"product_brand":[2337],"product_cat":[1263,1469,1237],"product_tag":[1391],"class_list":{"0":"post-111869","1":"product","2":"type-product","3":"status-publish","4":"has-post-thumbnail","6":"product_brand-themeforest","7":"product_cat-comercio-electronico-temas","8":"product_cat-creativo-comercio-electronico-temas","9":"product_cat-temas","10":"product_tag-themeforest","11":"member-discount","12":"discount-restricted","14":"first","15":"instock","16":"sale","17":"downloadable","18":"virtual","19":"sold-individually","20":"purchasable","21":"product-type-simple"},"_links":{"self":[{"href":"https:\/\/gpl-love.com\/es\/wp-json\/wp\/v2\/product\/111869","targetHints":{"allow":["GET"]}}],"collection":[{"href":"https:\/\/gpl-love.com\/es\/wp-json\/wp\/v2\/product"}],"about":[{"href":"https:\/\/gpl-love.com\/es\/wp-json\/wp\/v2\/types\/product"}],"replies":[{"embeddable":true,"href":"https:\/\/gpl-love.com\/es\/wp-json\/wp\/v2\/comments?post=111869"}],"wp:featuredmedia":[{"embeddable":true,"href":"https:\/\/gpl-love.com\/es\/wp-json\/wp\/v2\/media\/166548"}],"wp:attachment":[{"href":"https:\/\/gpl-love.com\/es\/wp-json\/wp\/v2\/media?parent=111869"}],"wp:term":[{"taxonomy":"product_brand","embeddable":true,"href":"https:\/\/gpl-love.com\/es\/wp-json\/wp\/v2\/product_brand?post=111869"},{"taxonomy":"product_cat","embeddable":true,"href":"https:\/\/gpl-love.com\/es\/wp-json\/wp\/v2\/product_cat?post=111869"},{"taxonomy":"product_tag","embeddable":true,"href":"https:\/\/gpl-love.com\/es\/wp-json\/wp\/v2\/product_tag?post=111869"}],"curies":[{"name":"wp","href":"https:\/\/api.w.org\/{rel}","templated":true}]}}