{"id":111865,"date":"2021-08-08T00:00:00","date_gmt":"2021-08-08T05:00:00","guid":{"rendered":"http:\/\/gpl-love.com\/es\/producto\/mobimax-auto-parts-wordpress-theme-and-woocommerce-shop\/"},"modified":"2026-04-10T11:16:48","modified_gmt":"2026-04-10T16:16:48","slug":"mobimax-auto-parts-wordpress-theme-and-woocommerce-shop","status":"publish","type":"product","link":"https:\/\/gpl-love.com\/es\/producto\/mobimax-auto-parts-wordpress-theme-and-woocommerce-shop\/","title":{"rendered":"Mobimax Auto Parts WordPress Tema y WooCommerce Shop 4.5"},"content":{"rendered":"<h3>Mobimax Auto Parts WordPress Tema y WooCommerce Shop Caracteristicas<\/h3>\n<p>El tema de WordPress de Mobimax Auto Parts y WooCommerce Shop es una soluci\u00f3n excepcional para las personas que buscan establecer una tienda en l\u00ednea dedicada a piezas y accesorios automotrices. Este tema se adapta espec\u00edficamente para satisfacer las necesidades \u00fanicas de la industria automotriz y muestra un dise\u00f1o exquisito y contempor\u00e1neo que est\u00e1 garantizado para cautivar a los clientes potenciales. Con sus atributos f\u00e1ciles de usar, incluido un conveniente constructor de p\u00e1ginas de arrastrar y soltar y widgets personalizables, la construcci\u00f3n de un sitio web sofisticado y pulido nunca ha sido m\u00e1s f\u00e1cil. Adem\u00e1s, la integraci\u00f3n de WooCommerce le permite administrar sin esfuerzo varios aspectos de su tienda en l\u00ednea, desde el control de inventario hasta la gesti\u00f3n de pedidos y el procesamiento de pagos. Adem\u00e1s, este tema cuenta con una variedad de caracter\u00edsticas impresionantes, como una herramienta pr\u00e1ctica de comparaci\u00f3n de productos, un filtro de productos altamente eficiente y una opci\u00f3n de vista r\u00e1pida conveniente, todo lo cual facilita la navegaci\u00f3n sin problemas y la experiencia de b\u00fasqueda de productos simplificada para sus valiosos clientes. Para decirlo sucintamente, el tema de WordPress de Auto Parts de Mobimax y la tienda de WooCommerce personifican una soluci\u00f3n integral y abarrotable que garantiza su camino triunfante en el \u00e1mbito de la venta minorista en l\u00ednea para piezas y accesorios automotrices.<\/p>\n<ul>\n<li>Un tema de WordPress de calidad premium dise\u00f1ado para negocios de autopartes<\/li>\n<li>Compatibilidad de WooCommerce para crear un sitio web de comercio electr\u00f3nico con facilidad<\/li>\n<li>Panel de opciones de temas altamente personalizables y f\u00e1ciles de usar<\/li>\n<li>Dise\u00f1o totalmente receptivo para una experiencia de visualizaci\u00f3n \u00f3ptima en todos los dispositivos<\/li>\n<li>M\u00faltiples dise\u00f1os de la p\u00e1gina de inicio para elegir, incluidas un control deslizante o opciones de imagen est\u00e1tica<\/li>\n<li>Dise\u00f1o limpio y moderno para exhibir auto piezas y accesorios<\/li>\n<li>Construido con html5 y css3<\/li>\n<li>F\u00e1cil de instalar y configurar con contenido de demostraci\u00f3n incluido<\/li>\n<li>SEO optimizado para una mejor clasificaci\u00f3n de motores de b\u00fasqueda<\/li>\n<li>Compatible con complementos populares de WordPress como el Formulario de contacto 7, Yoast SEO y m\u00e1s.<\/li>\n<\/ul>\n","protected":false},"excerpt":{"rendered":"<p>El tema de WordPress de Mobimax Auto Parts y la tienda de WooCommerce es, sin duda, la soluci\u00f3n por excelencia de comercio electr\u00f3nico que atiende impecablemente las necesidades de su estimado negocio de autopartes. Con su dise\u00f1o receptivo incomparable, este notable tema se ajusta sin esfuerzo a cualquier dispositivo, asegurando la mayor comodidad para su estimada clientela. Adem\u00e1s, este tema cuenta con una optimizaci\u00f3n excepcional para los motores de b\u00fasqueda, elevando la visibilidad de su sitio web en los vastos reinos del panorama digital.<\/p>\n","protected":false},"featured_media":166794,"comment_status":"open","ping_status":"open","template":"","meta":[],"product_brand":[2337],"product_cat":[1263,1264,1237],"product_tag":[1391],"class_list":{"0":"post-111865","1":"product","2":"type-product","3":"status-publish","4":"has-post-thumbnail","6":"product_brand-themeforest","7":"product_cat-comercio-electronico-temas","8":"product_cat-negocio","9":"product_cat-temas","10":"product_tag-themeforest","11":"member-discount","12":"discount-restricted","14":"first","15":"instock","16":"sale","17":"downloadable","18":"virtual","19":"sold-individually","20":"purchasable","21":"product-type-simple"},"_links":{"self":[{"href":"https:\/\/gpl-love.com\/es\/wp-json\/wp\/v2\/product\/111865","targetHints":{"allow":["GET"]}}],"collection":[{"href":"https:\/\/gpl-love.com\/es\/wp-json\/wp\/v2\/product"}],"about":[{"href":"https:\/\/gpl-love.com\/es\/wp-json\/wp\/v2\/types\/product"}],"replies":[{"embeddable":true,"href":"https:\/\/gpl-love.com\/es\/wp-json\/wp\/v2\/comments?post=111865"}],"wp:featuredmedia":[{"embeddable":true,"href":"https:\/\/gpl-love.com\/es\/wp-json\/wp\/v2\/media\/166794"}],"wp:attachment":[{"href":"https:\/\/gpl-love.com\/es\/wp-json\/wp\/v2\/media?parent=111865"}],"wp:term":[{"taxonomy":"product_brand","embeddable":true,"href":"https:\/\/gpl-love.com\/es\/wp-json\/wp\/v2\/product_brand?post=111865"},{"taxonomy":"product_cat","embeddable":true,"href":"https:\/\/gpl-love.com\/es\/wp-json\/wp\/v2\/product_cat?post=111865"},{"taxonomy":"product_tag","embeddable":true,"href":"https:\/\/gpl-love.com\/es\/wp-json\/wp\/v2\/product_tag?post=111865"}],"curies":[{"name":"wp","href":"https:\/\/api.w.org\/{rel}","templated":true}]}}