{"id":111863,"date":"2023-02-09T00:00:00","date_gmt":"2023-02-09T05:00:00","guid":{"rendered":"http:\/\/gpl-love.com\/es\/producto\/consultix-business-consulting-wordpress-theme\/"},"modified":"2026-03-13T17:18:00","modified_gmt":"2026-03-13T22:18:00","slug":"consultix-business-consulting-wordpress-theme","status":"publish","type":"product","link":"https:\/\/gpl-love.com\/es\/producto\/consultix-business-consulting-wordpress-theme\/","title":{"rendered":"Consultix Business Consulting WordPress Theme 4.0.1"},"content":{"rendered":"<h3>Consultix Business Consulting WordPress Theme Caracteristicas<\/h3>\n<p>El tema de WordPress de Consultix Business Consulting es un tema incre\u00edblemente robusto y multifac\u00e9tico espec\u00edficamente dise\u00f1ado para ayudar a las empresas a establecer una presencia en l\u00ednea formidable. Su dise\u00f1o moderno y profesional lo convierte en la opci\u00f3n perfecta para consultores, agencias y empresas en todas las escalas. Adem\u00e1s, este tema cuenta con una gran cantidad de plantillas de p\u00e1gina predise\u00f1adas que se pueden personalizar sin esfuerzo para alinearse con sus necesidades y preferencias \u00fanicas. Adem\u00e1s de eso, Consultix responde totalmente, asegurando que se vea impecable en todos los dispositivos, y tambi\u00e9n est\u00e1 meticulosamente optimizado para SEO, lo que le permite lograr una clasificaci\u00f3n m\u00e1s alta en las p\u00e1ginas de resultados del motor de b\u00fasqueda. Adem\u00e1s de estas caracter\u00edsticas notables, Consultix incluye una gran cantidad de complementos premium, como Slider Revolution, Visual Composer y Contact Form 7, que facilitan la creaci\u00f3n perfecta de sitios web visualmente llamativos y altamente funcionales. Ya sea que aspira a erigir una cartera cautivadora, cultivar un blog convincente o establecer un pr\u00f3spero sitio de comercio electr\u00f3nico, Consultix posee todas las herramientas y recursos indispensables para facilitar un lanzamiento sin problemas y exitosos.<\/p>\n<ul>\n<li>P\u00e1gina de inicio personalizable con varias secciones y widgets para mostrar sus servicios y experiencia<\/li>\n<li>P\u00e1ginas predise\u00f1adas para diferentes nichos de consultor\u00eda, incluidos finanzas, marketing y recursos humanos<\/li>\n<li>Sistema de reserva de citas incorporada para que los clientes programen reuniones y consultas<\/li>\n<li>El dise\u00f1o receptivo garantiza que su sitio web se vea genial en todos los dispositivos<\/li>\n<li>Panel de administraci\u00f3n intuitivo para una f\u00e1cil personalizaci\u00f3n y gesti\u00f3n de su sitio web<\/li>\n<li>Integraci\u00f3n con complementos populares como el formulario de contacto 7 y WooCommerce<\/li>\n<li>C\u00f3digo amigable para SEO y optimizado para tiempos de carga r\u00e1pidos<\/li>\n<li>Actualizaciones regulares y equipo de soporte dedicado para cualquier problema o pregunta<\/li>\n<li>Importar demostraci\u00f3n de un solo clic para configurar f\u00e1cilmente y llenar su sitio web con contenido<\/li>\n<li>La compatibilidad con varios navegadores garantiza una experiencia consistente para todos los usuarios.<\/li>\n<\/ul>\n","protected":false},"excerpt":{"rendered":"<p>Experimente una mejor transformaci\u00f3n digital con nuestro tema de consultor\u00eda de consultor\u00eda de consultores de WordPress. Este tema premium es una potencia para empresas y empresas de consultor\u00eda con el objetivo de presentar una presencia en l\u00ednea profesional y atractiva. Con Consultix, obtiene acceso a una variedad de caracter\u00edsticas personalizables para adaptar su sitio web a la identidad \u00fanica de su marca. El tema de WordPress incluye una interfaz din\u00e1mica de usuario, un dise\u00f1o receptivo y un marco optimizado de SEO para mejorar su presencia digital. Su integraci\u00f3n perfecta con constructores de p\u00e1ginas populares como Elementor, y la compatibilidad con complementos como WooCommerce, lo convierten en una elecci\u00f3n convincente para las empresas que desean escalar. El tema de Consultix tambi\u00e9n viene con un panel de administraci\u00f3n f\u00e1cil de usar, lo que le permite administrar su sitio de manera efectiva. Eleve su potencial comercial con el tema de consultor\u00eda de consultor\u00eda de consultores consultores.<\/p>\n","protected":false},"featured_media":165654,"comment_status":"open","ping_status":"open","template":"","meta":[],"product_brand":[2337],"product_cat":[1307,1237,1238],"product_tag":[1391],"class_list":{"0":"post-111863","1":"product","2":"type-product","3":"status-publish","4":"has-post-thumbnail","6":"product_brand-themeforest","7":"product_cat-negocio-wordpress-temas","8":"product_cat-temas","9":"product_cat-wordpress-temas","10":"product_tag-themeforest","11":"member-discount","12":"discount-restricted","14":"first","15":"instock","16":"sale","17":"downloadable","18":"virtual","19":"sold-individually","20":"purchasable","21":"product-type-simple"},"_links":{"self":[{"href":"https:\/\/gpl-love.com\/es\/wp-json\/wp\/v2\/product\/111863","targetHints":{"allow":["GET"]}}],"collection":[{"href":"https:\/\/gpl-love.com\/es\/wp-json\/wp\/v2\/product"}],"about":[{"href":"https:\/\/gpl-love.com\/es\/wp-json\/wp\/v2\/types\/product"}],"replies":[{"embeddable":true,"href":"https:\/\/gpl-love.com\/es\/wp-json\/wp\/v2\/comments?post=111863"}],"wp:featuredmedia":[{"embeddable":true,"href":"https:\/\/gpl-love.com\/es\/wp-json\/wp\/v2\/media\/165654"}],"wp:attachment":[{"href":"https:\/\/gpl-love.com\/es\/wp-json\/wp\/v2\/media?parent=111863"}],"wp:term":[{"taxonomy":"product_brand","embeddable":true,"href":"https:\/\/gpl-love.com\/es\/wp-json\/wp\/v2\/product_brand?post=111863"},{"taxonomy":"product_cat","embeddable":true,"href":"https:\/\/gpl-love.com\/es\/wp-json\/wp\/v2\/product_cat?post=111863"},{"taxonomy":"product_tag","embeddable":true,"href":"https:\/\/gpl-love.com\/es\/wp-json\/wp\/v2\/product_tag?post=111863"}],"curies":[{"name":"wp","href":"https:\/\/api.w.org\/{rel}","templated":true}]}}