{"id":111852,"date":"2025-11-27T00:00:00","date_gmt":"2025-11-27T05:00:00","guid":{"rendered":"http:\/\/gpl-love.com\/es\/producto\/wp-file-download-manager-and-cloud-addons\/"},"modified":"2026-03-09T08:28:12","modified_gmt":"2026-03-09T13:28:12","slug":"wp-file-download-manager-and-cloud-addons","status":"publish","type":"product","link":"https:\/\/gpl-love.com\/es\/producto\/wp-file-download-manager-and-cloud-addons\/","title":{"rendered":"WP File Download Manager 6.2.12"},"content":{"rendered":"<h3>WP File Download Manager Caracteristicas<\/h3>\n<p>WP File Download Manager es una herramienta notablemente robusta que otorga a los usuarios la conveniencia de administrar y organizar sus archivos directamente dentro de la plataforma WordPress. Con una interfaz intuitiva y una gran cantidad de opciones personalizables, este complemento ingenioso optimiza efectivamente el intrincado proceso de carga, edici\u00f3n y distribuci\u00f3n de archivos. Al permitir que los usuarios creen categor\u00edas, subcategor\u00edas y etiquetas, WP File Download Manager empodera a las personas para organizar eficientemente sus archivos y localizar sin esfuerzo elementos espec\u00edficos. Adem\u00e1s, este complemento innovador presenta una multitud de opciones de visualizaci\u00f3n, que abarca la red, la lista y la vista de tabla, atendiendo as\u00ed los diversos requisitos de sitios web distintos. En particular, el administrador de descarga de archivos de WP aumenta a\u00fan m\u00e1s la administraci\u00f3n de archivos y eleva la seguridad al ofrecer funciones avanzadas como versiones de archivos, l\u00edmites de descarga y control de acceso al usuario. Independientemente de si est\u00e1 operando un blog personal o un sitio web profesional, WP File Download Manager es inequ\u00edvocamente una herramienta indispensable que simplifica sin esfuerzo el intrincado proceso de manejo de archivos en la plataforma de WordPress.<\/p>\n<ul>\n<li>Administrar y organizar sus descargas de archivos sin esfuerzo en WordPress<\/li>\n<li>Cree categor\u00edas y etiquetas de archivos ilimitados para una f\u00e1cil clasificaci\u00f3n y filtrado<\/li>\n<li>Personalizar completamente los botones de descarga y los enlaces con texto y estilo personalizados<\/li>\n<li>Rastrear estad\u00edsticas de descarga y recibir notificaciones por correo electr\u00f3nico para descargas exitosas<\/li>\n<li>Restringir de forma segura el acceso a los archivos por rol de usuario, protecci\u00f3n de contrase\u00f1a o fecha de vencimiento de archivos<\/li>\n<li>Integrar sin problemas con las pasarelas de pago populares para vender productos digitales<\/li>\n<li>Genere y env\u00ede autom\u00e1ticamente las claves de licencia para los archivos comprados<\/li>\n<li>Mejorar la experiencia del usuario con el dise\u00f1o receptivo y las caracter\u00edsticas con AJAX<\/li>\n<li>Ofrecer m\u00faltiples formatos de archivo y versiones para que los usuarios elijan<\/li>\n<li>Disfrute de soporte dedicado y actualizaciones regulares para una soluci\u00f3n de administraci\u00f3n de descarga confiable.<\/li>\n<\/ul>\n","protected":false},"excerpt":{"rendered":"<p>El WP File Download Manager, un complemento integral de WordPress, sirve como una herramienta multifac\u00e9tica para administrar y organizar efectivamente todo su contenido descargable dentro de una plataforma singular. A trav\u00e9s de su interfaz f\u00e1cil de usar, los usuarios pueden cargar y clasificar r\u00e1pidamente archivos, generar enlaces de descarga y monitorear estad\u00edsticas de descarga. Adem\u00e1s, este complemento se integra perfectamente con servicios de almacenamiento en la nube de renombre como Dropbox y Google Drive, facilitando la administraci\u00f3n sin esfuerzo de archivos considerables. Adem\u00e1s, proporciona opciones de personalizaci\u00f3n avanzadas, como restricciones de acceso, notificaciones por correo electr\u00f3nico y control de versi\u00f3n de archivo. Por lo tanto, ya sea que opere una tienda en l\u00ednea, un sitio de membres\u00eda o simplemente ofrezca recursos invaluables en su sitio web, el Administrador de descargas de archivos WP es una soluci\u00f3n \u00f3ptima para administrar eficientemente su contenido descargable.<\/p>\n","protected":false},"featured_media":168385,"comment_status":"open","ping_status":"open","template":"","meta":[],"product_brand":[2622],"product_cat":[1214,1206,1211],"product_tag":[1493],"class_list":{"0":"post-111852","1":"product","2":"type-product","3":"status-publish","4":"has-post-thumbnail","6":"product_brand-joomunited","7":"product_cat-personalizacion","8":"product_cat-plugins","9":"product_cat-wordpress-plugins","10":"product_tag-joomunited","11":"member-discount","12":"discount-restricted","14":"first","15":"instock","16":"sale","17":"downloadable","18":"virtual","19":"sold-individually","20":"purchasable","21":"product-type-simple"},"_links":{"self":[{"href":"https:\/\/gpl-love.com\/es\/wp-json\/wp\/v2\/product\/111852","targetHints":{"allow":["GET"]}}],"collection":[{"href":"https:\/\/gpl-love.com\/es\/wp-json\/wp\/v2\/product"}],"about":[{"href":"https:\/\/gpl-love.com\/es\/wp-json\/wp\/v2\/types\/product"}],"replies":[{"embeddable":true,"href":"https:\/\/gpl-love.com\/es\/wp-json\/wp\/v2\/comments?post=111852"}],"wp:featuredmedia":[{"embeddable":true,"href":"https:\/\/gpl-love.com\/es\/wp-json\/wp\/v2\/media\/168385"}],"wp:attachment":[{"href":"https:\/\/gpl-love.com\/es\/wp-json\/wp\/v2\/media?parent=111852"}],"wp:term":[{"taxonomy":"product_brand","embeddable":true,"href":"https:\/\/gpl-love.com\/es\/wp-json\/wp\/v2\/product_brand?post=111852"},{"taxonomy":"product_cat","embeddable":true,"href":"https:\/\/gpl-love.com\/es\/wp-json\/wp\/v2\/product_cat?post=111852"},{"taxonomy":"product_tag","embeddable":true,"href":"https:\/\/gpl-love.com\/es\/wp-json\/wp\/v2\/product_tag?post=111852"}],"curies":[{"name":"wp","href":"https:\/\/api.w.org\/{rel}","templated":true}]}}