{"id":111850,"date":"2021-03-23T00:00:00","date_gmt":"2021-03-23T05:00:00","guid":{"rendered":"http:\/\/gpl-love.com\/es\/producto\/contact-form-7-amocrm-integration\/"},"modified":"2026-03-09T07:24:32","modified_gmt":"2026-03-09T12:24:32","slug":"contact-form-7-amocrm-integration","status":"publish","type":"product","link":"https:\/\/gpl-love.com\/es\/producto\/contact-form-7-amocrm-integration\/","title":{"rendered":"Contact Form 7 amoCRM Integration 2.4.9"},"content":{"rendered":"<h3>Contact Form 7 amoCRM Integration Caracteristicas<\/h3>\n<p>La integraci\u00f3n de AMOCRM de contacto de contacto sirve como una herramienta muy potente y eficaz meticulosamente dise\u00f1ada para optimizar y racionalizar los intrincados procesos dentro del \u00e1mbito de la gesti\u00f3n de relaciones con los clientes para las empresas. Esta ingeniosa integraci\u00f3n permite ingeniosamente la transferencia perfecta y armoniosa de datos de clientes invaluables acumulados a trav\u00e9s del estimado Formulario de contacto 7 situado en su sitio web, facilitando as\u00ed su migraci\u00f3n r\u00e1pida y sin esfuerzo a su estimada cuenta de AMOCRM. En virtud de esta ingeniosa automatizaci\u00f3n, se pueden recuperar y asignar grandes cantidades de tiempo precioso y esfuerzo inquebrantable, ya que efectivamente borra la necesidad de una entrada minuciosa de datos manuales. Adem\u00e1s, dentro de la vasta extensi\u00f3n de AMOCRM, uno puede forjar de manera conveniente y exclusiva los campos personalizados dise\u00f1ados para acomodar impecablemente y gobernar diligentemente todos los clientes potenciales entrantes, fomentando as\u00ed un marco organizacional que es estructurado y eficiente. En virtud de la integraci\u00f3n de AMOCRM de contacto incomparable, uno puede estar seguro de que ning\u00fan cliente potencial ser\u00e1 inadvertidamente v\u00edctima de negligencia o supervisi\u00f3n inadvertida, ya que se otorga una atenci\u00f3n meticulosa a cada plomo, lo que garantiza un compromiso inquebrantable para fomentar estas perspectivas y finalmente Fomento del crecimiento empresarial exponencial.<\/p>\n<ul>\n<li>Integra perfectamente el formulario de contacto 7 con amocrm<\/li>\n<li>Env\u00eda autom\u00e1ticamente los env\u00edos de formulario directamente a AmoCrm<\/li>\n<li>Reduce la entrada de datos manuales y mejora la eficiencia<\/li>\n<li>Proporciona generaci\u00f3n y seguimiento de leads en tiempo real<\/li>\n<li>Mapeo personalizable de campos de formulario a los campos de amocrm<\/li>\n<li>Admite m\u00faltiples formularios y dominios<\/li>\n<li>Interfaz simple y f\u00e1cil de usar para la configuraci\u00f3n y la configuraci\u00f3n<\/li>\n<li>No se requieren codificaci\u00f3n o habilidades t\u00e9cnicas<\/li>\n<li>Compatible con WordPress y complementos de Contact Form 7<\/li>\n<li>Permite el seguimiento personalizado y la comunicaci\u00f3n con clientes potenciales<\/li>\n<\/ul>\n","protected":false},"excerpt":{"rendered":"<p>La integraci\u00f3n del Formulario de contacto 7 con AmoCrm crea una conexi\u00f3n poderosa y perfecta que seguramente beneficiar\u00e1 a cualquier negocio. Esta integraci\u00f3n garantiza que toda la informaci\u00f3n de sus formularios de contacto se transfiera autom\u00e1ticamente a su sistema AMOCRM. Esto significa que no hay entrada manual de datos, ahorr\u00e1ndole tiempo y esfuerzo. Le permite administrar todos sus clientes potenciales y datos del cliente de manera m\u00e1s eficiente, tener todo en una sola plataforma f\u00e1cil de usar. Esta integraci\u00f3n tambi\u00e9n presenta una sincronizaci\u00f3n en tiempo real, actualizando su CRM inmediatamente cuando se completa un formulario de contacto. Esto le ayuda a responder r\u00e1pidamente a los clientes potenciales, mejorando su servicio y aumentando sus posibilidades de convertir clientes potenciales. Con el Formulario de contacto 7 y la integraci\u00f3n de AMOCRM, obtiene un sistema CRM simplificado, eficiente y de alto rendimiento que aumenta la productividad y la satisfacci\u00f3n del cliente de su negocio.<\/p>\n","protected":false},"featured_media":165656,"comment_status":"open","ping_status":"open","template":"","meta":[],"product_brand":[2339],"product_cat":[1216,1206,1211],"product_tag":[1256],"class_list":{"0":"post-111850","1":"product","2":"type-product","3":"status-publish","4":"has-post-thumbnail","6":"product_brand-codecanyon","7":"product_cat-formas","8":"product_cat-plugins","9":"product_cat-wordpress-plugins","10":"product_tag-codecanyon","11":"member-discount","12":"discount-restricted","14":"first","15":"instock","16":"sale","17":"downloadable","18":"virtual","19":"sold-individually","20":"purchasable","21":"product-type-simple"},"_links":{"self":[{"href":"https:\/\/gpl-love.com\/es\/wp-json\/wp\/v2\/product\/111850","targetHints":{"allow":["GET"]}}],"collection":[{"href":"https:\/\/gpl-love.com\/es\/wp-json\/wp\/v2\/product"}],"about":[{"href":"https:\/\/gpl-love.com\/es\/wp-json\/wp\/v2\/types\/product"}],"replies":[{"embeddable":true,"href":"https:\/\/gpl-love.com\/es\/wp-json\/wp\/v2\/comments?post=111850"}],"wp:featuredmedia":[{"embeddable":true,"href":"https:\/\/gpl-love.com\/es\/wp-json\/wp\/v2\/media\/165656"}],"wp:attachment":[{"href":"https:\/\/gpl-love.com\/es\/wp-json\/wp\/v2\/media?parent=111850"}],"wp:term":[{"taxonomy":"product_brand","embeddable":true,"href":"https:\/\/gpl-love.com\/es\/wp-json\/wp\/v2\/product_brand?post=111850"},{"taxonomy":"product_cat","embeddable":true,"href":"https:\/\/gpl-love.com\/es\/wp-json\/wp\/v2\/product_cat?post=111850"},{"taxonomy":"product_tag","embeddable":true,"href":"https:\/\/gpl-love.com\/es\/wp-json\/wp\/v2\/product_tag?post=111850"}],"curies":[{"name":"wp","href":"https:\/\/api.w.org\/{rel}","templated":true}]}}