{"id":111848,"date":"2021-03-23T00:00:00","date_gmt":"2021-03-23T05:00:00","guid":{"rendered":"http:\/\/gpl-love.com\/es\/producto\/easy-query-pro-create-a-custom-wordpress-query\/"},"modified":"2026-03-09T07:29:51","modified_gmt":"2026-03-09T12:29:51","slug":"easy-query-pro-create-a-custom-wordpress-query","status":"publish","type":"product","link":"https:\/\/gpl-love.com\/es\/producto\/easy-query-pro-create-a-custom-wordpress-query\/","title":{"rendered":"Easy Query Pro Create a Custom WordPress Query 2.3.1.1"},"content":{"rendered":"<h3>Easy Query Pro Create a Custom WordPress Query Caracteristicas<\/h3>\n<p>Easy Query Pro es un complemento de WordPress notablemente poderoso que permite a los usuarios generar consultas personalizadas sin requisitos de codificaci\u00f3n. A trav\u00e9s de su interfaz intuitiva, las personas pueden filtrar sin esfuerzo su contenido en funci\u00f3n de una amplia gama de criterios, incluido el tipo de publicaci\u00f3n, categor\u00eda, etiquetas, autor, fecha y mucho m\u00e1s. Adem\u00e1s, este complemento ofrece la funcionalidad adicional de clasificar los resultados por relevancia, t\u00edtulo, fecha o cualquier campo personalizado deseado. Al mostrar exclusivamente el contenido que se alinea con los intereses de los usuarios, la consulta f\u00e1cil ayuda a optimizar la relevancia y la eficacia de los sitios web de WordPress. Independientemente de si un individuo es un blogger, vendedor o desarrollador, este complemento invaluable ayuda a ahorrar un tiempo y un esfuerzo considerables al optimizar el proceso de creaci\u00f3n de consultas personalizadas.<\/p>\n<ul>\n<li>Cree consultas personalizadas sin esfuerzo para su sitio de WordPress<\/li>\n<li>Lograr resultados de b\u00fasqueda eficientes y precisos para sus usuarios<\/li>\n<li>Personalice los par\u00e1metros de consulta, los filtros y las opciones de clasificaci\u00f3n<\/li>\n<li>No se requiere conocimiento de codificaci\u00f3n: interfaz f\u00e1cil de usar para crear consultas<\/li>\n<li>Aumentar la participaci\u00f3n y satisfacci\u00f3n del usuario al proporcionar resultados de b\u00fasqueda espec\u00edficos<\/li>\n<li>Mejorar el rendimiento del sitio al reducir las consultas innecesarias de las bases de datos<\/li>\n<li>Compatible con cualquier tema y complemento de WordPress<\/li>\n<li>Continuamente actualizado y respaldado por un equipo de desarrollo dedicado<\/li>\n<li>Ahorre tiempo y recursos racionalizando su proceso de b\u00fasqueda de contenido<\/li>\n<li>Flexible y adaptable para satisfacer las necesidades \u00fanicas de su sitio web.<\/li>\n<\/ul>\n","protected":false},"excerpt":{"rendered":"<p>Easy Query Pro es un complemento de WordPress incre\u00edblemente robusto que ofrece a los usuarios la capacidad de generar consultas personalizadas sin esfuerzo. A trav\u00e9s de su interfaz f\u00e1cil de usar, los individuos pueden personalizar su contenido r\u00e1pida y f\u00e1cilmente y presentarlo de una manera que se alinee con mayor precisi\u00f3n con sus requisitos \u00fanicos. Independientemente de si uno se identifica como blogger, vendedor o desarrollador, Easy Query Pro ofrece una gran cantidad de caracter\u00edsticas que racionalizan el proceso de creaci\u00f3n de consultas de WordPress. Por lo tanto, si aspira a elevar su sitio web a nuevas alturas de excelencia, \u00a1ser\u00eda muy ventajoso probar la consulta f\u00e1cil en su conveniencia antes!<\/p>\n","protected":false},"featured_media":165896,"comment_status":"open","ping_status":"open","template":"","meta":[],"product_brand":[2428],"product_cat":[1214,1206,1211],"product_tag":[1801],"class_list":{"0":"post-111848","1":"product","2":"type-product","3":"status-publish","4":"has-post-thumbnail","6":"product_brand-connekt-media","7":"product_cat-personalizacion","8":"product_cat-plugins","9":"product_cat-wordpress-plugins","10":"product_tag-connekt-media","11":"member-discount","12":"discount-restricted","14":"first","15":"instock","16":"sale","17":"downloadable","18":"virtual","19":"sold-individually","20":"purchasable","21":"product-type-simple"},"_links":{"self":[{"href":"https:\/\/gpl-love.com\/es\/wp-json\/wp\/v2\/product\/111848","targetHints":{"allow":["GET"]}}],"collection":[{"href":"https:\/\/gpl-love.com\/es\/wp-json\/wp\/v2\/product"}],"about":[{"href":"https:\/\/gpl-love.com\/es\/wp-json\/wp\/v2\/types\/product"}],"replies":[{"embeddable":true,"href":"https:\/\/gpl-love.com\/es\/wp-json\/wp\/v2\/comments?post=111848"}],"wp:featuredmedia":[{"embeddable":true,"href":"https:\/\/gpl-love.com\/es\/wp-json\/wp\/v2\/media\/165896"}],"wp:attachment":[{"href":"https:\/\/gpl-love.com\/es\/wp-json\/wp\/v2\/media?parent=111848"}],"wp:term":[{"taxonomy":"product_brand","embeddable":true,"href":"https:\/\/gpl-love.com\/es\/wp-json\/wp\/v2\/product_brand?post=111848"},{"taxonomy":"product_cat","embeddable":true,"href":"https:\/\/gpl-love.com\/es\/wp-json\/wp\/v2\/product_cat?post=111848"},{"taxonomy":"product_tag","embeddable":true,"href":"https:\/\/gpl-love.com\/es\/wp-json\/wp\/v2\/product_tag?post=111848"}],"curies":[{"name":"wp","href":"https:\/\/api.w.org\/{rel}","templated":true}]}}