{"id":111842,"date":"2022-12-09T00:00:00","date_gmt":"2022-12-09T05:00:00","guid":{"rendered":"http:\/\/gpl-love.com\/es\/producto\/pennews-multi-purpose-amp-wordpress-theme\/"},"modified":"2026-04-10T11:21:24","modified_gmt":"2026-04-10T16:21:24","slug":"pennews-multi-purpose-amp-wordpress-theme","status":"publish","type":"product","link":"https:\/\/gpl-love.com\/es\/producto\/pennews-multi-purpose-amp-wordpress-theme\/","title":{"rendered":"PenNews Multi-Purpose AMP WordPress Theme 6.6.4"},"content":{"rendered":"<h3>PenNews Multi-Purpose AMP WordPress Theme Caracteristicas<\/h3>\n<p>El tema de WordPress multiprop\u00f3sito de Pennews no es cualquier herramienta ordinaria; Es una herramienta incre\u00edblemente vers\u00e1til e inmensamente poderosa que ha sido dise\u00f1ada espec\u00edficamente para satisfacer las necesidades de bloggers, editores y sitios web de noticias por igual. Su dise\u00f1o receptivo garantiza que su sitio web se adapte a la perfecci\u00f3n a diferentes tama\u00f1os y dispositivos de pantalla, mientras que sus tiempos de carga de rayo garantizan una experiencia de usuario incomparable que cautiva y retiene a los visitantes, lo que los convierte en devolver una y otra vez.<\/p>\n<p>Independientemente de si se est\u00e1 embarcando en el viaje de construir un blog personal o un sitio de noticias profesional, este tema excepcional ofrece una amplia gama de opciones de personalizaci\u00f3n que se pueden adaptar a sus especificaciones precisas. Desde una multitud de estilos de encabezado y plantillas de p\u00e1gina hasta una variedad de widgets personalizados y formatos de publicaci\u00f3n, Pennews le permite dise\u00f1ar una presencia en l\u00ednea verdaderamente \u00fanica y convincente que lo distingue sin esfuerzo de la competencia.<\/p>\n<p>Adem\u00e1s, el tema se integra perfectamente con Google AMP, una tecnolog\u00eda innovadora que amplifica la velocidad de carga de su contenido en dispositivos m\u00f3viles a un nivel sin precedentes. Al aprovechar el poder de Google AMP, no solo est\u00e1 mejorando la experiencia de navegaci\u00f3n para su audiencia, sino tambi\u00e9n ampliando su alcance a un grupo demogr\u00e1fico m\u00e1s amplio, aumentando en \u00faltima instancia su visibilidad en l\u00ednea y impulsando su \u00e9xito a nuevas alturas.<\/p>\n<ul>\n<li>Tema de WordPress altamente personalizable<\/li>\n<li>Soporte de p\u00e1ginas m\u00f3viles aceleradas (AMP) incorporadas para el rendimiento m\u00f3vil de Lightning-Fast<\/li>\n<li>Dise\u00f1o multiprop\u00f3sito adecuado para una amplia gama de sitios web, que incluyen noticias, blogs, revistas y m\u00e1s<\/li>\n<li>M\u00faltiples dise\u00f1os de p\u00e1gina de inicio y plantillas de publicaci\u00f3n para elegir<\/li>\n<li>Importaci\u00f3n de demostraci\u00f3n de un solo clic para que su sitio se ejecute r\u00e1pidamente<\/li>\n<li>SEO-DATTY CON SCHEMA.ORG INTEGRACI\u00d3N<\/li>\n<li>Constructor de p\u00e1gina de arrastrar y soltar incluido para una f\u00e1cil personalizaci\u00f3n<\/li>\n<li>Dise\u00f1o totalmente receptivo que se ve muy bien en cualquier dispositivo<\/li>\n<li>Opciones publicitarias incorporadas para monetizar su sitio<\/li>\n<li>Compatible con complementos populares como WooCommerce y Formulario de contacto &#8211;<\/li>\n<\/ul>\n","protected":false},"excerpt":{"rendered":"<p>Pennews es un tema de WordPress de Amp notablemente vers\u00e1til y extremadamente robusto que ha sido complejo para satisfacer una multitud de prop\u00f3sitos. Este tema muestra con orgullo un dise\u00f1o completamente receptivo, que otorga a los usuarios la capacidad de seleccionar entre una variedad de dise\u00f1os y widgets personalizables. Adem\u00e1s, Pennews se forta por una variedad de opciones de personalizaci\u00f3n avanzadas y herramientas de construcci\u00f3n de p\u00e1ginas, lo que permite a los usuarios fabricar sin esfuerzo sitios web \u00fanicos que son visualmente llamativos. Ya sea que se identifique como blogger, periodista o comercializador, Pennews es sin duda la elecci\u00f3n por excelencia para cautivar y cautivar de manera efectiva a su audiencia a trav\u00e9s de su fascinante surtido de caracter\u00edsticas din\u00e1micas, animaciones visualmente deslumbrantes y un rendimiento impecablemente optimizado.<\/p>\n","protected":false},"featured_media":167201,"comment_status":"open","ping_status":"open","template":"","meta":[],"product_brand":[2337],"product_cat":[1239,1237,1238],"product_tag":[1391],"class_list":{"0":"post-111842","1":"product","2":"type-product","3":"status-publish","4":"has-post-thumbnail","6":"product_brand-themeforest","7":"product_cat-de-multiples-fines","8":"product_cat-temas","9":"product_cat-wordpress-temas","10":"product_tag-themeforest","11":"member-discount","12":"discount-restricted","14":"first","15":"instock","16":"sale","17":"downloadable","18":"virtual","19":"sold-individually","20":"purchasable","21":"product-type-simple"},"_links":{"self":[{"href":"https:\/\/gpl-love.com\/es\/wp-json\/wp\/v2\/product\/111842","targetHints":{"allow":["GET"]}}],"collection":[{"href":"https:\/\/gpl-love.com\/es\/wp-json\/wp\/v2\/product"}],"about":[{"href":"https:\/\/gpl-love.com\/es\/wp-json\/wp\/v2\/types\/product"}],"replies":[{"embeddable":true,"href":"https:\/\/gpl-love.com\/es\/wp-json\/wp\/v2\/comments?post=111842"}],"wp:featuredmedia":[{"embeddable":true,"href":"https:\/\/gpl-love.com\/es\/wp-json\/wp\/v2\/media\/167201"}],"wp:attachment":[{"href":"https:\/\/gpl-love.com\/es\/wp-json\/wp\/v2\/media?parent=111842"}],"wp:term":[{"taxonomy":"product_brand","embeddable":true,"href":"https:\/\/gpl-love.com\/es\/wp-json\/wp\/v2\/product_brand?post=111842"},{"taxonomy":"product_cat","embeddable":true,"href":"https:\/\/gpl-love.com\/es\/wp-json\/wp\/v2\/product_cat?post=111842"},{"taxonomy":"product_tag","embeddable":true,"href":"https:\/\/gpl-love.com\/es\/wp-json\/wp\/v2\/product_tag?post=111842"}],"curies":[{"name":"wp","href":"https:\/\/api.w.org\/{rel}","templated":true}]}}