{"id":111838,"date":"2026-01-28T00:00:00","date_gmt":"2026-01-28T05:00:00","guid":{"rendered":"http:\/\/gpl-love.com\/es\/producto\/hbook-hotel-booking-system-wordpress-plugin\/"},"modified":"2026-03-09T07:42:07","modified_gmt":"2026-03-09T12:42:07","slug":"hbook-hotel-booking-system-wordpress-plugin","status":"publish","type":"product","link":"https:\/\/gpl-love.com\/es\/producto\/hbook-hotel-booking-system-wordpress-plugin\/","title":{"rendered":"HBook Hotel booking system WordPress Plugin 2.1.5"},"content":{"rendered":"<h3>HBook Hotel booking system WordPress Plugin Caracteristicas<\/h3>\n<p>Hbook, un sistema de WordPress de WordPress altamente impresionante y f\u00e1cil de usar WordPress, sirve como una herramienta notable para los propietarios de hoteles, ya que les permite manejar sin esfuerzo sus reservas y reservas en l\u00ednea. Al ofrecer formularios de reserva personalizables y realizar controles de disponibilidad en tiempo real, asegura que los clientes disfruten de una experiencia de reserva perfecta. Adem\u00e1s, Hbook ofrece a los propietarios de hoteles la capacidad de establecer regulaciones de precios y disponibilidad, administrar efectivamente las reservas e integrarse sin problemas con las pasarelas de pago populares. Su capacidad de respuesta completa garantiza que los clientes puedan reservar convenientemente sus estad\u00edas de cualquier dispositivo que prefieran. En consecuencia, Hbook es una soluci\u00f3n \u00f3ptima para cualquier propietario del hotel que busque optimizar su proceso de reserva y mejorar significativamente sus reservas en l\u00ednea.<\/p>\n<ul>\n<li>Sistema eficiente de reserva de hoteles para sitios web de WordPress<\/li>\n<li>Simplifica las reservas de hoteles tanto para clientes como para el personal del hotel<\/li>\n<li>Proporciona formularios de reserva personalizables y opciones de pago<\/li>\n<li>La interfaz intuitiva permite una f\u00e1cil gesti\u00f3n de la disponibilidad y tarifas de la habitaci\u00f3n<\/li>\n<li>Ofrece m\u00faltiples opciones de cancelaci\u00f3n de reservas y reservas de habitaciones<\/li>\n<li>Proporciona una integraci\u00f3n perfecta con pasarelas de pago populares<\/li>\n<li>Ofrece sincronizaci\u00f3n en tiempo real con calendarios y canales de reserva<\/li>\n<li>Permite reglas y restricciones de reserva personalizadas<\/li>\n<li>Proporciona caracter\u00edsticas completas de informes y an\u00e1lisis para una mejor toma de decisiones<\/li>\n<li>Ofrece soporte de varios idiomas para la base de usuarios globales.<\/li>\n<\/ul>\n","protected":false},"excerpt":{"rendered":"<p>Hbook, que es un complemento de WordPress de WordPress excepcionalmente robusto y eficiente de WordPress, otorga a los usuarios la capacidad de manejar sin esfuerzo varios aspectos, como disponibilidad de habitaciones, precios y reservas. Este notable complemento se fusiona sin problemas con su sitio de WordPress existente, lo que permite a su apreciada clientela a reservar habitaciones convenientemente directamente desde su sitio web. Adem\u00e1s, Hbook cuenta con la inclusi\u00f3n de la integraci\u00f3n de pagos, las notificaciones autom\u00e1ticas por correo electr\u00f3nico y un tablero de tablero de dise\u00f1o intuitivo que facilita la gesti\u00f3n sin esfuerzo de todas las reservas de hotel. Al utilizar Hbook, tiene la oportunidad incomparable de racionalizar su proceso de reserva de hotel, optimizar sus ingresos y ofrecer un servicio al cliente incomparable a sus estimados invitados.<\/p>\n","protected":false},"featured_media":166409,"comment_status":"open","ping_status":"open","template":"","meta":[],"product_brand":[2339],"product_cat":[1214,1206,1211],"product_tag":[1256],"class_list":{"0":"post-111838","1":"product","2":"type-product","3":"status-publish","4":"has-post-thumbnail","6":"product_brand-codecanyon","7":"product_cat-personalizacion","8":"product_cat-plugins","9":"product_cat-wordpress-plugins","10":"product_tag-codecanyon","11":"member-discount","12":"discount-restricted","14":"first","15":"instock","16":"sale","17":"downloadable","18":"virtual","19":"sold-individually","20":"purchasable","21":"product-type-simple"},"_links":{"self":[{"href":"https:\/\/gpl-love.com\/es\/wp-json\/wp\/v2\/product\/111838","targetHints":{"allow":["GET"]}}],"collection":[{"href":"https:\/\/gpl-love.com\/es\/wp-json\/wp\/v2\/product"}],"about":[{"href":"https:\/\/gpl-love.com\/es\/wp-json\/wp\/v2\/types\/product"}],"replies":[{"embeddable":true,"href":"https:\/\/gpl-love.com\/es\/wp-json\/wp\/v2\/comments?post=111838"}],"wp:featuredmedia":[{"embeddable":true,"href":"https:\/\/gpl-love.com\/es\/wp-json\/wp\/v2\/media\/166409"}],"wp:attachment":[{"href":"https:\/\/gpl-love.com\/es\/wp-json\/wp\/v2\/media?parent=111838"}],"wp:term":[{"taxonomy":"product_brand","embeddable":true,"href":"https:\/\/gpl-love.com\/es\/wp-json\/wp\/v2\/product_brand?post=111838"},{"taxonomy":"product_cat","embeddable":true,"href":"https:\/\/gpl-love.com\/es\/wp-json\/wp\/v2\/product_cat?post=111838"},{"taxonomy":"product_tag","embeddable":true,"href":"https:\/\/gpl-love.com\/es\/wp-json\/wp\/v2\/product_tag?post=111838"}],"curies":[{"name":"wp","href":"https:\/\/api.w.org\/{rel}","templated":true}]}}