{"id":111836,"date":"2022-03-12T00:00:00","date_gmt":"2022-03-12T05:00:00","guid":{"rendered":"http:\/\/gpl-love.com\/es\/producto\/arcdeco-architecture-and-interior-design-theme\/"},"modified":"2026-03-13T17:15:50","modified_gmt":"2026-03-13T22:15:50","slug":"arcdeco-architecture-and-interior-design-theme","status":"publish","type":"product","link":"https:\/\/gpl-love.com\/es\/producto\/arcdeco-architecture-and-interior-design-theme\/","title":{"rendered":"Arcdeco Architecture y Interior Design Theme 1.5.5"},"content":{"rendered":"<h3>Arcdeco Architecture y Interior Design Theme Caracteristicas<\/h3>\n<p>Arcdeco, un tema de arquitectura y dise\u00f1o de interiores notablemente modernos y est\u00e9ticamente agradables, es el ep\u00edtome de la excelencia cuando se trata de crear un sitio web que exuda profesionalismo y cautiva visualmente. Con su dise\u00f1o pulido y discreto, Arcdeco sin esfuerzo le permite mostrar su mano de obra incomparable y su variedad de servicios de manera pr\u00edstina y altamente organizada. Al ofrecer una amplia gama de caracter\u00edsticas personalizables, este tema presenta una gran cantidad de opciones de dise\u00f1o, esquemas de color y opciones de tipograf\u00eda, asegurando que su sitio web sea un verdadero reflejo de su identidad de marca, al tiempo que atrae simult\u00e1neamente una afluencia de clientes potenciales. Considerado esencial tanto para dise\u00f1adores independientes individuales como para empresas de dise\u00f1o expansivas, ArcDeco es la soluci\u00f3n integral para todas sus necesidades de construcci\u00f3n de sitios web, lo que le permite elevar su empresa de dise\u00f1o a alturas sin precedentes. Aprovecha la oportunidad hoy y adopta el potencial transformador de Arcdeco para impulsar tu negocio de dise\u00f1o hacia un \u00e9xito y triunfo incomparables.<\/p>\n<ul>\n<li>Arquitectura altamente personalizable y tema de dise\u00f1o de interiores para WordPress<\/li>\n<li>Dise\u00f1o moderno y receptivo con \u00e9nfasis en elementos visuales<\/li>\n<li>Incluye plantillas y secciones preconstruidas para exhibir proyectos de cartera, miembros del equipo y servicios<\/li>\n<li>Viene con una variedad de widgets creativos, que incluyen controles deslizantes, testimonios y alimentos en las redes sociales<\/li>\n<li>Constructor de p\u00e1gina de arrastrar y soltar f\u00e1ciles de usar para crear dise\u00f1os y dise\u00f1os \u00fanicos<\/li>\n<li>Funcionalidad de comercio electr\u00f3nico incorporada para vender productos y servicios relacionados con el dise\u00f1o<\/li>\n<li>SEO optimizado para clasificaciones de motores de b\u00fasqueda m\u00e1s altos<\/li>\n<li>Se integra con complementos populares como Contact Form 7, Yoast SEO y WooCommerce<\/li>\n<li>Actualizado regularmente con correcciones de errores y mejoras de rendimiento<\/li>\n<li>Documentaci\u00f3n extensa y atenci\u00f3n al cliente dedicada para la resoluci\u00f3n de problemas y asistencia de personalizaci\u00f3n.<\/li>\n<\/ul>\n","protected":false},"excerpt":{"rendered":"<p>Da vida a sus visiones arquitect\u00f3nicas con el tema de arquitectura ArcDeco y dise\u00f1o de interiores. Esta poderosa herramienta es la soluci\u00f3n perfecta para arquitectos, dise\u00f1adores de interiores y otros profesionales de la industria. Con ArcDeco, puede mostrar sus proyectos, compartir sus ideas y atraer clientes potenciales. El tema es totalmente receptivo, lo que hace que su sitio web se vea impresionante en cualquier dispositivo. Es amigable con SEO asegurarse de que su negocio obtenga la visibilidad que merece en los motores de b\u00fasqueda. ArcDeco tambi\u00e9n es f\u00e1cil de usar, con un personalizador en vivo que le permite personalizar f\u00e1cilmente su sitio para que se ajuste a su imagen de marca. Adem\u00e1s, est\u00e1 lleno de caracter\u00edsticas sorprendentes como p\u00e1ginas preconstruidas, opciones de tipograf\u00eda avanzada y una amplia gama de esquemas de color. Adem\u00e1s, el tema admite WooCommerce, lo que le facilita vender sus productos o servicios en l\u00ednea. Eleve su arquitectura y negocio de dise\u00f1o de interiores con el tema Arcdeco hoy.<\/p>\n","protected":false},"featured_media":165388,"comment_status":"open","ping_status":"open","template":"","meta":[],"product_brand":[2337],"product_cat":[1381,1237,1238],"product_tag":[1391],"class_list":{"0":"post-111836","1":"product","2":"type-product","3":"status-publish","4":"has-post-thumbnail","6":"product_brand-themeforest","7":"product_cat-bienes-raices","8":"product_cat-temas","9":"product_cat-wordpress-temas","10":"product_tag-themeforest","11":"member-discount","12":"discount-restricted","14":"first","15":"instock","16":"sale","17":"downloadable","18":"virtual","19":"sold-individually","20":"purchasable","21":"product-type-simple"},"_links":{"self":[{"href":"https:\/\/gpl-love.com\/es\/wp-json\/wp\/v2\/product\/111836","targetHints":{"allow":["GET"]}}],"collection":[{"href":"https:\/\/gpl-love.com\/es\/wp-json\/wp\/v2\/product"}],"about":[{"href":"https:\/\/gpl-love.com\/es\/wp-json\/wp\/v2\/types\/product"}],"replies":[{"embeddable":true,"href":"https:\/\/gpl-love.com\/es\/wp-json\/wp\/v2\/comments?post=111836"}],"wp:featuredmedia":[{"embeddable":true,"href":"https:\/\/gpl-love.com\/es\/wp-json\/wp\/v2\/media\/165388"}],"wp:attachment":[{"href":"https:\/\/gpl-love.com\/es\/wp-json\/wp\/v2\/media?parent=111836"}],"wp:term":[{"taxonomy":"product_brand","embeddable":true,"href":"https:\/\/gpl-love.com\/es\/wp-json\/wp\/v2\/product_brand?post=111836"},{"taxonomy":"product_cat","embeddable":true,"href":"https:\/\/gpl-love.com\/es\/wp-json\/wp\/v2\/product_cat?post=111836"},{"taxonomy":"product_tag","embeddable":true,"href":"https:\/\/gpl-love.com\/es\/wp-json\/wp\/v2\/product_tag?post=111836"}],"curies":[{"name":"wp","href":"https:\/\/api.w.org\/{rel}","templated":true}]}}