{"id":111834,"date":"2021-07-02T00:00:00","date_gmt":"2021-07-02T05:00:00","guid":{"rendered":"http:\/\/gpl-love.com\/es\/producto\/a-mart-organic-products-shop-wordpress-theme\/"},"modified":"2026-03-13T17:15:10","modified_gmt":"2026-03-13T22:15:10","slug":"a-mart-organic-products-shop-wordpress-theme","status":"publish","type":"product","link":"https:\/\/gpl-love.com\/es\/producto\/a-mart-organic-products-shop-wordpress-theme\/","title":{"rendered":"A Mart Organic Products Shop WordPress Theme 1.0.2"},"content":{"rendered":"<h3>A Mart Organic Products Shop WordPress Theme Caracteristicas<\/h3>\n<p>El tema de WordPress de la tienda de productos org\u00e1nicos A Mart es una excelente opci\u00f3n para empresas que participan en la venta de productos org\u00e1nicos. Con un dise\u00f1o exquisito y bien elaborado, este tema ofrece una gran cantidad de dise\u00f1os de demostraci\u00f3n que pueden ser completamente personalizados y establecidos sin esfuerzo. Muestra una est\u00e9tica limpia y contempor\u00e1nea, junto con una interfaz f\u00e1cil de usar meticulosamente seleccionada para mejorar el rendimiento y acelerar los tiempos de carga. Adem\u00e1s, el tema abarca un panel administrativo robusto, widgets hechos a medida y l\u00edneas de c\u00f3digo concisas conocidas como c\u00f3digos cortos, todos los cuales le permiten a la moda cautivando visualmente p\u00e1ginas y presentan sus productos con el m\u00e1ximo estilo. Al emplear el tema de WordPress de una tienda de productos org\u00e1nicos A Mart, puede forjar una tienda en l\u00ednea que al mismo tiempo cautiva y facilita la funcionalidad perfecta, lo que implica la atracci\u00f3n de una base de clientes m\u00e1s grande a su empresa.<\/p>\n<ul>\n<li>Tema de WordPress totalmente personalizable y receptivo dise\u00f1ado espec\u00edficamente para tiendas de productos org\u00e1nicos<\/li>\n<li>Dise\u00f1o limpio y minimalista para resaltar sus productos y crear una experiencia de compra perfecta para sus clientes.<\/li>\n<li>Compatible con WooCommerce para transacciones en l\u00ednea f\u00e1ciles y seguras<\/li>\n<li>Plantillas de p\u00e1gina incorporadas para productos, carrito, pago y m\u00e1s, para ahorrarle tiempo y esfuerzo en el dise\u00f1o de su sitio web<\/li>\n<li>Builder intuitivo de la p\u00e1gina de arrastrar y soltar para una f\u00e1cil personalizaci\u00f3n y ajustes de dise\u00f1o<\/li>\n<li>C\u00f3digo y dise\u00f1o amigable para SEO para ayudar a su sitio web a clasificar m\u00e1s alto en los resultados de los motores de b\u00fasqueda<\/li>\n<li>Viene con una gama de tipograf\u00eda predise\u00f1ada y esquemas de color, pero tambi\u00e9n le permite elegir su propia marca y dise\u00f1o \u00fanicos.<\/li>\n<li>Equipo dedicado de atenci\u00f3n al cliente para ayudarlo con cualquier problema o pregunta que pueda tener<\/li>\n<li>Actualizaciones peri\u00f3dicas para garantizar la compatibilidad con las \u00faltimas versiones de WordPress y WooCommerce<\/li>\n<li>Documentaci\u00f3n detallada y tutoriales en video para guiarlo a trav\u00e9s de la configuraci\u00f3n y la personalizaci\u00f3n.<\/li>\n<\/ul>\n","protected":false},"excerpt":{"rendered":"<p>El tema de WordPress de una tienda de productos org\u00e1nicos de Mart es una plataforma de comercio electr\u00f3nico perfecta para productos org\u00e1nicos, dise\u00f1ada para facilitar la creaci\u00f3n de un mercado en l\u00ednea dedicado a productos org\u00e1nicos y naturales. Este tema de WordPress totalmente receptivo es moderno y elegante, adapt\u00e1ndose perfectamente a varios tama\u00f1os de pantalla, y es un tema de WordPress optimizado de SEO para ayudar a mejorar la visibilidad de su sitio web en los motores de b\u00fasqueda.<\/p>\n<p>Gracias a la funci\u00f3n de tema WooCommerce integrada de WordPress, la configuraci\u00f3n de p\u00e1ginas de productos, la administraci\u00f3n de su inventario y el procesamiento de pagos se convierte en una brisa. El tema tambi\u00e9n se destaca como un tema de WordPress personalizable para tiendas org\u00e1nicas, que ofrece una amplia gama de opciones de personalizaci\u00f3n, como esquemas de color personalizables, dise\u00f1os de m\u00faltiples p\u00e1ginas de inicio y diversas configuraciones de men\u00fa.<\/p>\n<p>Ya sea que sea un agricultor a peque\u00f1a escala que utilice el tema de WordPress del agricultor o un tema de WordPress de proveedor org\u00e1nico a gran escala, un MARS garantiza una experiencia profesional de tema de WordPress de negocios org\u00e1nicos. Est\u00e1 dedicado a ayudarlo a construir una presencia en l\u00ednea robusta para su negocio org\u00e1nico.<\/p>\n<p>El tema es m\u00e1s que un tema de WordPress de gesti\u00f3n de inventario o un pago efectivo<\/p>\n","protected":false},"featured_media":165243,"comment_status":"open","ping_status":"open","template":"","meta":[],"product_brand":[2337],"product_cat":[1646,1237,1238],"product_tag":[1391],"class_list":{"0":"post-111834","1":"product","2":"type-product","3":"status-publish","4":"has-post-thumbnail","6":"product_brand-themeforest","7":"product_cat-alimentacion-y-restaurante","8":"product_cat-temas","9":"product_cat-wordpress-temas","10":"product_tag-themeforest","11":"member-discount","12":"discount-restricted","14":"first","15":"instock","16":"sale","17":"downloadable","18":"virtual","19":"sold-individually","20":"purchasable","21":"product-type-simple"},"_links":{"self":[{"href":"https:\/\/gpl-love.com\/es\/wp-json\/wp\/v2\/product\/111834","targetHints":{"allow":["GET"]}}],"collection":[{"href":"https:\/\/gpl-love.com\/es\/wp-json\/wp\/v2\/product"}],"about":[{"href":"https:\/\/gpl-love.com\/es\/wp-json\/wp\/v2\/types\/product"}],"replies":[{"embeddable":true,"href":"https:\/\/gpl-love.com\/es\/wp-json\/wp\/v2\/comments?post=111834"}],"wp:featuredmedia":[{"embeddable":true,"href":"https:\/\/gpl-love.com\/es\/wp-json\/wp\/v2\/media\/165243"}],"wp:attachment":[{"href":"https:\/\/gpl-love.com\/es\/wp-json\/wp\/v2\/media?parent=111834"}],"wp:term":[{"taxonomy":"product_brand","embeddable":true,"href":"https:\/\/gpl-love.com\/es\/wp-json\/wp\/v2\/product_brand?post=111834"},{"taxonomy":"product_cat","embeddable":true,"href":"https:\/\/gpl-love.com\/es\/wp-json\/wp\/v2\/product_cat?post=111834"},{"taxonomy":"product_tag","embeddable":true,"href":"https:\/\/gpl-love.com\/es\/wp-json\/wp\/v2\/product_tag?post=111834"}],"curies":[{"name":"wp","href":"https:\/\/api.w.org\/{rel}","templated":true}]}}