{"id":111832,"date":"2023-02-09T00:00:00","date_gmt":"2023-02-09T05:00:00","guid":{"rendered":"http:\/\/gpl-love.com\/es\/producto\/finoptis-multipurpose-business-wordpress-theme\/"},"modified":"2026-03-13T17:20:51","modified_gmt":"2026-03-13T22:20:51","slug":"finoptis-multipurpose-business-wordpress-theme","status":"publish","type":"product","link":"https:\/\/gpl-love.com\/es\/producto\/finoptis-multipurpose-business-wordpress-theme\/","title":{"rendered":"Finoptis Multipurpose Business WordPress Theme 2.6.4"},"content":{"rendered":"<h3>Finoptis Multipurpose Business WordPress Theme Caracteristicas<\/h3>\n<p>El tema de WordPress de negocios multiprop\u00f3sito de Finoptis se presenta como una opci\u00f3n incre\u00edblemente vers\u00e1til y rica en caracter\u00edsticas, adaptada espec\u00edficamente para satisfacer las necesidades y demandas de las empresas. Al ofrecer una interfaz visualmente atractiva y dise\u00f1ada profesionalmente, este tema sirve como una herramienta poderosa para establecer y mantener una presencia en l\u00ednea cre\u00edble y robusta. No solo cuenta con una interfaz f\u00e1cil de usar sin esfuerzo, sino que tambi\u00e9n otorga a los usuarios la libertad de ejercer su creatividad y crear sitios web \u00fanicos y personalizados a trav\u00e9s de sus opciones de personalizaci\u00f3n intuitivas. Adem\u00e1s, su dise\u00f1o receptivo garantiza que su sitio web aparecer\u00e1 sin problemas en todos y cada uno de los dispositivos. Adem\u00e1s, el tema viene equipado con una variedad de plantillas y dise\u00f1os preconstruidos, acelerando el proceso de creaci\u00f3n del sitio web y permitiendo a los usuarios embarcarse r\u00e1pidamente en sus esfuerzos en l\u00ednea. En esencia, el tema de WordPress de WordPress multiprop\u00f3sito de Finoptis surge como la soluci\u00f3n ideal para las empresas que buscan solidificar su presencia en l\u00ednea y comprometerse efectivamente con su p\u00fablico objetivo.<\/p>\n<ul>\n<li>Dise\u00f1o limpio y moderno con opciones personalizables para la marca<\/li>\n<li>Dise\u00f1o receptivo para una visualizaci\u00f3n \u00f3ptima en cualquier dispositivo<\/li>\n<li>M\u00faltiples dise\u00f1os de demostraci\u00f3n previamente construidos para una f\u00e1cil personalizaci\u00f3n y configuraci\u00f3n<\/li>\n<li>Construido con la optimizaci\u00f3n de SEO en mente para una mayor visibilidad en los motores de b\u00fasqueda<\/li>\n<li>Inclu\u00eda la integraci\u00f3n de WooCommerce para una f\u00e1cil funcionalidad de comercio electr\u00f3nico<\/li>\n<li>Formularios de contacto incorporados e integraci\u00f3n de redes sociales para una comunicaci\u00f3n perfecta con los clientes<\/li>\n<li>Documentaci\u00f3n y soporte integral para usuarios de todos los niveles de habilidad<\/li>\n<li>Actualizado regularmente con nuevas caracter\u00edsticas y medidas de seguridad para la tranquilidad<\/li>\n<li>Compatible con una amplia gama de complementos para mayor personalizaci\u00f3n y funcionalidad<\/li>\n<li>Optimizado para la velocidad y el rendimiento para garantizar la mejor experiencia posible para sus visitantes.<\/li>\n<\/ul>\n","protected":false},"excerpt":{"rendered":"<p>Con una variedad de elementos personalizables, el tema de WordPress de negocios multiprop\u00f3sito Finoptis demuestra ser la soluci\u00f3n ideal para las personas en busca de un sitio web sofisticado y pulido que cuenta con una funcionalidad incomparable. Con su naturaleza din\u00e1mica y adaptable, este tema est\u00e1 cuidadosamente dise\u00f1ado para atender a empresas que abarcan todas las industrias, ofreciendo una amplia gama de caracter\u00edsticas, como controles deslizantes personalizados, carteras interactivas, formularios de contacto f\u00e1ciles de usar y innumerables otros atributos orientados al usuario. Independientemente de si se encuentra al frente de una startup incipiente, una agencia pr\u00f3spera o cualquier otra entidad corporativa, Finoptis est\u00e1 listo para revolucionar su presencia digital con su capacidad de alinearse sin esfuerzo con sus requisitos comerciales espec\u00edficos. Con una interfaz intuitiva y una navegaci\u00f3n perfecta, este tema fusiona sin esfuerzo los \u00e1mbitos del atractivo visual y la funcionalidad \u00f3ptima, lo que finalmente le permite forjar una impresi\u00f3n duradera en el vasto panorama digital. Dedique sus recursos a invertir en las capacidades transformadoras de Finoptis y desbloquear oportunidades incomparables para impulsar su negocio a alturas sin precedentes.<\/p>\n","protected":false},"featured_media":166109,"comment_status":"open","ping_status":"open","template":"","meta":[],"product_brand":[2337],"product_cat":[1239,1237,1238],"product_tag":[1391],"class_list":{"0":"post-111832","1":"product","2":"type-product","3":"status-publish","4":"has-post-thumbnail","6":"product_brand-themeforest","7":"product_cat-de-multiples-fines","8":"product_cat-temas","9":"product_cat-wordpress-temas","10":"product_tag-themeforest","11":"member-discount","12":"discount-restricted","14":"first","15":"instock","16":"sale","17":"downloadable","18":"virtual","19":"sold-individually","20":"purchasable","21":"product-type-simple"},"_links":{"self":[{"href":"https:\/\/gpl-love.com\/es\/wp-json\/wp\/v2\/product\/111832","targetHints":{"allow":["GET"]}}],"collection":[{"href":"https:\/\/gpl-love.com\/es\/wp-json\/wp\/v2\/product"}],"about":[{"href":"https:\/\/gpl-love.com\/es\/wp-json\/wp\/v2\/types\/product"}],"replies":[{"embeddable":true,"href":"https:\/\/gpl-love.com\/es\/wp-json\/wp\/v2\/comments?post=111832"}],"wp:featuredmedia":[{"embeddable":true,"href":"https:\/\/gpl-love.com\/es\/wp-json\/wp\/v2\/media\/166109"}],"wp:attachment":[{"href":"https:\/\/gpl-love.com\/es\/wp-json\/wp\/v2\/media?parent=111832"}],"wp:term":[{"taxonomy":"product_brand","embeddable":true,"href":"https:\/\/gpl-love.com\/es\/wp-json\/wp\/v2\/product_brand?post=111832"},{"taxonomy":"product_cat","embeddable":true,"href":"https:\/\/gpl-love.com\/es\/wp-json\/wp\/v2\/product_cat?post=111832"},{"taxonomy":"product_tag","embeddable":true,"href":"https:\/\/gpl-love.com\/es\/wp-json\/wp\/v2\/product_tag?post=111832"}],"curies":[{"name":"wp","href":"https:\/\/api.w.org\/{rel}","templated":true}]}}