{"id":111830,"date":"2025-09-11T00:00:00","date_gmt":"2025-09-11T05:00:00","guid":{"rendered":"http:\/\/gpl-love.com\/es\/producto\/induscity-factory-and-manufacturing-wordpress-theme\/"},"modified":"2026-03-13T17:22:34","modified_gmt":"2026-03-13T22:22:34","slug":"induscity-factory-and-manufacturing-wordpress-theme","status":"publish","type":"product","link":"https:\/\/gpl-love.com\/es\/producto\/induscity-factory-and-manufacturing-wordpress-theme\/","title":{"rendered":"Induscity Factory y Manufacturing WordPress Theme 1.4.8"},"content":{"rendered":"<h3>Induscity Factory y Manufacturing WordPress Theme Caracteristicas<\/h3>\n<p>El tema de WordPress de la f\u00e1brica de la industria y la fabricaci\u00f3n es una herramienta extremadamente competente y potente que se ha dise\u00f1ado meticulosamente para satisfacer las necesidades de las empresas que operan en el dominio industrial. Este tema encarna un dise\u00f1o elegante y contempor\u00e1neo que es experto en exhibir su innumerable productos y servicios de manera cautivadora. Gracias a su interfaz f\u00e1cil de usar, puede personalizar sin esfuerzo cada faceta de su sitio web, desde la disposici\u00f3n de elementos hasta la selecci\u00f3n de tonos, tipograf\u00eda y visuales. Adem\u00e1s, este tema es completamente receptivo, asegurando que exude la magnificencia en todos los dispositivos, ya sean computadoras de escritorio, computadoras port\u00e1tiles, tabletas o tel\u00e9fonos inteligentes. Adem\u00e1s, ofrece una variedad de caracter\u00edsticas a medida que atienden exclusivamente a empresas industriales, que abarcan cat\u00e1logos integrales de productos, carteras de proyectos, perfiles de miembros del equipo y una plenitud de funcionalidades adicionales. En general, el tema de WordPress de la f\u00e1brica y la fabricaci\u00f3n de la industria es una selecci\u00f3n ejemplar para cualquier empresa que busque establecer una presencia en l\u00ednea resuelta e impactante.<\/p>\n<ul>\n<li>Un tema de WordPress potente y personalizable dise\u00f1ado espec\u00edficamente para f\u00e1bricas y empresas de fabricaci\u00f3n<\/li>\n<li>Dise\u00f1o limpio y moderno con un enfoque en la experiencia del usuario y la navegaci\u00f3n f\u00e1cil<\/li>\n<li>Totalmente receptivo y amigable para los dispositivos m\u00f3viles, asegurando que su sitio web se vea muy bien en todos los dispositivos<\/li>\n<li>Incluye p\u00e1ginas preconstruidas para exhibir sus productos, servicios, miembros del equipo y m\u00e1s<\/li>\n<li>P\u00e1gina de inicio personalizable con una variedad de secciones que incluyen una presentaci\u00f3n de diapositivas, productos destacados, testimonios de clientes y m\u00e1s<\/li>\n<li>Integraci\u00f3n con complementos populares como WooCommerce para vender productos en l\u00ednea y el Formulario de contacto 7 para una f\u00e1cil comunicaci\u00f3n con los clientes<\/li>\n<li>Construido con las \u00faltimas tecnolog\u00edas web y las mejores pr\u00e1cticas para p\u00e1ginas de carga r\u00e1pida y clasificaciones de motores de b\u00fasqueda optimizados<\/li>\n<li>F\u00e1cilmente personalizable a trav\u00e9s del personalizador de WordPress o utilizando el complemento Visual Composer incluido<\/li>\n<li>Documentaci\u00f3n integral y equipo de soporte dedicado para ayudarlo a aprovechar al m\u00e1ximo su sitio web.<\/li>\n<\/ul>\n","protected":false},"excerpt":{"rendered":"<p>La industria, un tema de WordPress de f\u00e1brica y fabricaci\u00f3n excepcionalmente de alta calidad, ha sido meticulosamente dise\u00f1ado para presentar a su empresa industrial un aura de m\u00e1xima profesionalidad y est\u00e9tica contempor\u00e1nea. En particular, este tema es totalmente receptivo, asegurando as\u00ed una exhibici\u00f3n \u00f3ptima en varios dispositivos. Adem\u00e1s, ofrece un constructor de p\u00e1ginas de arrastrar y soltar excepcionalmente robusto, lo que permite que la personalizaci\u00f3n y la personalizaci\u00f3n sin esfuerzo se alineen impecablemente con las necesidades \u00fanicas de su negocio. La gran cantidad de opciones de personalizaci\u00f3n disponibles amplifica a\u00fan m\u00e1s su idoneidad como la soluci\u00f3n ideal para su empresa. Con una variedad de caracter\u00edsticas y funcionalidades avanzadas, INDUNCITY simplifica el proceso de cautivador de clientes potenciales al tiempo que muestra efectivamente su extenso repertorio de productos y servicios. Prep\u00e1rese para un avance sin precedentes de su negocio industrial a medida que se aventura en un territorio desconocido con el tema de WordPress de la INDUGIDAD inmensamente poderoso.<\/p>\n","protected":false},"featured_media":166463,"comment_status":"open","ping_status":"open","template":"","meta":[],"product_brand":[2337],"product_cat":[1307,1237,1238],"product_tag":[1391],"class_list":{"0":"post-111830","1":"product","2":"type-product","3":"status-publish","4":"has-post-thumbnail","6":"product_brand-themeforest","7":"product_cat-negocio-wordpress-temas","8":"product_cat-temas","9":"product_cat-wordpress-temas","10":"product_tag-themeforest","11":"member-discount","12":"discount-restricted","14":"first","15":"instock","16":"sale","17":"downloadable","18":"virtual","19":"sold-individually","20":"purchasable","21":"product-type-simple"},"_links":{"self":[{"href":"https:\/\/gpl-love.com\/es\/wp-json\/wp\/v2\/product\/111830","targetHints":{"allow":["GET"]}}],"collection":[{"href":"https:\/\/gpl-love.com\/es\/wp-json\/wp\/v2\/product"}],"about":[{"href":"https:\/\/gpl-love.com\/es\/wp-json\/wp\/v2\/types\/product"}],"replies":[{"embeddable":true,"href":"https:\/\/gpl-love.com\/es\/wp-json\/wp\/v2\/comments?post=111830"}],"wp:featuredmedia":[{"embeddable":true,"href":"https:\/\/gpl-love.com\/es\/wp-json\/wp\/v2\/media\/166463"}],"wp:attachment":[{"href":"https:\/\/gpl-love.com\/es\/wp-json\/wp\/v2\/media?parent=111830"}],"wp:term":[{"taxonomy":"product_brand","embeddable":true,"href":"https:\/\/gpl-love.com\/es\/wp-json\/wp\/v2\/product_brand?post=111830"},{"taxonomy":"product_cat","embeddable":true,"href":"https:\/\/gpl-love.com\/es\/wp-json\/wp\/v2\/product_cat?post=111830"},{"taxonomy":"product_tag","embeddable":true,"href":"https:\/\/gpl-love.com\/es\/wp-json\/wp\/v2\/product_tag?post=111830"}],"curies":[{"name":"wp","href":"https:\/\/api.w.org\/{rel}","templated":true}]}}