{"id":111828,"date":"2021-03-23T00:00:00","date_gmt":"2021-03-23T05:00:00","guid":{"rendered":"http:\/\/gpl-love.com\/es\/producto\/qudos-portfolio-and-agency-wordpress-theme\/"},"modified":"2026-04-10T11:22:41","modified_gmt":"2026-04-10T16:22:41","slug":"qudos-portfolio-and-agency-wordpress-theme","status":"publish","type":"product","link":"https:\/\/gpl-love.com\/es\/producto\/qudos-portfolio-and-agency-wordpress-theme\/","title":{"rendered":"Qudos Portfolio y Agency WordPress Theme 1.4.1"},"content":{"rendered":"<h3>Qudos Portfolio y Agency WordPress Theme Caracteristicas<\/h3>\n<p>El tema de WordPress de la cartera y agencia de QUDOS cuenta con una mir\u00edada de caracter\u00edsticas personalizables, lo que lo convierte en una soluci\u00f3n incre\u00edblemente vers\u00e1til e integral para las empresas que buscan establecer una presencia en l\u00ednea formidable. Con su dise\u00f1o elegante y profesional, este tema atiende impecablemente las necesidades de las carteras y las agencias. No solo posee un dise\u00f1o receptivo que se adapte sin esfuerzo a cualquier dispositivo, sino que tambi\u00e9n cuenta con una interfaz intuitiva que facilita la navegaci\u00f3n y las actualizaciones perfectas. El tema QDOS proporciona una gran cantidad de opciones para exhibir el trabajo, que van desde galer\u00edas hasta controles deslizantes, e incluso incluye varias plantillas de p\u00e1gina preconstruidas que simplifican y optimizan el proceso de creaci\u00f3n del sitio web. Adem\u00e1s, se optimiza espec\u00edficamente para los motores de b\u00fasqueda, lo que garantiza que su sitio web se ubicar\u00e1 favorablemente en plataformas estimadas como Google y otros motores de b\u00fasqueda. Independientemente de si usted es una agencia bien establecida o simplemente se embarca en su viaje empresarial, el tema de WordPress de la cartera de Qudos y la agencia sirven como una herramienta excepcionalmente poderosa y flexible para construir una presencia en l\u00ednea triunfal.<\/p>\n<ul>\n<li>P\u00e1gina de inicio personalizable con creador de p\u00e1ginas f\u00e1cil de usar<\/li>\n<li>Opciones m\u00faltiples de encabezado y pie de p\u00e1gina<\/li>\n<li>Dise\u00f1o receptivo y listo para retina para una visualizaci\u00f3n \u00f3ptima en cualquier dispositivo<\/li>\n<li>Dise\u00f1os de cartera y blog con varias opciones para mostrar su trabajo<\/li>\n<li>Integraci\u00f3n de WooCommerce para una f\u00e1cil funcionalidad de la tienda en l\u00ednea<\/li>\n<li>Opciones de m\u00faltiples colores y fuentes para la marca personalizada<\/li>\n<li>SEO optimizado para mejorar la clasificaci\u00f3n del motor de b\u00fasqueda<\/li>\n<li>Traducci\u00f3n lista para audiencias globales<\/li>\n<li>Anfitri\u00f3n de p\u00e1ginas predise\u00f1adas para una f\u00e1cil configuraci\u00f3n del sitio web<\/li>\n<li>Importador de demostraci\u00f3n de un solo clic para la instalaci\u00f3n sin problemas<\/li>\n<li>Actualizado regularmente con nuevas funciones y correcciones de errores<\/li>\n<\/ul>\n","protected":false},"excerpt":{"rendered":"<p>El tema de WordPress de la cartera y agencia de QUDOS, con su dise\u00f1o multifac\u00e9tico y de vanguardia, sirve como una opci\u00f3n impecable para presentar sus esfuerzos art\u00edsticos o administrar la presencia en l\u00ednea de su agencia. Ofreciendo una gran cantidad de arreglos de p\u00e1gina de inicio, alternativas de cartera y widgets personalizados, este tema facilita sin esfuerzo la creaci\u00f3n de un sitio web a medida y altamente sofisticado. Adem\u00e1s, QDOS exhibe su adaptabilidad al responder en dispositivos m\u00f3viles, mejorar la optimizaci\u00f3n de motores de b\u00fasqueda y proporcionar una interfaz f\u00e1cil de usar para la personalizaci\u00f3n perfecta a trav\u00e9s de su constructor intuitivo de p\u00e1gina de arrastrar y soltar. \u00bfEst\u00e1s preparado para dejar una impresi\u00f3n duradera en el reino digital? Comience su viaje con Qudos hoy.<\/p>\n","protected":false},"featured_media":167301,"comment_status":"open","ping_status":"open","template":"","meta":[],"product_brand":[2337],"product_cat":[1267,1237,1238],"product_tag":[1391],"class_list":{"0":"post-111828","1":"product","2":"type-product","3":"status-publish","4":"has-post-thumbnail","6":"product_brand-themeforest","7":"product_cat-creativo","8":"product_cat-temas","9":"product_cat-wordpress-temas","10":"product_tag-themeforest","11":"member-discount","12":"discount-restricted","14":"first","15":"instock","16":"sale","17":"downloadable","18":"virtual","19":"sold-individually","20":"purchasable","21":"product-type-simple"},"_links":{"self":[{"href":"https:\/\/gpl-love.com\/es\/wp-json\/wp\/v2\/product\/111828","targetHints":{"allow":["GET"]}}],"collection":[{"href":"https:\/\/gpl-love.com\/es\/wp-json\/wp\/v2\/product"}],"about":[{"href":"https:\/\/gpl-love.com\/es\/wp-json\/wp\/v2\/types\/product"}],"replies":[{"embeddable":true,"href":"https:\/\/gpl-love.com\/es\/wp-json\/wp\/v2\/comments?post=111828"}],"wp:featuredmedia":[{"embeddable":true,"href":"https:\/\/gpl-love.com\/es\/wp-json\/wp\/v2\/media\/167301"}],"wp:attachment":[{"href":"https:\/\/gpl-love.com\/es\/wp-json\/wp\/v2\/media?parent=111828"}],"wp:term":[{"taxonomy":"product_brand","embeddable":true,"href":"https:\/\/gpl-love.com\/es\/wp-json\/wp\/v2\/product_brand?post=111828"},{"taxonomy":"product_cat","embeddable":true,"href":"https:\/\/gpl-love.com\/es\/wp-json\/wp\/v2\/product_cat?post=111828"},{"taxonomy":"product_tag","embeddable":true,"href":"https:\/\/gpl-love.com\/es\/wp-json\/wp\/v2\/product_tag?post=111828"}],"curies":[{"name":"wp","href":"https:\/\/api.w.org\/{rel}","templated":true}]}}