{"id":111826,"date":"2025-06-05T00:00:00","date_gmt":"2025-06-05T05:00:00","guid":{"rendered":"http:\/\/gpl-love.com\/es\/producto\/adforest-classified-ads-wordpress-theme\/"},"modified":"2026-03-13T17:15:17","modified_gmt":"2026-03-13T22:15:17","slug":"adforest-classified-ads-wordpress-theme","status":"publish","type":"product","link":"https:\/\/gpl-love.com\/es\/producto\/adforest-classified-ads-wordpress-theme\/","title":{"rendered":"AdForest Classified Ads WordPress Theme 6.0.6"},"content":{"rendered":"<h3>AdForest Classified Ads WordPress Theme Caracteristicas<\/h3>\n<p>El tema de WordPress de anuncios clasificados de AdForest sirve como una plataforma robusta y cargada de caracter\u00edsticas que faculta a los usuarios crear y supervisar los sitios web de anuncios clasificados con la m\u00e1xima eficiencia. Muestra una amplia gama de opciones de personalizaci\u00f3n que abarcan m\u00faltiples dise\u00f1os de p\u00e1ginas de inicio, esquemas de color y dise\u00f1os de p\u00e1ginas, lo que brinda a los usuarios la oportunidad de dise\u00f1ar un sitio web que sea distintivo y cautivador, reflejando fielmente su identidad de marca. El tema cuenta con la facilidad de uso y una interfaz perfecta, racionalizando el proceso de publicaci\u00f3n y administraci\u00f3n de anuncios con la mayor facilidad. Adem\u00e1s, abarca funcionalidades avanzadas de b\u00fasqueda y filtrado, facilitando as\u00ed una experiencia de usuario conveniente y sin problemas que garantiza que los usuarios encuentren precisamente lo que buscan. AdForest tambi\u00e9n equipa a los usuarios con la capacidad de monetizar su sitio web mediante la carga de los usuarios para la colocaci\u00f3n de anuncios o present\u00e1ndolos en la p\u00e1gina de inicio, fomentando as\u00ed la viabilidad financiera. Adem\u00e1s, armoniza armoniosamente con una variedad diversa de complementos, lo que permite a los usuarios aumentar la funcionalidad de su sitio web a medida que surge la necesidad. En \u00faltima instancia, Adforest representa una opci\u00f3n excepcional para las personas que desean erigir un sitio web de anuncios clasificados profesionales y pr\u00f3speros.<\/p>\n<ul>\n<li>Tema altamente personalizable y flexible para crear sitios web de anuncios clasificados en WordPress<\/li>\n<li>Viene con m\u00faltiples dise\u00f1os de demostraci\u00f3n, esquemas de color y opciones de personalizaci\u00f3n para elegir<\/li>\n<li>Ofrece un sistema de administraci\u00f3n de anuncios y env\u00edo frontal f\u00e1cil de usar para usuarios<\/li>\n<li>Tiene un sistema de b\u00fasqueda y filtrado robusto para ayudar a los usuarios a encontrar anuncios relevantes<\/li>\n<li>Integrado con las pasarelas de pago populares para una f\u00e1cil monetizaci\u00f3n del sitio web<\/li>\n<li>Admite m\u00faltiples tipos de anuncios y categor\u00edas para atender a diferentes industrias y audiencias<\/li>\n<li>Ofrece funcionalidad de inicio de sesi\u00f3n y intercambio de redes sociales para una mayor participaci\u00f3n del usuario<\/li>\n<li>Dise\u00f1o totalmente receptivo y amigable para los dispositivos m\u00f3viles para la navegaci\u00f3n perfecta en todos los dispositivos<\/li>\n<li>Optimizado para SEO y velocidad para garantizar la m\u00e1xima visibilidad y un rendimiento r\u00e1pido del sitio web<\/li>\n<li>Proporciona una excelente atenci\u00f3n al cliente y actualizaciones regulares para garantizar la compatibilidad con las \u00faltimas versiones de WordPress y complementos.<\/li>\n<\/ul>\n","protected":false},"excerpt":{"rendered":"<p>El tema de AdForest WordPress es un tema de anuncios clasificados f\u00e1ciles de usar que est\u00e1 perfectamente dise\u00f1ado para satisfacer las necesidades de aquellos que desean crear sitios web clasificados de aspecto profesional. Ofrece una gama de caracter\u00edsticas avanzadas, lo que lo convierte en un tema clasificado de WordPress altamente personalizable que se puede adaptar para satisfacer sus requisitos \u00fanicos.<\/p>\n<p>Con Adforest, puede administrar f\u00e1cilmente sus listados de anuncios, gracias a sus funcionalidades robustas. El dise\u00f1o receptivo de Adforest garantiza que su sitio web permanezca visualmente atractivo en todos los dispositivos, mejorando su experiencia de usuario. Adem\u00e1s, este tema simplifica el proceso de monetizaci\u00f3n a trav\u00e9s de su integraci\u00f3n perfecta con las pasarelas de pago populares.<\/p>\n<p>Ya sea que sea una startup o una peque\u00f1a empresa, Adforest es una opci\u00f3n ideal. Incluso para los sitios web de anuncios clasificados de nivel empresarial, AdForest proporciona todas las herramientas y recursos necesarios para ayudar a crear un sitio web de anuncios clasificados exitoso. Sus caracter\u00edsticas avanzadas y su facilidad de uso lo convierten en un tema de anuncios clasificados lucrativos, capaz de convertir cualquier sitio de anuncios clasificado en una empresa rentable.<\/p>\n","protected":false},"featured_media":165261,"comment_status":"open","ping_status":"open","template":"","meta":[],"product_brand":[2337],"product_cat":[1267,1237,1238],"product_tag":[1391],"class_list":{"0":"post-111826","1":"product","2":"type-product","3":"status-publish","4":"has-post-thumbnail","6":"product_brand-themeforest","7":"product_cat-creativo","8":"product_cat-temas","9":"product_cat-wordpress-temas","10":"product_tag-themeforest","11":"member-discount","12":"discount-restricted","14":"first","15":"instock","16":"sale","17":"downloadable","18":"virtual","19":"sold-individually","20":"purchasable","21":"product-type-simple"},"_links":{"self":[{"href":"https:\/\/gpl-love.com\/es\/wp-json\/wp\/v2\/product\/111826","targetHints":{"allow":["GET"]}}],"collection":[{"href":"https:\/\/gpl-love.com\/es\/wp-json\/wp\/v2\/product"}],"about":[{"href":"https:\/\/gpl-love.com\/es\/wp-json\/wp\/v2\/types\/product"}],"replies":[{"embeddable":true,"href":"https:\/\/gpl-love.com\/es\/wp-json\/wp\/v2\/comments?post=111826"}],"wp:featuredmedia":[{"embeddable":true,"href":"https:\/\/gpl-love.com\/es\/wp-json\/wp\/v2\/media\/165261"}],"wp:attachment":[{"href":"https:\/\/gpl-love.com\/es\/wp-json\/wp\/v2\/media?parent=111826"}],"wp:term":[{"taxonomy":"product_brand","embeddable":true,"href":"https:\/\/gpl-love.com\/es\/wp-json\/wp\/v2\/product_brand?post=111826"},{"taxonomy":"product_cat","embeddable":true,"href":"https:\/\/gpl-love.com\/es\/wp-json\/wp\/v2\/product_cat?post=111826"},{"taxonomy":"product_tag","embeddable":true,"href":"https:\/\/gpl-love.com\/es\/wp-json\/wp\/v2\/product_tag?post=111826"}],"curies":[{"name":"wp","href":"https:\/\/api.w.org\/{rel}","templated":true}]}}