{"id":111824,"date":"2026-02-05T00:00:00","date_gmt":"2026-02-05T05:00:00","guid":{"rendered":"http:\/\/gpl-love.com\/es\/producto\/gon-responsive-multipurpose-wordpress-theme\/"},"modified":"2026-03-13T17:21:20","modified_gmt":"2026-03-13T22:21:20","slug":"gon-responsive-multipurpose-wordpress-theme","status":"publish","type":"product","link":"https:\/\/gpl-love.com\/es\/producto\/gon-responsive-multipurpose-wordpress-theme\/","title":{"rendered":"Gon Responsive MultiPurpose WordPress Theme 2.5.4"},"content":{"rendered":"<h3>Gon Responsive MultiPurpose WordPress Theme Caracteristicas<\/h3>\n<p>El tema de WordPress multiprop\u00f3sito de Gon es un tema incre\u00edblemente vers\u00e1til e integral que satisface una amplia gama de necesidades de sitios web. Este tema excepcional ha sido cuidadosamente dise\u00f1ado para ser completamente receptivo, asegurando que se adapte sin esfuerzo a cualquier dispositivo o tama\u00f1o de pantalla. Adem\u00e1s, est\u00e1 equipado con una amplia gama de caracter\u00edsticas impresionantes que capacitan a los usuarios para crear sitios web visualmente impresionantes, din\u00e1micos y f\u00e1ciles de usar, independientemente de su nivel de especializaci\u00f3n en desarrollo web. Ya sea que su objetivo sea establecer una tienda en l\u00ednea, crear un blog cautivador, mostrar una cartera atractiva o establecer un sitio web corporativo profesional, tenga la seguridad de que Gon lo tiene cubierto. Este notable tema ofrece un creador de p\u00e1ginas de arrastrar y soltar f\u00e1ciles de usar, otorg\u00e1ndole opciones de personalizaci\u00f3n ilimitadas y una compatibilidad perfecta con complementos populares. En consecuencia, las posibilidades de crear una presencia en l\u00ednea distintiva y cautivadora son ilimitadas al utilizar Gon. Al aprovechar este tema excepcional, puede atraer sin esfuerzo a un mayor n\u00famero de visitantes, mejorar el compromiso y lograr sin esfuerzo sus objetivos en l\u00ednea.<\/p>\n<ul>\n<li>Dise\u00f1o totalmente receptivo optimizado para todos los dispositivos<\/li>\n<li>M\u00faltiples dise\u00f1os de demostraci\u00f3n personalizables para una f\u00e1cil configuraci\u00f3n<\/li>\n<li>Arrastre y suelte el constructor de p\u00e1ginas para crear dise\u00f1os de p\u00e1gina \u00fanicos<\/li>\n<li>Integraci\u00f3n de WooCommerce para una f\u00e1cil configuraci\u00f3n de la tienda en l\u00ednea<\/li>\n<li>SEO optimizado para clasificaciones de motores de b\u00fasqueda m\u00e1s altos<\/li>\n<li>Men\u00fa de mega incorporado para una mejor navegaci\u00f3n<\/li>\n<li>Importaci\u00f3n de demostraci\u00f3n de un solo clic para una instalaci\u00f3n r\u00e1pida<\/li>\n<li>Integraci\u00f3n de las redes sociales para f\u00e1cil compartir y seguir<\/li>\n<li>Opciones personalizables de encabezado y pie de p\u00e1gina para marca personalizada<\/li>\n<li>Opciones de color y fuentes ilimitadas para que coincidan con el estilo de su marca.<\/li>\n<\/ul>\n","protected":false},"excerpt":{"rendered":"<p>El tema de WordPress multiprop\u00f3sito de GON es una plantilla incre\u00edblemente vers\u00e1til y altamente personalizable que se presta perfectamente a una amplia gama de sitios web. Con un dise\u00f1o elegante y contempor\u00e1neo, completo con una variedad de dise\u00f1os de p\u00e1gina de inicio y p\u00e1ginas web prefabricadas para seleccionar, este tema realmente lo tiene todo. Adem\u00e1s, esta notable plantilla es totalmente receptiva y meticulosamente optimizada para SEO, lo que garantiza que su sitio web no solo parezca impresionante en todos los dispositivos, sino que tambi\u00e9n funciona excepcionalmente bien. Con sus opciones de personalizaci\u00f3n incre\u00edblemente f\u00e1ciles de usar, posee el poder de hacer que su sitio web se destaque entre la multitud, mostrando sin esfuerzo su identidad de marca distintiva. Independientemente de si est\u00e1 en medio de dise\u00f1ar un blog cautivador, una cartera atractiva o un sitio excepcional de comercio electr\u00f3nico, el tema Gon es indudablemente la opci\u00f3n ideal para usted.<\/p>\n","protected":false},"featured_media":166271,"comment_status":"open","ping_status":"open","template":"","meta":[],"product_brand":[2337],"product_cat":[1239,1237,1238],"product_tag":[1391],"class_list":{"0":"post-111824","1":"product","2":"type-product","3":"status-publish","4":"has-post-thumbnail","6":"product_brand-themeforest","7":"product_cat-de-multiples-fines","8":"product_cat-temas","9":"product_cat-wordpress-temas","10":"product_tag-themeforest","11":"member-discount","12":"discount-restricted","14":"first","15":"instock","16":"sale","17":"downloadable","18":"virtual","19":"sold-individually","20":"purchasable","21":"product-type-simple"},"_links":{"self":[{"href":"https:\/\/gpl-love.com\/es\/wp-json\/wp\/v2\/product\/111824","targetHints":{"allow":["GET"]}}],"collection":[{"href":"https:\/\/gpl-love.com\/es\/wp-json\/wp\/v2\/product"}],"about":[{"href":"https:\/\/gpl-love.com\/es\/wp-json\/wp\/v2\/types\/product"}],"replies":[{"embeddable":true,"href":"https:\/\/gpl-love.com\/es\/wp-json\/wp\/v2\/comments?post=111824"}],"wp:featuredmedia":[{"embeddable":true,"href":"https:\/\/gpl-love.com\/es\/wp-json\/wp\/v2\/media\/166271"}],"wp:attachment":[{"href":"https:\/\/gpl-love.com\/es\/wp-json\/wp\/v2\/media?parent=111824"}],"wp:term":[{"taxonomy":"product_brand","embeddable":true,"href":"https:\/\/gpl-love.com\/es\/wp-json\/wp\/v2\/product_brand?post=111824"},{"taxonomy":"product_cat","embeddable":true,"href":"https:\/\/gpl-love.com\/es\/wp-json\/wp\/v2\/product_cat?post=111824"},{"taxonomy":"product_tag","embeddable":true,"href":"https:\/\/gpl-love.com\/es\/wp-json\/wp\/v2\/product_tag?post=111824"}],"curies":[{"name":"wp","href":"https:\/\/api.w.org\/{rel}","templated":true}]}}