{"id":111822,"date":"2022-02-26T00:00:00","date_gmt":"2022-02-26T05:00:00","guid":{"rendered":"http:\/\/gpl-love.com\/es\/producto\/ekko-multipurpose-wordpress-theme\/"},"modified":"2026-03-13T17:19:53","modified_gmt":"2026-03-13T22:19:53","slug":"ekko-multipurpose-wordpress-theme","status":"publish","type":"product","link":"https:\/\/gpl-love.com\/es\/producto\/ekko-multipurpose-wordpress-theme\/","title":{"rendered":"Ekko MultiPurpose WordPress Theme 3.2"},"content":{"rendered":"<h3>Ekko MultiPurpose WordPress Theme Caracteristicas<\/h3>\n<p>El tema Ekko MultipUrpose WordPress, que cuenta con una extensa variedad de caracter\u00edsticas y funcionalidades, es un tema verdaderamente vers\u00e1til y f\u00e1cil de usar que atiende a una amplia gama de usuarios. Este tema notable permite a los usuarios dise\u00f1ar sin esfuerzo un sitio web visualmente impresionante y sin problemas. Gracias a su dise\u00f1o receptivo, el tema Ekko Multipurpose WordPress es accesible en varios dispositivos, lo que atrae a las empresas y a las personas interesadas en ampliar su alcance a una audiencia m\u00e1s amplia. Independientemente de si uno desea crear una cartera llamativa, un blog atractivo, una tienda en l\u00ednea lucrativa o un sitio web corporativo sofisticado, el tema de WordPress multiprop\u00f3sito EKKO cumple con estos requisitos. Adem\u00e1s, el panel de administraci\u00f3n f\u00e1cil de usar del tema facilita la personalizaci\u00f3n f\u00e1cil del sitio web, mientras que sus s\u00f3lidas herramientas de SEO impulsan efectivamente el sitio web de uno a la parte superior de las clasificaciones de motores de b\u00fasqueda. Con el tema Ekko MultipUrpose WordPress, el proceso de elaboraci\u00f3n de un sitio web profesional y cautivador nunca ha sido m\u00e1s sencillo.<\/p>\n<ul>\n<li>Dise\u00f1o limpio y moderno<\/li>\n<li>Totalmente receptivo y amigable para m\u00f3viles<\/li>\n<li>Integrado con complementos populares de constructor de p\u00e1ginas para una f\u00e1cil personalizaci\u00f3n<\/li>\n<li>Incluye m\u00e1s de 30 dise\u00f1os de demostraci\u00f3n predise\u00f1ados<\/li>\n<li>Integraci\u00f3n incorporada de WooCommerce para la funcionalidad de comercio electr\u00f3nico<\/li>\n<li>Funci\u00f3n de importaci\u00f3n de demostraci\u00f3n de un solo clic para una configuraci\u00f3n r\u00e1pida<\/li>\n<li>Incluye complementos de control deslizante y capas de Revolution para controles deslizantes y presentaciones din\u00e1micas<\/li>\n<li>Estilos de cabeza de encabezado y pie de p\u00e1gina para elegir<\/li>\n<li>SEO optimizado para clasificaciones de motores de b\u00fasqueda m\u00e1s altos<\/li>\n<li>Actualizado regularmente con nuevas funciones y correcciones de errores<\/li>\n<li>Navegador cruzado compatible para un rendimiento sin costuras en todos los navegadores.<\/li>\n<\/ul>\n","protected":false},"excerpt":{"rendered":"<p>Ekko, un tema de WordPress multiprop\u00f3sito de notable versatilidad y dinamismo, ha sido h\u00e1bilmente dise\u00f1ado para cumplir con los diversos requisitos de varias empresas, organizaciones e individuos. Este tema excepcional cuenta con un dise\u00f1o moderno y elegante que es simplemente cautivador. Adem\u00e1s, Ekko ofrece una amplia gama de caracter\u00edsticas notables, que abarca dise\u00f1os personalizables, una variedad de variaciones de la p\u00e1gina de inicio, un creador de p\u00e1ginas de arrastrar y soltar f\u00e1cilmente, compatibilidad de comercio electr\u00f3nico y una abundancia de otras funcionalidades excepcionales. Uno de los aspectos m\u00e1s notables de este tema es su plena capacidad de respuesta e amistad del motor de b\u00fasqueda. Tenga la seguridad de que su sitio web exudar\u00e1 excelencia y funcionar\u00e1 de manera \u00f3ptima en todo tipo de dispositivos. Adem\u00e1s, ser\u00e1 descubierto sin esfuerzo por motores de b\u00fasqueda de renombre. Entonces, ya sea que aspira a crear una cartera impresionante, un blog atractivo e informativo, o un sitio web corporativo profesional, Ekko se presenta como una opci\u00f3n confiable e intuitiva para establecer con \u00e9xito su presencia en l\u00ednea y elevar su negocio a nuevas alturas.<\/p>\n","protected":false},"featured_media":165924,"comment_status":"open","ping_status":"open","template":"","meta":[],"product_brand":[2337],"product_cat":[1307,1237,1238],"product_tag":[1391],"class_list":{"0":"post-111822","1":"product","2":"type-product","3":"status-publish","4":"has-post-thumbnail","6":"product_brand-themeforest","7":"product_cat-negocio-wordpress-temas","8":"product_cat-temas","9":"product_cat-wordpress-temas","10":"product_tag-themeforest","11":"member-discount","12":"discount-restricted","14":"first","15":"instock","16":"sale","17":"downloadable","18":"virtual","19":"sold-individually","20":"purchasable","21":"product-type-simple"},"_links":{"self":[{"href":"https:\/\/gpl-love.com\/es\/wp-json\/wp\/v2\/product\/111822","targetHints":{"allow":["GET"]}}],"collection":[{"href":"https:\/\/gpl-love.com\/es\/wp-json\/wp\/v2\/product"}],"about":[{"href":"https:\/\/gpl-love.com\/es\/wp-json\/wp\/v2\/types\/product"}],"replies":[{"embeddable":true,"href":"https:\/\/gpl-love.com\/es\/wp-json\/wp\/v2\/comments?post=111822"}],"wp:featuredmedia":[{"embeddable":true,"href":"https:\/\/gpl-love.com\/es\/wp-json\/wp\/v2\/media\/165924"}],"wp:attachment":[{"href":"https:\/\/gpl-love.com\/es\/wp-json\/wp\/v2\/media?parent=111822"}],"wp:term":[{"taxonomy":"product_brand","embeddable":true,"href":"https:\/\/gpl-love.com\/es\/wp-json\/wp\/v2\/product_brand?post=111822"},{"taxonomy":"product_cat","embeddable":true,"href":"https:\/\/gpl-love.com\/es\/wp-json\/wp\/v2\/product_cat?post=111822"},{"taxonomy":"product_tag","embeddable":true,"href":"https:\/\/gpl-love.com\/es\/wp-json\/wp\/v2\/product_tag?post=111822"}],"curies":[{"name":"wp","href":"https:\/\/api.w.org\/{rel}","templated":true}]}}