{"id":111820,"date":"2025-06-03T00:00:00","date_gmt":"2025-06-03T05:00:00","guid":{"rendered":"http:\/\/gpl-love.com\/es\/producto\/file-manager-pro-plugin-for-wordpress\/"},"modified":"2026-03-09T07:34:51","modified_gmt":"2026-03-09T12:34:51","slug":"file-manager-pro-plugin-for-wordpress","status":"publish","type":"product","link":"https:\/\/gpl-love.com\/es\/producto\/file-manager-pro-plugin-for-wordpress\/","title":{"rendered":"File Manager Pro Plugin para WordPress 8.4.3"},"content":{"rendered":"<h3>File Manager Pro Plugin para WordPress Caracteristicas<\/h3>\n<p>El complemento de File Manager Pro para WordPress es una herramienta incre\u00edblemente robusta y eficiente que otorga a los usuarios la capacidad de manejar sin esfuerzo sus archivos y carpetas directamente desde la conveniencia de su tablero de WordPress. Este complemento f\u00e1cil de usar simplifica las tareas de carga, edici\u00f3n, eliminaci\u00f3n y organizaci\u00f3n de archivos con solo pocos clics. Adem\u00e1s, proporciona soporte para una amplia gama de tipos de archivos y permite capacidades de intercambio de archivos, solidificando as\u00ed su estado como un recurso indispensable para las personas que necesitan servicios de administraci\u00f3n de archivos en l\u00ednea. El complemento cuenta con una interfaz altamente intuitiva que facilita la navegaci\u00f3n perfecta dentro del Administrador de archivos. Adem\u00e1s, ofrece funcionalidades avanzadas, como roles de usuario y permisos, compresi\u00f3n de archivos y cifrado de archivos, lo que lo convierte en una opci\u00f3n excepcional tanto para empresas como para individuos. Independientemente de si se identifica como desarrollador web, blogger o propietario de una peque\u00f1a empresa, el complemento File Manager Pro para WordPress representa la soluci\u00f3n definitiva para organizar archivos de manera eficiente en su sitio web de WordPress.<\/p>\n<ul>\n<li>Administre todos sus archivos desde WordPress sin la necesidad de un cliente FTP externo<\/li>\n<li>Organice sus archivos y carpetas para mantener todo ordenado y ordenado<\/li>\n<li>Editar archivos directamente dentro del tablero de WordPress utilizando el editor de c\u00f3digos incorporado<\/li>\n<li>Establezca permisos y controles de acceso para mantener sus archivos seguros<\/li>\n<li>Cargar y descargar archivos r\u00e1pida y f\u00e1cilmente con una interfaz f\u00e1cil de usar<\/li>\n<li>Compatible con todos los temas y complementos, para que pueda trabajar con sus herramientas favoritas<\/li>\n<li>Actualizaciones regulares y correcciones de errores para mantener su administraci\u00f3n de archivos sin problemas y sin problemas<\/li>\n<li>Acceder y administrar cualquier tipo de archivo, desde im\u00e1genes hasta documentos y archivos multimedia y m\u00e1s<\/li>\n<li>Compatible con todos los navegadores y sistemas operativos modernos para la m\u00e1xima conveniencia<\/li>\n<li>Obtenga soporte y documentaci\u00f3n expertos para ayudarlo a aprovechar al m\u00e1ximo el complemento de su administrador de archivos.<\/li>\n<\/ul>\n","protected":false},"excerpt":{"rendered":"<p>El complemento File Manager Pro para WordPress est\u00e1 dise\u00f1ado para proporcionar a los usuarios un sistema de administraci\u00f3n de archivos altamente confiable y sofisticado para sus sitios web de WordPress. Este complemento ofrece una mir\u00edada de funcionalidades que permiten a los usuarios manejar, modificar, cargar y distribuir archivos todo desde una ubicaci\u00f3n centralizada dentro de su tablero de WordPress. Con una interfaz f\u00e1cil de usar, este complemento va m\u00e1s all\u00e1 de lo b\u00e1sico al ofrecer caracter\u00edsticas avanzadas, como la capacidad de arrastrar y soltar archivos para cargar, una funci\u00f3n de b\u00fasqueda integral y la capacidad de compartir archivos. Estos atributos hacen del complemento de File Manager Pro una herramienta indispensable para propietarios y desarrolladores de sitios web que constantemente hacen malabares con m\u00faltiples tareas. \u00a1D\u00e9jate despedir al arduo proceso de organizaci\u00f3n y administraci\u00f3n de archivos, y bienvenida en un flujo de trabajo perfecto con el complemento de File Manager Pro!<\/p>\n","protected":false},"featured_media":166100,"comment_status":"open","ping_status":"open","template":"","meta":[],"product_brand":[2451],"product_cat":[1212,1206,1211],"product_tag":[1799],"class_list":{"0":"post-111820","1":"product","2":"type-product","3":"status-publish","4":"has-post-thumbnail","6":"product_brand-file-manager-pro","7":"product_cat-administracion-wordpress-plugins","8":"product_cat-plugins","9":"product_cat-wordpress-plugins","10":"product_tag-file-manager-pro","11":"member-discount","12":"discount-restricted","14":"first","15":"instock","16":"sale","17":"downloadable","18":"virtual","19":"sold-individually","20":"purchasable","21":"product-type-simple"},"_links":{"self":[{"href":"https:\/\/gpl-love.com\/es\/wp-json\/wp\/v2\/product\/111820","targetHints":{"allow":["GET"]}}],"collection":[{"href":"https:\/\/gpl-love.com\/es\/wp-json\/wp\/v2\/product"}],"about":[{"href":"https:\/\/gpl-love.com\/es\/wp-json\/wp\/v2\/types\/product"}],"replies":[{"embeddable":true,"href":"https:\/\/gpl-love.com\/es\/wp-json\/wp\/v2\/comments?post=111820"}],"wp:featuredmedia":[{"embeddable":true,"href":"https:\/\/gpl-love.com\/es\/wp-json\/wp\/v2\/media\/166100"}],"wp:attachment":[{"href":"https:\/\/gpl-love.com\/es\/wp-json\/wp\/v2\/media?parent=111820"}],"wp:term":[{"taxonomy":"product_brand","embeddable":true,"href":"https:\/\/gpl-love.com\/es\/wp-json\/wp\/v2\/product_brand?post=111820"},{"taxonomy":"product_cat","embeddable":true,"href":"https:\/\/gpl-love.com\/es\/wp-json\/wp\/v2\/product_cat?post=111820"},{"taxonomy":"product_tag","embeddable":true,"href":"https:\/\/gpl-love.com\/es\/wp-json\/wp\/v2\/product_tag?post=111820"}],"curies":[{"name":"wp","href":"https:\/\/api.w.org\/{rel}","templated":true}]}}