{"id":111818,"date":"2021-03-23T00:00:00","date_gmt":"2021-03-23T05:00:00","guid":{"rendered":"http:\/\/gpl-love.com\/es\/producto\/awam-agency-portfolio-wordpress-theme\/"},"modified":"2026-03-13T17:16:17","modified_gmt":"2026-03-13T22:16:17","slug":"awam-agency-portfolio-wordpress-theme","status":"publish","type":"product","link":"https:\/\/gpl-love.com\/es\/producto\/awam-agency-portfolio-wordpress-theme\/","title":{"rendered":"Awam Agency Portfolio WordPress Theme 1.0.8"},"content":{"rendered":"<h3>Awam Agency Portfolio WordPress Theme Caracteristicas<\/h3>\n<p>El tema de WordPress de la cartera de la agencia AWAM surge como una soluci\u00f3n excepcionalmente vers\u00e1til y receptiva que satisface las necesidades de las personas que buscan mostrar su excepcional sitio web de cartera o agencia. Debido a su dise\u00f1o inmaculado y contempor\u00e1neo, este tema ofrece una amplia gama de caracter\u00edsticas personalizables que permiten a los usuarios dise\u00f1ar un sitio web profesional y distintivo para exhibir sus notables creaciones. El tema abarca una gran cantidad de p\u00e1ginas preconstruidas, que abarca la cartera, sobre el equipo, los servicios y las p\u00e1ginas de contacto, facilitando as\u00ed a los usuarios para embarcarse r\u00e1pidamente en su viaje creativo. Adem\u00e1s, posee un panel administrativo influyente, una integraci\u00f3n perfecta con complementos de renombre y la invaluable incorporaci\u00f3n de Google Fonts, lo que permite a los usuarios personalizar su sitio web de acuerdo con sus preferencias personales. No hace falta decir que el tema de WordPress de la cartera de la agencia AWAM se presenta como una opci\u00f3n ejemplar para las personas que aspiran a establecer una presencia en l\u00ednea cautivadora y profesional, ya sea por sus esfuerzos creativos o actividades de agencia.<\/p>\n<ul>\n<li>Un tema de WordPress de cartera elegante y moderno dise\u00f1ado para agencias creativas<\/li>\n<li>Totalmente receptivo, asegurando una experiencia de usuario perfecta en todos los dispositivos<\/li>\n<li>Incluye 10 dise\u00f1os de p\u00e1gina de inicio preconstruidos para elegir<\/li>\n<li>Viene lleno de caracter\u00edsticas como un poderoso constructor de p\u00e1ginas, secciones de arrastrar y soltar y opciones de personalizaci\u00f3n f\u00e1ciles<\/li>\n<li>Muestre f\u00e1cilmente su trabajo con p\u00e1ginas de cartera que permiten el filtrado por categor\u00eda o etiqueta<\/li>\n<li>Una secci\u00f3n de testimonios le permite resaltar a sus clientes satisfechos y generar confianza con los clientes potenciales<\/li>\n<li>La integraci\u00f3n de las redes sociales permite a los visitantes conectarse f\u00e1cilmente con su marca en varias plataformas<\/li>\n<li>La integraci\u00f3n de Google Maps hace que sea simple que los clientes encuentren su ubicaci\u00f3n comercial<\/li>\n<li>Altamente optimizado para SEO, asegurando la m\u00e1xima visibilidad y clasificaci\u00f3n en los motores de b\u00fasqueda<\/li>\n<li>Actualizado regularmente con nuevas funciones y compatibilidad con las \u00faltimas actualizaciones de WordPress.<\/li>\n<\/ul>\n","protected":false},"excerpt":{"rendered":"<p>Descubra el poder y la versatilidad de AWAM, un tema de WordPress de la cartera de agencias premium dise\u00f1adas para mostrar su creatividad y elevar su presencia en l\u00ednea. Totalmente personalizable y f\u00e1cil de navegar, Awam es perfecto para agencias, trabajadores independientes, fot\u00f3grafos y profesionales creativos que buscan causar una fuerte impresi\u00f3n en l\u00ednea.<\/p>\n<p>Con un dise\u00f1o limpio y moderno, este tema de WordPress garantiza que su trabajo se destaca de la mejor manera posible. Con sus robustas capacidades de gesti\u00f3n de cartera, puede organizar y mostrar sin esfuerzo sus proyectos. El dise\u00f1o receptivo garantiza que su sitio se vea fant\u00e1stico en todos los dispositivos, mientras que las opciones de tipograf\u00eda avanzada le permiten expresar la personalidad \u00fanica de su marca.<\/p>\n<p>AWAM tambi\u00e9n incluye p\u00e1ginas de hogar y internas predise\u00f1adas, ahorr\u00e1ndole tiempo y esfuerzo al configurar su sitio web. El tema es totalmente compatible con complementos populares como WooCommerce, lo que facilita la configuraci\u00f3n de una tienda en l\u00ednea. Adem\u00e1s, est\u00e1 optimizado por SEO para ayudar a mejorar su clasificaci\u00f3n de b\u00fasqueda.<\/p>\n<p>Tome el control de su presencia en l\u00ednea con el tema de WordPress de la cartera de la agencia awam. Experimentar los beneficios<\/p>\n","protected":false},"featured_media":165450,"comment_status":"open","ping_status":"open","template":"","meta":[],"product_brand":[2337],"product_cat":[1267,1237,1238],"product_tag":[1391],"class_list":{"0":"post-111818","1":"product","2":"type-product","3":"status-publish","4":"has-post-thumbnail","6":"product_brand-themeforest","7":"product_cat-creativo","8":"product_cat-temas","9":"product_cat-wordpress-temas","10":"product_tag-themeforest","11":"member-discount","12":"discount-restricted","14":"first","15":"instock","16":"sale","17":"downloadable","18":"virtual","19":"sold-individually","20":"purchasable","21":"product-type-simple"},"_links":{"self":[{"href":"https:\/\/gpl-love.com\/es\/wp-json\/wp\/v2\/product\/111818","targetHints":{"allow":["GET"]}}],"collection":[{"href":"https:\/\/gpl-love.com\/es\/wp-json\/wp\/v2\/product"}],"about":[{"href":"https:\/\/gpl-love.com\/es\/wp-json\/wp\/v2\/types\/product"}],"replies":[{"embeddable":true,"href":"https:\/\/gpl-love.com\/es\/wp-json\/wp\/v2\/comments?post=111818"}],"wp:featuredmedia":[{"embeddable":true,"href":"https:\/\/gpl-love.com\/es\/wp-json\/wp\/v2\/media\/165450"}],"wp:attachment":[{"href":"https:\/\/gpl-love.com\/es\/wp-json\/wp\/v2\/media?parent=111818"}],"wp:term":[{"taxonomy":"product_brand","embeddable":true,"href":"https:\/\/gpl-love.com\/es\/wp-json\/wp\/v2\/product_brand?post=111818"},{"taxonomy":"product_cat","embeddable":true,"href":"https:\/\/gpl-love.com\/es\/wp-json\/wp\/v2\/product_cat?post=111818"},{"taxonomy":"product_tag","embeddable":true,"href":"https:\/\/gpl-love.com\/es\/wp-json\/wp\/v2\/product_tag?post=111818"}],"curies":[{"name":"wp","href":"https:\/\/api.w.org\/{rel}","templated":true}]}}