{"id":111804,"date":"2021-03-21T00:00:00","date_gmt":"2021-03-21T05:00:00","guid":{"rendered":"http:\/\/gpl-love.com\/es\/producto\/bluecollar-handyman-and-renovation-business-wordpress-theme\/"},"modified":"2026-03-13T17:16:49","modified_gmt":"2026-03-13T22:16:49","slug":"bluecollar-handyman-and-renovation-business-wordpress-theme","status":"publish","type":"product","link":"https:\/\/gpl-love.com\/es\/producto\/bluecollar-handyman-and-renovation-business-wordpress-theme\/","title":{"rendered":"BlueCollar Handyman y Renovation Business WordPress Theme 2.6.1"},"content":{"rendered":"<h3>BlueCollar Handyman y Renovation Business WordPress Theme Caracteristicas<\/h3>\n<p>El tema de WordPress de WordPress de Handyman y Renovaci\u00f3n de Bluecolar es una soluci\u00f3n que lo abarca todo dise\u00f1ada espec\u00edficamente para satisfacer las necesidades de las empresas que operan en la industria de Handyman y Renovaci\u00f3n. Con una interfaz f\u00e1cil de usar y un dise\u00f1o que se puede personalizar de acuerdo con las preferencias individuales, este tema ofrece una amplia gama de caracter\u00edsticas dise\u00f1adas para optimizar las operaciones de su negocio. Estas caracter\u00edsticas incluyen, entre otros, capacidades de programaci\u00f3n de citas, una plataforma para exhibir la cartera de su proyecto y un sofisticado constructor de mesa de precios. Adem\u00e1s, gracias a su dise\u00f1o receptivo, su sitio web contar\u00e1 con una apariencia impecable en una variedad de dispositivos. Adem\u00e1s, el tema est\u00e1 equipado con herramientas avanzadas de optimizaci\u00f3n de SEO que funcionan incansablemente para mejorar la visibilidad de su negocio en los resultados de los motores de b\u00fasqueda, lo que finalmente lo impulsa a la clasificaci\u00f3n superior. Adem\u00e1s, el tema de WordPress de WordPress de Handyman y Renovaci\u00f3n de Bluecolar se completa con p\u00e1ginas predise\u00f1adas que atienden a una variedad de aspectos cruciales de su negocio, incluidos los servicios, una secci\u00f3n sobre EE. UU., Una p\u00e1gina de contacto y un \u00e1rea dedicada \u00fanicamente a los testimonios. Estas p\u00e1ginas predise\u00f1adas facilitan el proceso de construcci\u00f3n y establecimiento de su presencia en l\u00ednea, por lo que es un esfuerzo sin esfuerzo. Sin duda, el tema de WordPress de WordPress de Handyman y Renovaci\u00f3n de Bluecolar es una opci\u00f3n extremadamente confiable y funcional para las empresas que anhelan dejar su huella en la vasta y en constante expansi\u00f3n de la esfera digital.<\/p>\n<ul>\n<li>Un tema de WordPress profesional y moderno dise\u00f1ado espec\u00edficamente para empresas de control y renovaci\u00f3n<\/li>\n<li>Interfaz de usuario limpia e intuitiva para una f\u00e1cil navegaci\u00f3n y personalizaci\u00f3n<\/li>\n<li>Dise\u00f1o totalmente receptivo que se ve muy bien en cualquier dispositivo<\/li>\n<li>Contenido de demostraci\u00f3n y plantillas de p\u00e1gina preconstruidas para una configuraci\u00f3n r\u00e1pida y f\u00e1cil<\/li>\n<li>Esquemas de color personalizables y opciones de tipograf\u00eda para que coincidan con su marca<\/li>\n<li>Integrado con complementos populares como WooCommerce y el Formulario de contacto 7 para la funcionalidad avanzada<\/li>\n<li>Formularios personalizables para programar citas y consultas de clientes<\/li>\n<li>Builder de p\u00e1gina de arrastrar y soltar para una f\u00e1cil personalizaci\u00f3n y dise\u00f1o de dise\u00f1o<\/li>\n<li>Estructura amigable con SEO para aumentar la clasificaci\u00f3n de su motor de b\u00fasqueda<\/li>\n<li>Actualizaciones regulares y soporte dedicado de los desarrolladores de temas<\/li>\n<\/ul>\n","protected":false},"excerpt":{"rendered":"<p>Presentamos nuestro tema de WordPress de WordPress de Handyman y Renovaci\u00f3n de Bluecollar: una soluci\u00f3n ideal para las necesidades de su sitio web comercial. Este tema de WordPress f\u00e1cil de usar est\u00e1 dise\u00f1ado espec\u00edficamente para profesionales dentro de la industria de control y renovaci\u00f3n. Este tema ofrece una plataforma integral para mostrar su mano de obra calificada, servicios de calidad y testimonios de clientes. Con su interfaz f\u00e1cil de usar y sus caracter\u00edsticas personalizables, puede crear efectivamente una presencia en l\u00ednea profesional y sofisticada para su negocio. Este tema de WordPress tambi\u00e9n ofrece una integraci\u00f3n perfecta con varias plataformas de redes sociales, asegurando que su negocio llegue a un p\u00fablico m\u00e1s amplio. Destacar sus puntos de venta \u00fanicos y los beneficios de sus servicios nunca han sido m\u00e1s f\u00e1ciles. Experimente el valor del Handyman y la renovaci\u00f3n de WordPress de renovaci\u00f3n de WordPress.<\/p>\n","protected":false},"featured_media":165495,"comment_status":"open","ping_status":"open","template":"","meta":[],"product_brand":[2337],"product_cat":[1307,1237,1238],"product_tag":[1391],"class_list":{"0":"post-111804","1":"product","2":"type-product","3":"status-publish","4":"has-post-thumbnail","6":"product_brand-themeforest","7":"product_cat-negocio-wordpress-temas","8":"product_cat-temas","9":"product_cat-wordpress-temas","10":"product_tag-themeforest","11":"member-discount","12":"discount-restricted","14":"first","15":"instock","16":"sale","17":"downloadable","18":"virtual","19":"sold-individually","20":"purchasable","21":"product-type-simple"},"_links":{"self":[{"href":"https:\/\/gpl-love.com\/es\/wp-json\/wp\/v2\/product\/111804","targetHints":{"allow":["GET"]}}],"collection":[{"href":"https:\/\/gpl-love.com\/es\/wp-json\/wp\/v2\/product"}],"about":[{"href":"https:\/\/gpl-love.com\/es\/wp-json\/wp\/v2\/types\/product"}],"replies":[{"embeddable":true,"href":"https:\/\/gpl-love.com\/es\/wp-json\/wp\/v2\/comments?post=111804"}],"wp:featuredmedia":[{"embeddable":true,"href":"https:\/\/gpl-love.com\/es\/wp-json\/wp\/v2\/media\/165495"}],"wp:attachment":[{"href":"https:\/\/gpl-love.com\/es\/wp-json\/wp\/v2\/media?parent=111804"}],"wp:term":[{"taxonomy":"product_brand","embeddable":true,"href":"https:\/\/gpl-love.com\/es\/wp-json\/wp\/v2\/product_brand?post=111804"},{"taxonomy":"product_cat","embeddable":true,"href":"https:\/\/gpl-love.com\/es\/wp-json\/wp\/v2\/product_cat?post=111804"},{"taxonomy":"product_tag","embeddable":true,"href":"https:\/\/gpl-love.com\/es\/wp-json\/wp\/v2\/product_tag?post=111804"}],"curies":[{"name":"wp","href":"https:\/\/api.w.org\/{rel}","templated":true}]}}