{"id":111802,"date":"2021-11-17T00:00:00","date_gmt":"2021-11-17T05:00:00","guid":{"rendered":"http:\/\/gpl-love.com\/es\/producto\/shopwise-fashion-store-woocommerce-theme\/"},"modified":"2026-03-13T17:29:08","modified_gmt":"2026-03-13T22:29:08","slug":"shopwise-fashion-store-woocommerce-theme","status":"publish","type":"product","link":"https:\/\/gpl-love.com\/es\/producto\/shopwise-fashion-store-woocommerce-theme\/","title":{"rendered":"Shopwise Fashion Store WooCommerce Theme 1.5.5"},"content":{"rendered":"<h3>Shopwise Fashion Store WooCommerce Theme Caracteristicas<\/h3>\n<p>El tema de la tienda de moda de Shopwise WooCommerce es una plataforma de comercio electr\u00f3nico de vanguardia y visualmente atractiva que ha sido meticulosamente elaborada para satisfacer las necesidades \u00fanicas de los minoristas de moda. Con un dise\u00f1o elegante y receptivo, este tema asegura que los clientes puedan disfrutar de una experiencia de compra perfecta e inmersiva en una amplia gama de dispositivos. Lo que distingue a este tema es su notable nivel de personalizaci\u00f3n, lo que permite a los minoristas alinear sin esfuerzo su sitio web con su identidad y requisitos de marca distintivos. La inclusi\u00f3n de caracter\u00edsticas avanzadas, como el filtrado de productos, una opci\u00f3n de vista r\u00e1pida y un proceso de pago intuitivo, facilita significativamente la b\u00fasqueda de los clientes para descubrir y adquirir los productos deseados. Adem\u00e1s, el tema proporciona p\u00e1ginas preconstruidas para secciones cruciales como el blog, sobre nosotros y cont\u00e1ctenos, racionalizando as\u00ed el proceso de configuraci\u00f3n inicial. En resumen, el tema de WooCommerce de WooCommerce de Shopwise es una opci\u00f3n excepcional para los minoristas de moda que buscan establecer una tienda en l\u00ednea pulida y cautivadora.<\/p>\n<ul>\n<li>Dise\u00f1o moderno y elegante perfecto para tiendas de moda y ropa<\/li>\n<li>Totalmente personalizable con un poderoso panel de opciones de temas<\/li>\n<li>El dise\u00f1o receptivo y amigable para los dispositivos m\u00f3viles garantiza una experiencia de usuario perfecta en todos los dispositivos<\/li>\n<li>La integraci\u00f3n incorporada de WooCommerce permite una f\u00e1cil gesti\u00f3n de listados de productos y ventas<\/li>\n<li>M\u00faltiples dise\u00f1os de p\u00e1gina de inicio predise\u00f1ados para elegir, incluidos un control deslizante de carrusel y categor\u00edas de productos<\/li>\n<li>Constructor de p\u00e1gina de arrastre y soltar f\u00e1cil de usar para dise\u00f1os de p\u00e1gina y contenido personalizados<\/li>\n<li>Incluye complementos premium como Slider Revolution y Visual Composer para mayor flexibilidad de dise\u00f1o<\/li>\n<li>Opciones personalizables de encabezado y pie de p\u00e1gina para una apariencia \u00fanica<\/li>\n<li>Compatible con complementos populares como el formulario de contacto 7 y yoast SEO para una funcionalidad adicional<\/li>\n<li>Actualizaciones regulares y atenci\u00f3n al cliente en curso para una experiencia de usuario perfecta.<\/li>\n<\/ul>\n","protected":false},"excerpt":{"rendered":"<p>El tema de la tienda de moda de Shopwise WooCommerce se presenta como la mejor soluci\u00f3n para las tiendas de moda en l\u00ednea, que atiende a sus necesidades con delicadeza. Con un dise\u00f1o elegante y moderno, este tema garantiza una experiencia de compra perfecta para los clientes que trasciende los l\u00edmites de las compras en l\u00ednea tradicionales. Adem\u00e1s de su apariencia est\u00e9ticamente agradable, el tema tambi\u00e9n ofrece una variedad de caracter\u00edsticas incorporadas, como un men\u00fa de mega, controles deslizantes, vista r\u00e1pida del producto y opciones de filtro, entre otras. Estas funcionalidades permiten a los minoristas proporcionar a sus clientes una experiencia de compra que no solo sea visualmente cautivadora sino tambi\u00e9n altamente eficiente.<\/p>\n","protected":false},"featured_media":167485,"comment_status":"open","ping_status":"open","template":"","meta":[],"product_brand":[2337],"product_cat":[1263,1469,1237],"product_tag":[1391],"class_list":{"0":"post-111802","1":"product","2":"type-product","3":"status-publish","4":"has-post-thumbnail","6":"product_brand-themeforest","7":"product_cat-comercio-electronico-temas","8":"product_cat-creativo-comercio-electronico-temas","9":"product_cat-temas","10":"product_tag-themeforest","11":"member-discount","12":"discount-restricted","14":"first","15":"instock","16":"sale","17":"downloadable","18":"virtual","19":"sold-individually","20":"purchasable","21":"product-type-simple"},"_links":{"self":[{"href":"https:\/\/gpl-love.com\/es\/wp-json\/wp\/v2\/product\/111802","targetHints":{"allow":["GET"]}}],"collection":[{"href":"https:\/\/gpl-love.com\/es\/wp-json\/wp\/v2\/product"}],"about":[{"href":"https:\/\/gpl-love.com\/es\/wp-json\/wp\/v2\/types\/product"}],"replies":[{"embeddable":true,"href":"https:\/\/gpl-love.com\/es\/wp-json\/wp\/v2\/comments?post=111802"}],"wp:featuredmedia":[{"embeddable":true,"href":"https:\/\/gpl-love.com\/es\/wp-json\/wp\/v2\/media\/167485"}],"wp:attachment":[{"href":"https:\/\/gpl-love.com\/es\/wp-json\/wp\/v2\/media?parent=111802"}],"wp:term":[{"taxonomy":"product_brand","embeddable":true,"href":"https:\/\/gpl-love.com\/es\/wp-json\/wp\/v2\/product_brand?post=111802"},{"taxonomy":"product_cat","embeddable":true,"href":"https:\/\/gpl-love.com\/es\/wp-json\/wp\/v2\/product_cat?post=111802"},{"taxonomy":"product_tag","embeddable":true,"href":"https:\/\/gpl-love.com\/es\/wp-json\/wp\/v2\/product_tag?post=111802"}],"curies":[{"name":"wp","href":"https:\/\/api.w.org\/{rel}","templated":true}]}}