{"id":111800,"date":"2025-06-06T00:00:00","date_gmt":"2025-06-06T05:00:00","guid":{"rendered":"http:\/\/gpl-love.com\/es\/producto\/motopress-hotel-booking-wordpress-plugin\/"},"modified":"2026-04-10T11:17:14","modified_gmt":"2026-04-10T16:17:14","slug":"motopress-hotel-booking-wordpress-plugin","status":"publish","type":"product","link":"https:\/\/gpl-love.com\/es\/producto\/motopress-hotel-booking-wordpress-plugin\/","title":{"rendered":"MotoPress Hotel Booking WordPress Plugin 5.2.3"},"content":{"rendered":"<h3>MotoPress Hotel Booking WordPress Plugin Caracteristicas<\/h3>\n<p>El complemento de WordPress de reserva de Hotel MotoPress, una herramienta altamente eficiente y robusta, se ha desarrollado espec\u00edficamente para racionalizar el complejo proceso de reserva de hoteles en l\u00ednea. Este complemento excepcional empodera a los propietarios de hoteles al proporcionarles un medio perfecto y sin problemas para administrar sus reservas, reservas y pagos directamente desde su sitio de WordPress. Ofreciendo una interfaz de usuario notablemente intuitiva y una variedad de opciones personalizables, este complemento equipa a los propietarios de hoteles con un control incomparable sobre su sistema de reserva en l\u00ednea. Con su notable capacidad de integrarse perfectamente con su sitio web existente, independientemente de su complejidad, el complemento de WordPress de Motrepress Hotel WordPress facilita sin esfuerzo la adici\u00f3n de la funcionalidad de reserva integral a cualquier sitio de WordPress. Con una impresionante variedad de caracter\u00edsticas, que incluyen, entre otros, disponibilidad en tiempo real, opciones de precios a medida y notificaciones automatizadas por correo electr\u00f3nico, este complemento demuestra ser una soluci\u00f3n ideal para hoteles de todos los tama\u00f1os. Si se encuentra en busca de un sistema de reserva en l\u00ednea confiable y altamente eficiente, no busque m\u00e1s que el notable complemento de WordPress de reserva de Hotel MotoPress, ya que sin duda es la soluci\u00f3n perfecta para usted.<\/p>\n<ul>\n<li>Cree sin esfuerzo un sistema de reserva en l\u00ednea potente y altamente personalizable para su hotel con el complemento de WordPress de reserva de Hotel Motepress<\/li>\n<li>Mostrar calendarios de disponibilidad, tomar reservas y pagos, y administrar todas sus reservas desde un tablero intuitivo<\/li>\n<li>Automatice su proceso de reserva con sincronizaci\u00f3n en tiempo real en m\u00faltiples canales, incluidos su sitio web, redes sociales y plataformas de reserva de terceros.<\/li>\n<li>Mantenga a sus invitados al principio con notificaciones autom\u00e1ticas por correo electr\u00f3nico, correos electr\u00f3nicos de confirmaci\u00f3n y recordatorios de reserva<\/li>\n<li>Personalice sus formularios de reserva para recopilar la informaci\u00f3n que necesita de sus invitados e incluso ofrece complementos como comidas o servicios adicionales para una experiencia a\u00fan m\u00e1s personalizada.<\/li>\n<li>Mejore su visibilidad en l\u00ednea con potentes herramientas de optimizaci\u00f3n de motores de b\u00fasqueda que ayudan a su hotel a clasificarse m\u00e1s en los resultados de b\u00fasqueda<\/li>\n<li>Administre el inventario, las tarifas y las pol\u00edticas de su habitaci\u00f3n con facilidad, incluidas las tarifas estacionales, los descuentos y las pol\u00edticas de cancelaci\u00f3n<\/li>\n<li>Herramientas de an\u00e1lisis y informes detallados del arn\u00e9s para rastrear sus reservas, ocupaci\u00f3n, ingresos y m\u00e1s, ayud\u00e1ndole a tomar decisiones informadas sobre sus estrategias de gesti\u00f3n de precios, marketing y ingresos<\/li>\n<li>Beneficiarse de poderosas integraciones con pasarelas de pago populares, herramientas de marketing y m\u00e1s, ayudarlo a racionalizar toda su operaci\u00f3n y hacer crecer su negocio hotelero.<\/li>\n<\/ul>\n","protected":false},"excerpt":{"rendered":"<p>El complemento de WordPress de la reserva del hotel MotoPress es un sistema de reserva que lo abarca todo que ha sido dise\u00f1ado espec\u00edficamente con el objetivo de optimizar la gesti\u00f3n de las reservas de hoteles en l\u00ednea. Este complemento altamente eficiente le permite mostrar sin esfuerzo las diversas habitaciones y servicios que su hotel tiene para ofrecer, al tiempo que proporciona informaci\u00f3n en tiempo real sobre la disponibilidad. Adem\u00e1s, permite a sus invitados hacer reservas directas a trav\u00e9s de su sitio web, facilitando as\u00ed un proceso de reserva sin problemas y sin problemas. La amplia gama de caracter\u00edsticas que cuenta este complemento incluye, entre otros, actualizaciones de disponibilidad en tiempo real, opciones de gesti\u00f3n de precios flexibles, reglas de reserva configurables y la capacidad de personalizar los formularios de reserva. Todas estas caracter\u00edsticas son convenientemente accesibles a trav\u00e9s de una interfaz intuitiva y f\u00e1cil de usar, asegurando que los usuarios novatos y experimentados puedan navegar por el complemento con facilidad. Independientemente de si est\u00e1 a cargo de administrar un hotel a peque\u00f1a escala, una reconocida cadena de hoteles internacionales o un acogedor establecimiento de bed and breakfast, el complemento de WordPress de la reserva de Hotel Motepress es sin duda la herramienta definitiva para administrar efectivamente sus reservas y mejorar la experiencia general de sus valiosos invitados.<\/p>\n","protected":false},"featured_media":166829,"comment_status":"open","ping_status":"open","template":"","meta":[],"product_brand":[2339],"product_cat":[1214,1206,1211],"product_tag":[1256],"class_list":{"0":"post-111800","1":"product","2":"type-product","3":"status-publish","4":"has-post-thumbnail","6":"product_brand-codecanyon","7":"product_cat-personalizacion","8":"product_cat-plugins","9":"product_cat-wordpress-plugins","10":"product_tag-codecanyon","11":"member-discount","12":"discount-restricted","14":"first","15":"instock","16":"sale","17":"downloadable","18":"virtual","19":"sold-individually","20":"purchasable","21":"product-type-simple"},"_links":{"self":[{"href":"https:\/\/gpl-love.com\/es\/wp-json\/wp\/v2\/product\/111800","targetHints":{"allow":["GET"]}}],"collection":[{"href":"https:\/\/gpl-love.com\/es\/wp-json\/wp\/v2\/product"}],"about":[{"href":"https:\/\/gpl-love.com\/es\/wp-json\/wp\/v2\/types\/product"}],"replies":[{"embeddable":true,"href":"https:\/\/gpl-love.com\/es\/wp-json\/wp\/v2\/comments?post=111800"}],"wp:featuredmedia":[{"embeddable":true,"href":"https:\/\/gpl-love.com\/es\/wp-json\/wp\/v2\/media\/166829"}],"wp:attachment":[{"href":"https:\/\/gpl-love.com\/es\/wp-json\/wp\/v2\/media?parent=111800"}],"wp:term":[{"taxonomy":"product_brand","embeddable":true,"href":"https:\/\/gpl-love.com\/es\/wp-json\/wp\/v2\/product_brand?post=111800"},{"taxonomy":"product_cat","embeddable":true,"href":"https:\/\/gpl-love.com\/es\/wp-json\/wp\/v2\/product_cat?post=111800"},{"taxonomy":"product_tag","embeddable":true,"href":"https:\/\/gpl-love.com\/es\/wp-json\/wp\/v2\/product_tag?post=111800"}],"curies":[{"name":"wp","href":"https:\/\/api.w.org\/{rel}","templated":true}]}}