{"id":111798,"date":"2021-03-21T00:00:00","date_gmt":"2021-03-21T05:00:00","guid":{"rendered":"http:\/\/gpl-love.com\/es\/producto\/ebrima-minimal-and-creative-woocommerce-wp-theme\/"},"modified":"2026-03-13T17:19:36","modified_gmt":"2026-03-13T22:19:36","slug":"ebrima-minimal-and-creative-woocommerce-wp-theme","status":"publish","type":"product","link":"https:\/\/gpl-love.com\/es\/producto\/ebrima-minimal-and-creative-woocommerce-wp-theme\/","title":{"rendered":"Ebrima Minimal y Creative WooCommerce WP Theme 1.1.10"},"content":{"rendered":"<h3>Ebrima Minimal y Creative WooCommerce WP Theme Caracteristicas<\/h3>\n<p>El tema WP de WOOOCOMPE MINIMALES Y CREATIVO de EBRIMA representa un tema de WordPress exquisito y altamente funcional, que demuestra ser una opci\u00f3n ideal para aquellos que buscan establecer una tienda en l\u00ednea. La filosof\u00eda de dise\u00f1o central del tema gira en torno al minimalismo, proporcionando a los usuarios una apariencia est\u00e9ticamente limpia y contempor\u00e1nea que seguramente cautivar\u00e1 a sus clientes. Adem\u00e1s, el tema de Ebrima cuenta con una gran cantidad de opciones de personalizaci\u00f3n, lo que permite a los usuarios adaptar sin esfuerzo el tema para alinearse con su identidad de marca y crear una experiencia de compra verdaderamente incomparable para su estimada clientela. Adem\u00e1s, este tema es totalmente receptivo, asegurando as\u00ed un atractivo visual impecable en todos los tipos de dispositivos. En particular, el tema de Ebrima ha sido meticulosamente optimizado para SEO, garantizando la capacidad de descubrimiento perfecta de su sitio web. Complementado por su interfaz f\u00e1cil de usar y su dise\u00f1o intuitivo, el tema Ebrima emerge como la mejor opci\u00f3n para las personas que buscan dise\u00f1ar una tienda en l\u00ednea que combina sin esfuerzo belleza y funcionalidad.<\/p>\n<ul>\n<li>Dise\u00f1o limpio y minimalista<\/li>\n<li>Compatible con WooCommerce para la funcionalidad de comercio electr\u00f3nico<\/li>\n<li>M\u00faltiples dise\u00f1os de la p\u00e1gina de inicio para satisfacer sus necesidades<\/li>\n<li>Integrado con constructores de p\u00e1ginas populares como Elementor y Wpbakery<\/li>\n<li>Totalmente personalizable con opciones de tema avanzadas<\/li>\n<li>Admite m\u00faltiples formatos de publicaci\u00f3n como video, galer\u00eda y audio<\/li>\n<li>SEO optimizado para una mejor clasificaci\u00f3n de motores de b\u00fasqueda<\/li>\n<li>Dise\u00f1o receptivo para una visualizaci\u00f3n perfecta en todos los dispositivos<\/li>\n<li>Integrado con complementos populares como el Formulario de contacto 7 y MailChimp<\/li>\n<li>Velocidades de carga r\u00e1pidas para una experiencia de usuario optimizada<\/li>\n<\/ul>\n","protected":false},"excerpt":{"rendered":"<p>Perm\u00edteme presentar el notable tema de sitios de sitios de WP de WooCommerce Minimal y Creative WooCommerce, un dise\u00f1o de sitio web verdaderamente cautivador y sofisticado que es exquisitamente adecuado para las empresas involucradas en el comercio electr\u00f3nico. Su dise\u00f1o est\u00e9ticamente agradable y dise\u00f1ado contempor\u00e1neamente distinguir\u00e1 sin lugar a dudas su tienda en l\u00ednea, atrayendo a los clientes con su apariencia visualmente atractiva y llamativa. A la medida exclusivamente para la plataforma WooCommerce, este tema facilita la gesti\u00f3n sin esfuerzo y la presentaci\u00f3n de su amplia gama de productos y servicios, asegurando una experiencia de compra en l\u00ednea perfecta y placentera para su estimada clientela. \u00a1No pierda el tiempo y eleve su presencia virtual a alturas sin precedentes al abrazar el impecable eBrima Minimal y Creative WooCommerce WP WP THEM hoy!<\/p>\n","protected":false},"featured_media":165900,"comment_status":"open","ping_status":"open","template":"","meta":[],"product_brand":[2337],"product_cat":[1263,1469,1237],"product_tag":[1391],"class_list":{"0":"post-111798","1":"product","2":"type-product","3":"status-publish","4":"has-post-thumbnail","6":"product_brand-themeforest","7":"product_cat-comercio-electronico-temas","8":"product_cat-creativo-comercio-electronico-temas","9":"product_cat-temas","10":"product_tag-themeforest","11":"member-discount","12":"discount-restricted","14":"first","15":"instock","16":"sale","17":"downloadable","18":"virtual","19":"sold-individually","20":"purchasable","21":"product-type-simple"},"_links":{"self":[{"href":"https:\/\/gpl-love.com\/es\/wp-json\/wp\/v2\/product\/111798","targetHints":{"allow":["GET"]}}],"collection":[{"href":"https:\/\/gpl-love.com\/es\/wp-json\/wp\/v2\/product"}],"about":[{"href":"https:\/\/gpl-love.com\/es\/wp-json\/wp\/v2\/types\/product"}],"replies":[{"embeddable":true,"href":"https:\/\/gpl-love.com\/es\/wp-json\/wp\/v2\/comments?post=111798"}],"wp:featuredmedia":[{"embeddable":true,"href":"https:\/\/gpl-love.com\/es\/wp-json\/wp\/v2\/media\/165900"}],"wp:attachment":[{"href":"https:\/\/gpl-love.com\/es\/wp-json\/wp\/v2\/media?parent=111798"}],"wp:term":[{"taxonomy":"product_brand","embeddable":true,"href":"https:\/\/gpl-love.com\/es\/wp-json\/wp\/v2\/product_brand?post=111798"},{"taxonomy":"product_cat","embeddable":true,"href":"https:\/\/gpl-love.com\/es\/wp-json\/wp\/v2\/product_cat?post=111798"},{"taxonomy":"product_tag","embeddable":true,"href":"https:\/\/gpl-love.com\/es\/wp-json\/wp\/v2\/product_tag?post=111798"}],"curies":[{"name":"wp","href":"https:\/\/api.w.org\/{rel}","templated":true}]}}