{"id":111774,"date":"2025-10-18T00:00:00","date_gmt":"2025-10-18T05:00:00","guid":{"rendered":"http:\/\/gpl-love.com\/es\/producto\/woocommerce-tab-manager\/"},"modified":"2026-03-09T08:25:59","modified_gmt":"2026-03-09T13:25:59","slug":"woocommerce-tab-manager","status":"publish","type":"product","link":"https:\/\/gpl-love.com\/es\/producto\/woocommerce-tab-manager\/","title":{"rendered":"WooCommerce Tab Manager 1.16.2"},"content":{"rendered":"<h3>WooCommerce Tab Manager Caracteristicas<\/h3>\n<p>WooCommerce Tab Manager se presenta como una herramienta altamente formidable que d\u00eda a los usuarios la capacidad de personalizar y administrar de manera efectiva y meticulosa las pesta\u00f1as de productos dentro de su tienda WooCommerce. Este complemento capacita con \u00e9xito a los propietarios de tiendas para incorporar, eliminar o reorganizar las pesta\u00f1as de acuerdo con sus requisitos y deseos espec\u00edficos e individualizados. Adem\u00e1s, el complemento en cuesti\u00f3n se acompa\u00f1a de una interfaz que no solo promociona un nivel incomparable de facilidad de uso, sino que tambi\u00e9n facilita la gesti\u00f3n perfecta de las pesta\u00f1as para cada producto distinto o incluso en la totalidad de la tienda. Adem\u00e1s, los usuarios tienen la oportunidad de fabricar pesta\u00f1as personalizadas que se adaptan solo a sus propias preferencias y preferencias, lo que permite la incorporaci\u00f3n de una verdadera cornucopia de contenido, que puede incluir, entre otros, elementos textuales, im\u00e1genes visuales, videos , y una variedad de otros medios. La naturaleza multifac\u00e9tica del complemento de WooCommerce Tab Manager se evidencia a\u00fan m\u00e1s por su notable grado de adaptabilidad, ya que ofrece una amplia variedad de opciones que sirven para permitir a los usuarios ajustar tanto la est\u00e9tica externa como el funcionamiento interno de sus respectivas pesta\u00f1as con facilidad sin paralelo. y dominio. En resumen, est\u00e1 evidentemente claro que este complemento particular indiscutiblemente es un activo indispensable e indispensable para todos aquellos que est\u00e1n decididos en su b\u00fasqueda de optimizar y elevar las p\u00e1ginas de productos dentro de su tienda de WooCommerce a alturas sin precedentes.<\/p>\n<ul>\n<li>P\u00e1ginas de productos personalizables: con WooCommerce Tab Manager, puede crear pesta\u00f1as personalizadas en sus p\u00e1ginas de productos para mostrar caracter\u00edsticas clave, revisiones, preguntas frecuentes y m\u00e1s.<\/li>\n<li>Mantenga sus p\u00e1ginas organizadas: el complemento le permite clasificar sus pesta\u00f1as, facilitando a sus clientes navegar por su sitio y encontrar la informaci\u00f3n que necesitan.<\/li>\n<li>F\u00e1cil de instalar: WooCommerce Tab Manager es f\u00e1cil de instalar e integrar con su configuraci\u00f3n existente de WooCommerce, que no requiere conocimientos de codificaci\u00f3n.<\/li>\n<li>Desata su creatividad: el complemento proporciona una gama de opciones de personalizaci\u00f3n, lo que le brinda el poder de crear p\u00e1ginas de productos \u00fanicas que se destaquen entre la multitud.<\/li>\n<li>Aumentar las ventas: al proporcionar a los clientes toda la informaci\u00f3n que necesitan de manera clara y organizada, es m\u00e1s probable que las conviertan en clientes que pagan.<\/li>\n<li>Dise\u00f1o receptivo: el complemento es totalmente receptivo, lo que significa que sus pesta\u00f1as personalizadas se mostrar\u00e1n perfectamente en todos los dispositivos.<\/li>\n<li>Compatibilidad: WooCommerce Tab Manager es compatible con todos los temas y extensiones de WooCommerce, lo que lo convierte en una adici\u00f3n vers\u00e1til a cualquier sitio de comercio electr\u00f3nico.<\/li>\n<li>Soporte profesional: ofrecemos soporte dedicado a trav\u00e9s de nuestro sitio web, asegurando que cualquier problema que encuentre se resuelva de manera r\u00e1pida y efectiva.<\/li>\n<\/ul>\n","protected":false},"excerpt":{"rendered":"<p>El gerente de pesta\u00f1as de WooCommerce, un complemento extremadamente avanzado, sirve para aumentar la funcionalidad de su estimada tienda en l\u00ednea. Facilita la creaci\u00f3n sin esfuerzo de pesta\u00f1as de productos personalizadas, proporcionando as\u00ed a sus estimados clientes una verdadera riqueza de informaci\u00f3n adicional relacionada con sus productos distinguidos. Adem\u00e1s, le otorga la oportunidad de incorporar una variedad ecl\u00e9ctica de diversos tipos de pesta\u00f1as, que van desde la forma de texto convencional hasta los formatos de imagen y video m\u00e1s visualmente inmersivos. Al emplear esta notable herramienta, estar\u00e1 dotado de la capacidad de presentar sus productos estimados de una manera que sea notablemente m\u00e1s cautivadora y absorbente. Adem\u00e1s, el gerente de pesta\u00f1as de WooCommerce le confiere la capacidad invaluable de reordenar y cambiar el nombre de las pesta\u00f1as, asegurando as\u00ed una organizaci\u00f3n y coherencia \u00f3ptimas. Adem\u00e1s, podr\u00e1 establecer condiciones espec\u00edficas, adaptadas a las especificaciones \u00fanicas de ciertos productos o categor\u00edas, lo que permite la exposici\u00f3n selectiva o la ocultaci\u00f3n de las pesta\u00f1as respectivas. Este complemento notable sirve como una v\u00eda excepcional a trav\u00e9s de la cual reforzar sus ingresos por ventas, mientras que mejora la experiencia del usuario dentro de los l\u00edmites de su estimada tienda en l\u00ednea.<\/p>\n","protected":false},"featured_media":168287,"comment_status":"open","ping_status":"open","template":"","meta":[],"product_brand":[2344],"product_cat":[1207,1248,1206],"product_tag":[1423],"class_list":{"0":"post-111774","1":"product","2":"type-product","3":"status-publish","4":"has-post-thumbnail","6":"product_brand-woocommerce","7":"product_cat-comercio-electronico-plugins","8":"product_cat-personalizacion-comercio-electronico-plugins","9":"product_cat-plugins","10":"product_tag-woocommerce","11":"member-discount","12":"discount-restricted","14":"first","15":"instock","16":"sale","17":"downloadable","18":"virtual","19":"sold-individually","20":"purchasable","21":"product-type-simple"},"_links":{"self":[{"href":"https:\/\/gpl-love.com\/es\/wp-json\/wp\/v2\/product\/111774","targetHints":{"allow":["GET"]}}],"collection":[{"href":"https:\/\/gpl-love.com\/es\/wp-json\/wp\/v2\/product"}],"about":[{"href":"https:\/\/gpl-love.com\/es\/wp-json\/wp\/v2\/types\/product"}],"replies":[{"embeddable":true,"href":"https:\/\/gpl-love.com\/es\/wp-json\/wp\/v2\/comments?post=111774"}],"wp:featuredmedia":[{"embeddable":true,"href":"https:\/\/gpl-love.com\/es\/wp-json\/wp\/v2\/media\/168287"}],"wp:attachment":[{"href":"https:\/\/gpl-love.com\/es\/wp-json\/wp\/v2\/media?parent=111774"}],"wp:term":[{"taxonomy":"product_brand","embeddable":true,"href":"https:\/\/gpl-love.com\/es\/wp-json\/wp\/v2\/product_brand?post=111774"},{"taxonomy":"product_cat","embeddable":true,"href":"https:\/\/gpl-love.com\/es\/wp-json\/wp\/v2\/product_cat?post=111774"},{"taxonomy":"product_tag","embeddable":true,"href":"https:\/\/gpl-love.com\/es\/wp-json\/wp\/v2\/product_tag?post=111774"}],"curies":[{"name":"wp","href":"https:\/\/api.w.org\/{rel}","templated":true}]}}