{"id":111772,"date":"2024-09-28T00:00:00","date_gmt":"2024-09-28T05:00:00","guid":{"rendered":"http:\/\/gpl-love.com\/es\/producto\/infinite-multipurpose-wordpress-theme\/"},"modified":"2026-03-13T17:22:36","modified_gmt":"2026-03-13T22:22:36","slug":"infinite-multipurpose-wordpress-theme","status":"publish","type":"product","link":"https:\/\/gpl-love.com\/es\/producto\/infinite-multipurpose-wordpress-theme\/","title":{"rendered":"Infinite Multipurpose WordPress Theme 4.0.8"},"content":{"rendered":"<h3>Infinite Multipurpose WordPress Theme Caracteristicas<\/h3>\n<p>El tema infinito de WordPress multiprop\u00f3sito es un tema excepcionalmente vers\u00e1til y extremadamente f\u00e1cil de usar que atiende a una amplia gama de tipos de sitios web. Con una extensa gama de caracter\u00edsticas y opciones, este tema ofrece una flexibilidad incomparable, lo que le permite adaptar su sitio con precisi\u00f3n a sus especificaciones \u00fanicas. Mostrando un dise\u00f1o elegante y contempor\u00e1neo, exuda un encanto palpable para empresas, blogueros y profesionales creativos por igual. Adem\u00e1s, su total capacidad de respuesta garantiza una est\u00e9tica impecable en todos los dispositivos. Con la inclusi\u00f3n de un constructor de p\u00e1ginas de arrastre y ca\u00edda robusta, la creaci\u00f3n de dise\u00f1os a medida y la adici\u00f3n de contenido fresco se convierten en esfuerzos de m\u00e1xima simplicidad. Adem\u00e1s, el tema proporciona generosamente una gran cantidad de plantillas preconstruidas y sitios de demostraci\u00f3n, que sirve como una base firme para su viaje creativo. Ya sea que se esfuerza por construir un blog modesto o una plataforma de comercio electr\u00f3nico multifac\u00e9tico, el tema infinito de WordPress multiprop\u00f3sito le proporciona todas las herramientas necesarias para dise\u00f1ar un sitio web exquisitamente cautivador y sin problemas.<\/p>\n<ul>\n<li>Dise\u00f1o totalmente receptivo que se ve muy bien en cualquier dispositivo o tama\u00f1o de pantalla<\/li>\n<li>Opciones de personalizaci\u00f3n ilimitadas con el constructor de p\u00e1ginas Visual Composer incluido<\/li>\n<li>M\u00e1s de 20 dise\u00f1os de demostraci\u00f3n predise\u00f1ados para impulsar la creaci\u00f3n de su sitio web<\/li>\n<li>Panel de opciones de temas f\u00e1ciles de usar para una f\u00e1cil personalizaci\u00f3n de fuentes, colores y m\u00e1s<\/li>\n<li>Opciones de blog avanzadas incorporadas, incluidos dise\u00f1os de blog y corouseles postales<\/li>\n<li>Opciones m\u00faltiples de encabezado y pie de p\u00e1gina para elegir para dise\u00f1os \u00fanicos de sitios web<\/li>\n<li>WooCommerce listo para una f\u00e1cil integraci\u00f3n de comercio electr\u00f3nico<\/li>\n<li>Soporte del men\u00fa de mega para la f\u00e1cil navegaci\u00f3n de sitios web grandes<\/li>\n<li>Importaci\u00f3n de demostraci\u00f3n de un solo clic para replicar dise\u00f1os de demostraci\u00f3n y dise\u00f1os r\u00e1pidamente<\/li>\n<li>Atenci\u00f3n al cliente confiable disponible por correo electr\u00f3nico o foros de soporte dedicados<\/li>\n<\/ul>\n","protected":false},"excerpt":{"rendered":"<p>El tema de entrada es un tema de WordPress incre\u00edblemente vers\u00e1til y potente que cuenta con una amplia gama de caracter\u00edsticas y funcionalidades, lo que lo hace adecuado para cualquier tipo de sitio web que pueda imaginar. Su dise\u00f1o profesional y moderno, junto con sus opciones de personalizaci\u00f3n flexibles y las opciones de color infinitas, contribuyen a su atractivo y popularidad entre los bloggers, empresas, tiendas de comercio electr\u00f3nico e innumerables otros. En particular, el tema es totalmente receptivo, asegurando que su sitio web parezca sin problemas en cualquier dispositivo, independientemente de su tama\u00f1o o especificaciones. Esta capacidad de respuesta permite una experiencia de usuario \u00f3ptima, independientemente de si el visitante accede a su sitio a trav\u00e9s de una computadora de escritorio, computadora port\u00e1til, tableta o tel\u00e9fono inteligente.<\/p>\n","protected":false},"featured_media":166465,"comment_status":"open","ping_status":"open","template":"","meta":[],"product_brand":[2337],"product_cat":[1239,1237,1238],"product_tag":[1391],"class_list":{"0":"post-111772","1":"product","2":"type-product","3":"status-publish","4":"has-post-thumbnail","6":"product_brand-themeforest","7":"product_cat-de-multiples-fines","8":"product_cat-temas","9":"product_cat-wordpress-temas","10":"product_tag-themeforest","11":"member-discount","12":"discount-restricted","14":"first","15":"instock","16":"sale","17":"downloadable","18":"virtual","19":"sold-individually","20":"purchasable","21":"product-type-simple"},"_links":{"self":[{"href":"https:\/\/gpl-love.com\/es\/wp-json\/wp\/v2\/product\/111772","targetHints":{"allow":["GET"]}}],"collection":[{"href":"https:\/\/gpl-love.com\/es\/wp-json\/wp\/v2\/product"}],"about":[{"href":"https:\/\/gpl-love.com\/es\/wp-json\/wp\/v2\/types\/product"}],"replies":[{"embeddable":true,"href":"https:\/\/gpl-love.com\/es\/wp-json\/wp\/v2\/comments?post=111772"}],"wp:featuredmedia":[{"embeddable":true,"href":"https:\/\/gpl-love.com\/es\/wp-json\/wp\/v2\/media\/166465"}],"wp:attachment":[{"href":"https:\/\/gpl-love.com\/es\/wp-json\/wp\/v2\/media?parent=111772"}],"wp:term":[{"taxonomy":"product_brand","embeddable":true,"href":"https:\/\/gpl-love.com\/es\/wp-json\/wp\/v2\/product_brand?post=111772"},{"taxonomy":"product_cat","embeddable":true,"href":"https:\/\/gpl-love.com\/es\/wp-json\/wp\/v2\/product_cat?post=111772"},{"taxonomy":"product_tag","embeddable":true,"href":"https:\/\/gpl-love.com\/es\/wp-json\/wp\/v2\/product_tag?post=111772"}],"curies":[{"name":"wp","href":"https:\/\/api.w.org\/{rel}","templated":true}]}}