{"id":111770,"date":"2025-11-14T00:00:00","date_gmt":"2025-11-14T05:00:00","guid":{"rendered":"http:\/\/gpl-love.com\/es\/producto\/touchy-wordpress-mobile-menu-plugin\/"},"modified":"2026-03-09T08:15:23","modified_gmt":"2026-03-09T13:15:23","slug":"touchy-wordpress-mobile-menu-plugin","status":"publish","type":"product","link":"https:\/\/gpl-love.com\/es\/producto\/touchy-wordpress-mobile-menu-plugin\/","title":{"rendered":"Touchy WordPress Mobile Menu Plugin 5.0"},"content":{"rendered":"<h3>Touchy WordPress Mobile Menu Plugin Caracteristicas<\/h3>\n<p>El conteado complemento de men\u00fa m\u00f3vil de WordPress es una herramienta indispensable que es muy buscada por los desarrolladores de sitios web que se esfuerzan diligentemente para garantizar una experiencia de usuario impecable en los dispositivos m\u00f3viles. Este notable complemento cuenta con un dise\u00f1o exquisitamente elegante que se combina con una interfaz notablemente intuitiva y en sinton\u00eda con el tacto, simplificando as\u00ed el proceso de navegaci\u00f3n de sitios web para los visitantes que utilizan sus tel\u00e9fonos inteligentes y tabletas. Adem\u00e1s, ofrece una impresionante variedad de opciones de personalizaci\u00f3n, que abarca una variedad de estilos de men\u00fa, una amplia paleta de colores y una selecci\u00f3n diversa de iconos, lo que lo permite armonizar el men\u00fa con la est\u00e9tica visual general de su sitio web de manera sin costura de una manera sin costura. . Adem\u00e1s, este complemento extraordinario le otorga la capacidad \u00fanica de incorporar una variedad de caracter\u00edsticas adicionales, como la integraci\u00f3n de enlaces de redes sociales, logotipos y barras de b\u00fasqueda, lo que hace que su men\u00fa m\u00f3vil sea altamente interactivo e indiscutiblemente cautivador. En esencia, el conteado complemento de men\u00fa m\u00f3vil de WordPress es un activo indispensable para cualquier sitio web que aspira a elevar y enriquecer la experiencia del usuario m\u00f3vil que proporciona.<\/p>\n<ul>\n<li>Men\u00fa m\u00f3vil personalizable para sitios web de WordPress.<\/li>\n<li>Navegaci\u00f3n basada en t\u00e1ctil para usar f\u00e1cilmente en dispositivos m\u00f3viles.<\/li>\n<li>M\u00faltiples opciones de dise\u00f1o del men\u00fa para adaptarse al dise\u00f1o de su sitio web.<\/li>\n<li>F\u00e1cil interfaz de construcci\u00f3n de men\u00fa de arrastrar y soltar.<\/li>\n<li>Capacidad para agregar iconos a los elementos del men\u00fa para atractivo visual.<\/li>\n<li>Opci\u00f3n para incluir una barra de b\u00fasqueda dentro del men\u00fa m\u00f3vil.<\/li>\n<li>Integraci\u00f3n con temas y complementos populares de WordPress.<\/li>\n<li>Dise\u00f1o receptivo para adaptarse a varios tama\u00f1os de pantalla.<\/li>\n<li>Animaciones suaves para una experiencia de usuario pulida.<\/li>\n<li>Equipo de apoyo dedicado para ayudar con cualquier problema o pregunta.<\/li>\n<\/ul>\n","protected":false},"excerpt":{"rendered":"<p>El complemento de men\u00fa m\u00f3vil de WordPress, una herramienta notablemente robusta, empodera a los constructores de sitios web con la capacidad de dise\u00f1ar un men\u00fa adaptativo y centrado en el usuario que atiende a dispositivos m\u00f3viles. Touchy facilita la navegaci\u00f3n perfecta y el acceso sin restricciones a diversas p\u00e1ginas web, asegurando una experiencia de navegaci\u00f3n perfecta en pantallas diminutivas. Este complemento exuda una naturaleza altamente modificable, evidente la necesidad de una compleja competencia de codificaci\u00f3n, sirviendo as\u00ed como un remedio \u00f3ptimo para los propietarios de sitios web que se esfuerzan por aumentar sus encuentros m\u00f3viles. Adem\u00e1s, cuenta con la inclusi\u00f3n de un constructor instintivo de arrastrar y soltar junto con una mir\u00edada de dise\u00f1os de men\u00fa visualmente cautivadores que se pueden seleccionar sin esfuerzo.<\/p>\n","protected":false},"featured_media":167842,"comment_status":"open","ping_status":"open","template":"","meta":[],"product_brand":[2339],"product_cat":[1214,1206,1211],"product_tag":[1256],"class_list":{"0":"post-111770","1":"product","2":"type-product","3":"status-publish","4":"has-post-thumbnail","6":"product_brand-codecanyon","7":"product_cat-personalizacion","8":"product_cat-plugins","9":"product_cat-wordpress-plugins","10":"product_tag-codecanyon","11":"member-discount","12":"discount-restricted","14":"first","15":"instock","16":"sale","17":"downloadable","18":"virtual","19":"sold-individually","20":"purchasable","21":"product-type-simple"},"_links":{"self":[{"href":"https:\/\/gpl-love.com\/es\/wp-json\/wp\/v2\/product\/111770","targetHints":{"allow":["GET"]}}],"collection":[{"href":"https:\/\/gpl-love.com\/es\/wp-json\/wp\/v2\/product"}],"about":[{"href":"https:\/\/gpl-love.com\/es\/wp-json\/wp\/v2\/types\/product"}],"replies":[{"embeddable":true,"href":"https:\/\/gpl-love.com\/es\/wp-json\/wp\/v2\/comments?post=111770"}],"wp:featuredmedia":[{"embeddable":true,"href":"https:\/\/gpl-love.com\/es\/wp-json\/wp\/v2\/media\/167842"}],"wp:attachment":[{"href":"https:\/\/gpl-love.com\/es\/wp-json\/wp\/v2\/media?parent=111770"}],"wp:term":[{"taxonomy":"product_brand","embeddable":true,"href":"https:\/\/gpl-love.com\/es\/wp-json\/wp\/v2\/product_brand?post=111770"},{"taxonomy":"product_cat","embeddable":true,"href":"https:\/\/gpl-love.com\/es\/wp-json\/wp\/v2\/product_cat?post=111770"},{"taxonomy":"product_tag","embeddable":true,"href":"https:\/\/gpl-love.com\/es\/wp-json\/wp\/v2\/product_tag?post=111770"}],"curies":[{"name":"wp","href":"https:\/\/api.w.org\/{rel}","templated":true}]}}