{"id":111768,"date":"2022-05-16T00:00:00","date_gmt":"2022-05-16T05:00:00","guid":{"rendered":"http:\/\/gpl-love.com\/es\/producto\/designer-powerup-for-elementor\/"},"modified":"2026-03-09T07:26:54","modified_gmt":"2026-03-09T12:26:54","slug":"designer-powerup-for-elementor","status":"publish","type":"product","link":"https:\/\/gpl-love.com\/es\/producto\/designer-powerup-for-elementor\/","title":{"rendered":"Designer Powerup para Elementor 2.2.7"},"content":{"rendered":"<h3>Designer Powerup para Elementor Caracteristicas<\/h3>\n<p>Dise\u00f1ado para mejorar la experiencia de su creaci\u00f3n de sitios web, el Powerup de dise\u00f1adores para Elementor ofrece una amplia gama de caracter\u00edsticas potentes que le permiten crear dise\u00f1os y dise\u00f1os cautivadores sin esfuerzo. Equipado con una extensa biblioteca de plantillas predise\u00f1adas, este complemento le permite acceder a una gran cantidad de opciones visualmente impresionantes. Adem\u00e1s, tiene la capacidad de personalizar sus fuentes e \u00edconos, otorg\u00e1ndole la libertad de adaptar su sitio web a su estilo y marca \u00fanicos. Adem\u00e1s, el dise\u00f1ador Powerup le permite incorporar animaciones y efectos en sus p\u00e1ginas, elevando la experiencia general del usuario. Con su optimizador de im\u00e1genes incorporado, este complemento garantiza que su sitio web se carga r\u00e1pidamente, asegurando una experiencia de navegaci\u00f3n perfecta para sus visitantes. Adem\u00e1s, esta herramienta indispensable le permite elaborar CSS personalizados para sus dise\u00f1os, otorg\u00e1ndole un control incomparable sobre la apariencia de su sitio web. Ya sea que posee habilidades avanzadas de desarrollo web o simplemente se est\u00e9 embarcando en su viaje digital, el Powerup para Elementer de dise\u00f1ador es un activo invaluable que impulsar\u00e1 sus dise\u00f1os a alturas sin precedentes.<\/p>\n<ul>\n<li>Agilice su flujo de trabajo: el encendido de dise\u00f1ador para Elementor le permite crear plantillas personalizadas, widgets y contenido din\u00e1mico sin recurrir a la codificaci\u00f3n.<\/li>\n<li>Plantillas de alta calidad: el producto viene con docenas de plantillas predise\u00f1adas que pueden actuar como un punto de partida para su proyecto.<\/li>\n<li>Control de dise\u00f1o: con Powerup de dise\u00f1ador, est\u00e1 facultado para tomar el control de sus dise\u00f1os. Personalice la apariencia de su sitio web con un editor visual intuitivo.<\/li>\n<li>Mayor eficiencia: el powerup de dise\u00f1adores le ahorra tiempo y dinero. En lugar de contratar a un dise\u00f1ador web, puede crear dise\u00f1os impresionantes de manera f\u00e1cil y r\u00e1pida.<\/li>\n<li>Caracter\u00edsticas \u00fatiles: el encendimiento de dise\u00f1adores incluye caracter\u00edsticas como la capacidad de importar\/exportar plantillas, soporte de varios idiomas y actualizaci\u00f3n autom\u00e1tica, asegurando que tenga la mejor experiencia de usuario posible.<\/li>\n<li>Aumento de rendimiento del sitio web: con Powerup de dise\u00f1ador, su sitio web se cargar\u00e1 m\u00e1s r\u00e1pido y funcionar\u00e1 mejor en general, gracias al c\u00f3digo optimizado del complemento y el dise\u00f1o simplificado.<\/li>\n<li>Actualizaciones regulares: el Powerup de dise\u00f1ador se actualiza regularmente con nuevas caracter\u00edsticas, que le brinda mejoras continuas y garantizar que el producto se mantenga actualizado con las \u00faltimas tendencias de dise\u00f1o web.<\/li>\n<li>Excelente atenci\u00f3n al cliente: ofrecemos atenci\u00f3n al cliente amigable y confiable para ayudar con cualquier problema o pregunta que pueda tener.<\/li>\n<\/ul>\n","protected":false},"excerpt":{"rendered":"<p>Eleve su creatividad con Powerup de dise\u00f1ador para Elementor, un complemento vers\u00e1til que es imprescindible para cada dise\u00f1ador web. Esta herramienta avanzada proporciona un conjunto de servicios p\u00fablicos para mejorar su experiencia de elemento, dando vida a su visi\u00f3n de dise\u00f1o con precisi\u00f3n y facilidad. Entre sus caracter\u00edsticas clave, encontrar\u00e1 opciones de espaciado de dise\u00f1o de p\u00edxeles, filtros CSS complejos precompuestos y capacidades de copia de estilo r\u00e1pido. Pero eso no es todo. Dise\u00f1ador Powerup para Elementor tambi\u00e9n cuenta con una s\u00f3lida suite de control de tipograf\u00eda y divisores de forma personalizables, que ofrece un nivel incomparable de personalizaci\u00f3n de dise\u00f1o. Su interfaz intuitiva y su alto rendimiento lo convierten en una herramienta indispensable para cualquiera que quiera optimizar su flujo de trabajo de dise\u00f1o y crear sitios web impresionantes. \u00a1Experimente el poder de la potencia de dise\u00f1ador para Elementor y desbloquee su potencial de dise\u00f1o completo!<\/p>\n","protected":false},"featured_media":165760,"comment_status":"open","ping_status":"open","template":"","meta":[],"product_brand":[2410],"product_cat":[1214,1206,1211],"product_tag":[1797],"class_list":{"0":"post-111768","1":"product","2":"type-product","3":"status-publish","4":"has-post-thumbnail","6":"product_brand-pixify","7":"product_cat-personalizacion","8":"product_cat-plugins","9":"product_cat-wordpress-plugins","10":"product_tag-pixify","11":"member-discount","12":"discount-restricted","14":"first","15":"instock","16":"sale","17":"downloadable","18":"virtual","19":"sold-individually","20":"purchasable","21":"product-type-simple"},"_links":{"self":[{"href":"https:\/\/gpl-love.com\/es\/wp-json\/wp\/v2\/product\/111768","targetHints":{"allow":["GET"]}}],"collection":[{"href":"https:\/\/gpl-love.com\/es\/wp-json\/wp\/v2\/product"}],"about":[{"href":"https:\/\/gpl-love.com\/es\/wp-json\/wp\/v2\/types\/product"}],"replies":[{"embeddable":true,"href":"https:\/\/gpl-love.com\/es\/wp-json\/wp\/v2\/comments?post=111768"}],"wp:featuredmedia":[{"embeddable":true,"href":"https:\/\/gpl-love.com\/es\/wp-json\/wp\/v2\/media\/165760"}],"wp:attachment":[{"href":"https:\/\/gpl-love.com\/es\/wp-json\/wp\/v2\/media?parent=111768"}],"wp:term":[{"taxonomy":"product_brand","embeddable":true,"href":"https:\/\/gpl-love.com\/es\/wp-json\/wp\/v2\/product_brand?post=111768"},{"taxonomy":"product_cat","embeddable":true,"href":"https:\/\/gpl-love.com\/es\/wp-json\/wp\/v2\/product_cat?post=111768"},{"taxonomy":"product_tag","embeddable":true,"href":"https:\/\/gpl-love.com\/es\/wp-json\/wp\/v2\/product_tag?post=111768"}],"curies":[{"name":"wp","href":"https:\/\/api.w.org\/{rel}","templated":true}]}}