{"id":111766,"date":"2026-02-06T00:00:00","date_gmt":"2026-02-06T05:00:00","guid":{"rendered":"http:\/\/gpl-love.com\/es\/producto\/sportspress-pro-wordpress-plugin-for-serious-teams-and-athletes\/"},"modified":"2026-04-10T11:25:32","modified_gmt":"2026-04-10T16:25:32","slug":"sportspress-pro-wordpress-plugin-for-serious-teams-and-athletes","status":"publish","type":"product","link":"https:\/\/gpl-love.com\/es\/producto\/sportspress-pro-wordpress-plugin-for-serious-teams-and-athletes\/","title":{"rendered":"SportsPress Pro WordPress plugin para serious teams y athletes 2.7.28"},"content":{"rendered":"<h3>SportsPress Pro WordPress plugin para serious teams y athletes Caracteristicas<\/h3>\n<p>SportsPress Pro, un complemento robusto de WordPress, ha sido dise\u00f1ado espec\u00edficamente para equipos y atletas dedicados con el objetivo de mejorar su presencia en l\u00ednea a un nivel completamente nuevo. Con funcionalidades avanzadas y una interfaz f\u00e1cil de usar, SportsPress Pro permite a los usuarios establecer sin esfuerzo sitios web profesionales que resalten efectivamente los logros, estad\u00edsticas y horarios de su equipo. El complemento ofrece una amplia gama de opciones de personalizaci\u00f3n, lo que permite a los usuarios personalizar las p\u00e1ginas de equipo, crear perfiles integrales de jugadores y generar informes de partidos intrincados. Al racionalizar los procesos organizacionales y garantizar la informaci\u00f3n actualizada, SportsPress Pro demuestra ser una herramienta invaluable tanto para equipos como para atletas. Ya sea que sea un entrenador, jugador o ferviente defensor, SportsPress Pro sirve como la soluci\u00f3n ideal para las personas que buscan mejorar su rendimiento y fomentar conexiones dentro de la comunidad deportiva vibrante.<\/p>\n<ul>\n<li>Crear sitios web deportivos profesionales con facilidad<\/li>\n<li>Administre el horario y los resultados de su equipo en un lugar<\/li>\n<li>Mostrar estad\u00edsticas y perfiles de jugadores para que sus fan\u00e1ticos y entrenadores<\/li>\n<li>Ofrezca ventas de entradas en l\u00ednea para sus eventos y juegos<\/li>\n<li>Se integra con las pasarelas de pago populares para un f\u00e1cil procesamiento de pagos<\/li>\n<li>Personalice la apariencia de su sitio con varias plantillas y opciones de estilo<\/li>\n<li>Comun\u00edquese con su equipo y fan\u00e1ticos a trav\u00e9s de mensajes incorporados e integraci\u00f3n de redes sociales<\/li>\n<li>Acceda a poderosas ideas y an\u00e1lisis en el rendimiento de su sitio<\/li>\n<li>Reciba soporte y actualizaciones de primer nivel de un equipo dedicado de expertos.<\/li>\n<\/ul>\n","protected":false},"excerpt":{"rendered":"<p>SportsPress Pro es un complemento de WordPress extremadamente robusto que ha sido meticulosamente elaborado para satisfacer espec\u00edficamente a las necesidades de equipos y atletas dedicados que toman sus deportes en serio. Con sus caracter\u00edsticas altamente sofisticadas y su funcionalidad multifac\u00e9tica, este complemento extraordinario facilita la gesti\u00f3n sin esfuerzo de su sitio web deportivo, asegurando una experiencia de usuario perfecta e incomparable. Al permitirle realizar un seguimiento de los puntajes de los juegos sin esfuerzo y mantener meticulosamente las estad\u00edsticas de jugadores, adem\u00e1s de facilitar la creaci\u00f3n de horarios integrales de equipos y perfiles de jugadores intrincados, SportsPress Pro ofrece una soluci\u00f3n que lo abarca todo lo que le permite elevar su sitio web a alturas de excelencia sin precedentes. Independientemente de si representa a un equipo profesional, es un atleta universitario o incluso un entusiasta de los deportes fervientes, SportsPress Pro se erige como la herramienta definitiva, exclusivamente preparada para servir como una plataforma que muestra impecablemente sus habilidades notables y logros extraordinarios para una audiencia global. Por lo tanto, \u00bfpor qu\u00e9 postergar por m\u00e1s tiempo? \u00a1Aproveche y aproveche la oportunidad para explorar y aprovechar el inmenso potencial de SportsPress Pro a partir de hoy, lo que le permite lograr un \u00e9xito rotundo dentro y fuera del campo de juego!<\/p>\n","protected":false},"featured_media":167553,"comment_status":"open","ping_status":"open","template":"","meta":[],"product_brand":[2567],"product_cat":[1214,1206,1211],"product_tag":[1796],"class_list":{"0":"post-111766","1":"product","2":"type-product","3":"status-publish","4":"has-post-thumbnail","6":"product_brand-themeboy","7":"product_cat-personalizacion","8":"product_cat-plugins","9":"product_cat-wordpress-plugins","10":"product_tag-themeboy","11":"member-discount","12":"discount-restricted","14":"first","15":"instock","16":"sale","17":"downloadable","18":"virtual","19":"sold-individually","20":"purchasable","21":"product-type-simple"},"_links":{"self":[{"href":"https:\/\/gpl-love.com\/es\/wp-json\/wp\/v2\/product\/111766","targetHints":{"allow":["GET"]}}],"collection":[{"href":"https:\/\/gpl-love.com\/es\/wp-json\/wp\/v2\/product"}],"about":[{"href":"https:\/\/gpl-love.com\/es\/wp-json\/wp\/v2\/types\/product"}],"replies":[{"embeddable":true,"href":"https:\/\/gpl-love.com\/es\/wp-json\/wp\/v2\/comments?post=111766"}],"wp:featuredmedia":[{"embeddable":true,"href":"https:\/\/gpl-love.com\/es\/wp-json\/wp\/v2\/media\/167553"}],"wp:attachment":[{"href":"https:\/\/gpl-love.com\/es\/wp-json\/wp\/v2\/media?parent=111766"}],"wp:term":[{"taxonomy":"product_brand","embeddable":true,"href":"https:\/\/gpl-love.com\/es\/wp-json\/wp\/v2\/product_brand?post=111766"},{"taxonomy":"product_cat","embeddable":true,"href":"https:\/\/gpl-love.com\/es\/wp-json\/wp\/v2\/product_cat?post=111766"},{"taxonomy":"product_tag","embeddable":true,"href":"https:\/\/gpl-love.com\/es\/wp-json\/wp\/v2\/product_tag?post=111766"}],"curies":[{"name":"wp","href":"https:\/\/api.w.org\/{rel}","templated":true}]}}