{"id":111764,"date":"2022-02-23T00:00:00","date_gmt":"2022-02-23T05:00:00","guid":{"rendered":"http:\/\/gpl-love.com\/es\/producto\/workscout-job-board-wordpress-theme\/"},"modified":"2026-03-13T17:33:18","modified_gmt":"2026-03-13T22:33:18","slug":"workscout-job-board-wordpress-theme","status":"publish","type":"product","link":"https:\/\/gpl-love.com\/es\/producto\/workscout-job-board-wordpress-theme\/","title":{"rendered":"WorkScout Job Board WordPress Theme 3.0"},"content":{"rendered":"<h3>WorkScout Job Board WordPress Theme Caracteristicas<\/h3>\n<p>El tema de WordPress de WorksCout Job Board, que est\u00e1 imbuido de un poder inmenso y una notable flexibilidad, sirve como una soluci\u00f3n excepcional y multifac\u00e9tica para la creaci\u00f3n de un sitio web de b\u00fasqueda de empleo. Su dise\u00f1o notablemente intuitivo no solo permite la personalizaci\u00f3n perfecta y sin esfuerzo, sino que tambi\u00e9n permite una integraci\u00f3n perfecta y sin esfuerzo con una variedad de otros complementos, lo que hace que sea una opci\u00f3n absolutamente perfecta para un amplio espectro de entidades, desde empresas hasta agencias de personal, placas de trabajo. Con un repertorio extenso de caracter\u00edsticas, incluidas, entre otros, opciones de b\u00fasqueda avanzadas, la capacidad de cargar curr\u00edculums y la provisi\u00f3n de alertas de trabajo a medida, el tema de WorksCout se destaca como la herramienta por excelencia para racionalizar y facilitar el proceso de caza de empleo. Adem\u00e1s, su dise\u00f1o receptivo garantiza que su sitio web exhibir\u00e1 un impresionante grado de atractivo visual en todos y cada uno de los dispositivos, asegurando as\u00ed su accesibilidad a los solicitantes de empleo dispersos en todo el mundo. A fin de cuentas, est\u00e1 muy claro que el tema de WordPress de WorkScout Job Board representa una soluci\u00f3n integral y f\u00e1cil de usar del m\u00e1s alto calibre, listo para potenciar la creaci\u00f3n de una plataforma de b\u00fasqueda de empleo verdaderamente pr\u00f3spera y pr\u00f3spera.<\/p>\n<ul>\n<li>Un tema de la junta de trabajo profesional y personalizable para sitios web de WordPress<\/li>\n<li>Opciones de dise\u00f1o m\u00faltiples para mostrar listados de trabajo y detalles del trabajo<\/li>\n<li>Opciones avanzadas de b\u00fasqueda y filtro para solicitantes de empleo<\/li>\n<li>Panel de empleador para administrar listados y aplicaciones de trabajo<\/li>\n<li>Opciones para cobrar a los empleadores por env\u00edos de trabajo y con listados<\/li>\n<li>Integraci\u00f3n con pasarelas de pago populares y servicios de marketing por correo electr\u00f3nico<\/li>\n<li>Dise\u00f1o de respuesta m\u00f3vil para una visualizaci\u00f3n \u00f3ptima en todos los dispositivos<\/li>\n<li>Sistema de seguimiento de aplicaciones incorporado para que los empleadores administren flujos de trabajo del solicitante<\/li>\n<li>Integraci\u00f3n de redes sociales para f\u00e1cil compartir y promoci\u00f3n de listados de trabajo<\/li>\n<li>F\u00e1cilmente personalizable con el panel de la p\u00e1gina de arrastrar y soltar y el panel de opciones de temas.<\/li>\n<\/ul>\n","protected":false},"excerpt":{"rendered":"<p>El tema de WordPress de WorksCout Job Board demuestra ser una herramienta inmensamente potente cuando se trata de desarrollar un sitio web altamente sofisticado y pulido de la junta de trabajo. Con un dise\u00f1o elegante y moderno, junto con una interfaz intuitiva y f\u00e1cil de usar, este tema permite a los usuarios supervisar sin esfuerzo listados de trabajo, aplicaciones y curr\u00edculums. Adem\u00e1s, este tema cuenta con una amplia gama de caracter\u00edsticas personalizables, incluidas, entre otros, alertas de trabajo, perfiles de candidatos y cuentas de empleadores, todas las cuales proporcionan conjuntamente una soluci\u00f3n de reclutamiento incre\u00edblemente eficiente que atiende a las empresas de todos los tama\u00f1os. Ya sea que alberga las ambiciones de elaborar un tablero de trabajo altamente especializado o que busque establecer una plataforma de b\u00fasqueda de empleo que lo abarque, el tema de WordPress de trabajo de trabajo est\u00e1 listo para equiparlo con las herramientas indispensables requeridas para lograr triunfalmente los objetivos deseados.<\/p>\n","protected":false},"featured_media":168362,"comment_status":"open","ping_status":"open","template":"","meta":[],"product_brand":[2337],"product_cat":[1307,1237,1238],"product_tag":[1391],"class_list":{"0":"post-111764","1":"product","2":"type-product","3":"status-publish","4":"has-post-thumbnail","6":"product_brand-themeforest","7":"product_cat-negocio-wordpress-temas","8":"product_cat-temas","9":"product_cat-wordpress-temas","10":"product_tag-themeforest","11":"member-discount","12":"discount-restricted","14":"first","15":"instock","16":"sale","17":"downloadable","18":"virtual","19":"sold-individually","20":"purchasable","21":"product-type-simple"},"_links":{"self":[{"href":"https:\/\/gpl-love.com\/es\/wp-json\/wp\/v2\/product\/111764","targetHints":{"allow":["GET"]}}],"collection":[{"href":"https:\/\/gpl-love.com\/es\/wp-json\/wp\/v2\/product"}],"about":[{"href":"https:\/\/gpl-love.com\/es\/wp-json\/wp\/v2\/types\/product"}],"replies":[{"embeddable":true,"href":"https:\/\/gpl-love.com\/es\/wp-json\/wp\/v2\/comments?post=111764"}],"wp:featuredmedia":[{"embeddable":true,"href":"https:\/\/gpl-love.com\/es\/wp-json\/wp\/v2\/media\/168362"}],"wp:attachment":[{"href":"https:\/\/gpl-love.com\/es\/wp-json\/wp\/v2\/media?parent=111764"}],"wp:term":[{"taxonomy":"product_brand","embeddable":true,"href":"https:\/\/gpl-love.com\/es\/wp-json\/wp\/v2\/product_brand?post=111764"},{"taxonomy":"product_cat","embeddable":true,"href":"https:\/\/gpl-love.com\/es\/wp-json\/wp\/v2\/product_cat?post=111764"},{"taxonomy":"product_tag","embeddable":true,"href":"https:\/\/gpl-love.com\/es\/wp-json\/wp\/v2\/product_tag?post=111764"}],"curies":[{"name":"wp","href":"https:\/\/api.w.org\/{rel}","templated":true}]}}