{"id":111762,"date":"2026-02-23T00:00:00","date_gmt":"2026-02-23T05:00:00","guid":{"rendered":"http:\/\/gpl-love.com\/es\/producto\/travel-tour-booking-wordpress-theme\/"},"modified":"2026-04-10T11:29:04","modified_gmt":"2026-04-10T16:29:04","slug":"travel-tour-booking-wordpress-theme","status":"publish","type":"product","link":"https:\/\/gpl-love.com\/es\/producto\/travel-tour-booking-wordpress-theme\/","title":{"rendered":"Travel Tour Booking WordPress Theme 5.3.9"},"content":{"rendered":"<h3>Travel Tour Booking WordPress Theme Caracteristicas<\/h3>\n<p>The Travel Tour Booking WordPress Theme es un tema muy vers\u00e1til y f\u00e1cil de usar que se ha hecho a medida para las empresas de viajes y reservas de gira. Con una gran cantidad de caracter\u00edsticas y herramientas, este tema facilita sin problemas la creaci\u00f3n de sitios web visualmente llamativos que muestran efectivamente la variedad de servicios y ofertas de compa\u00f1\u00edas de viajes. Este tema extraordinario viene equipado con un s\u00f3lido sistema de reservas que permite a los clientes reservar tours sin esfuerzo y completar convenientemente sus pagos en l\u00ednea. Adem\u00e1s, cuenta con un sistema de precios adaptable que permite a las empresas establecer estructuras de precios a medida para sus diversos recorridos y paquetes. Adem\u00e1s, este tema se destaca al ofrecer una mir\u00edada de opciones de personalizaci\u00f3n, incluida una variedad de alternativas de dise\u00f1o, una amplia selecci\u00f3n de esquemas de color y una amplia variedad de fuentes. En consecuencia, este tema permite a las empresas dise\u00f1ar un sitio web incomparable y personalizado que realmente encarna su identidad de marca \u00fanica. En \u00faltima instancia, el tema de WordPress de la gira de viajes surge como el ep\u00edtome de una selecci\u00f3n superlativa para cualquier empresa de viaje que aspira a cultivar una presencia en l\u00ednea impresionante.<\/p>\n<ul>\n<li>Un tour completo y f\u00e1cil de usar que reserva el tema de WordPress que sea perfecto para agencias de viajes, operadores tur\u00edsticos y bloggers de viajes.<\/li>\n<li>Ofrece una gama de opciones de personalizaci\u00f3n para adaptarse a su marca, incluidos esquemas de color, fuentes y dise\u00f1os.<\/li>\n<li>Cuenta con una gama de plantillas predise\u00f1adas para paquetes de turismo, recorridos y actividades, destinos y m\u00e1s.<\/li>\n<li>Permite a los usuarios reservar tours y actividades directamente desde el sitio, con opciones integradas de pasarela para reservas sin problemas.<\/li>\n<li>Viene con la integraci\u00f3n completa con los portales de reserva de viajes populares, incluidos TripAdvisor y Booking.com, lo que permite a los usuarios reservar directamente y obtener comisiones en reservas.<\/li>\n<li>La integraci\u00f3n incorporada de las redes sociales, incluidos Instagram y Facebook, para mejorar la participaci\u00f3n del usuario y permitirle mostrar sus viajes y recorridos.<\/li>\n<li>SEO optimizado para garantizar la m\u00e1xima visibilidad y atraer m\u00e1s clientes, con herramientas f\u00e1ciles de usar para optimizar su contenido para los motores de b\u00fasqueda.<\/li>\n<li>Sensible a los dispositivos m\u00f3viles, asegurando que su sitio web se vea y funcione perfectamente en todos los dispositivos y tama\u00f1os de pantalla.<\/li>\n<li>Viene con WooCommerce Integration, lo que le permite vender productos f\u00edsicos, recuerdos y cualquier otra mercanc\u00eda directamente desde su sitio.<\/li>\n<li>Ofrece una gama de complementos para extender la funcionalidad, incluida una b\u00fasqueda avanzada de gira, sistema de revisi\u00f3n y calendario de reserva.<\/li>\n<\/ul>\n","protected":false},"excerpt":{"rendered":"<p>El tema de WordPress de la gira de viajes de entrada sirve como la mejor soluci\u00f3n para las personas que buscan establecer un sitio web sofisticado y f\u00e1cil de usar para su empresa de viajes. Ha sido meticulosamente elaborado con la m\u00e1xima consideraci\u00f3n tanto para clientes como para los agentes de viajes, que ofrece una gran cantidad de herramientas de reserva y reservas f\u00e1ciles de usar, todo al tiempo que cuenta con un dise\u00f1o visualmente llamativo que muestra su amplia gama de paquetes y destinos. Este tema se diferencia de la competencia al proporcionar dise\u00f1os personalizables, opciones de pago perfectamente integradas y compatibilidad sin esfuerzo con una mir\u00edada de complementos populares. Sin lugar a dudas, el tema de WordPress de la gira de viajes de entrada es el ep\u00edtome de una selecci\u00f3n principal para aquellos que pretenden expandirse y florecer dentro del \u00e1mbito del negocio de viajes en l\u00ednea.<\/p>\n","protected":false},"featured_media":167849,"comment_status":"open","ping_status":"open","template":"","meta":[],"product_brand":[2337],"product_cat":[1548,1237,1238],"product_tag":[1391],"class_list":{"0":"post-111762","1":"product","2":"type-product","3":"status-publish","4":"has-post-thumbnail","6":"product_brand-themeforest","7":"product_cat-resort-hotel","8":"product_cat-temas","9":"product_cat-wordpress-temas","10":"product_tag-themeforest","11":"member-discount","12":"discount-restricted","14":"first","15":"instock","16":"sale","17":"downloadable","18":"virtual","19":"sold-individually","20":"purchasable","21":"product-type-simple"},"_links":{"self":[{"href":"https:\/\/gpl-love.com\/es\/wp-json\/wp\/v2\/product\/111762","targetHints":{"allow":["GET"]}}],"collection":[{"href":"https:\/\/gpl-love.com\/es\/wp-json\/wp\/v2\/product"}],"about":[{"href":"https:\/\/gpl-love.com\/es\/wp-json\/wp\/v2\/types\/product"}],"replies":[{"embeddable":true,"href":"https:\/\/gpl-love.com\/es\/wp-json\/wp\/v2\/comments?post=111762"}],"wp:featuredmedia":[{"embeddable":true,"href":"https:\/\/gpl-love.com\/es\/wp-json\/wp\/v2\/media\/167849"}],"wp:attachment":[{"href":"https:\/\/gpl-love.com\/es\/wp-json\/wp\/v2\/media?parent=111762"}],"wp:term":[{"taxonomy":"product_brand","embeddable":true,"href":"https:\/\/gpl-love.com\/es\/wp-json\/wp\/v2\/product_brand?post=111762"},{"taxonomy":"product_cat","embeddable":true,"href":"https:\/\/gpl-love.com\/es\/wp-json\/wp\/v2\/product_cat?post=111762"},{"taxonomy":"product_tag","embeddable":true,"href":"https:\/\/gpl-love.com\/es\/wp-json\/wp\/v2\/product_tag?post=111762"}],"curies":[{"name":"wp","href":"https:\/\/api.w.org\/{rel}","templated":true}]}}