{"id":111760,"date":"2023-03-30T00:00:00","date_gmt":"2023-03-30T05:00:00","guid":{"rendered":"http:\/\/gpl-love.com\/es\/producto\/academia-education-center-wordpress-theme\/"},"modified":"2026-03-13T17:15:14","modified_gmt":"2026-03-13T22:15:14","slug":"academia-education-center-wordpress-theme","status":"publish","type":"product","link":"https:\/\/gpl-love.com\/es\/producto\/academia-education-center-wordpress-theme\/","title":{"rendered":"Academia Education Center WordPress Theme 3.8"},"content":{"rendered":"<h3>Academia Education Center WordPress Theme Caracteristicas<\/h3>\n<p>El tema de WordPress del Centro de Educaci\u00f3n de la Academia es una opci\u00f3n incre\u00edblemente vers\u00e1til y rica en caracter\u00edsticas espec\u00edficamente dise\u00f1ada con instituciones educativas en mente, atendiendo las necesidades de escuelas, colegios, universidades e incluso plataformas de aprendizaje en l\u00ednea. Su dise\u00f1o limpio y moderno proporciona un aire de profesionalismo y compromiso con cualquier sitio web que adorna. Este tema ofrece una gran cantidad de opciones de personalizaci\u00f3n que le permiten adaptar su sitio web a sus preferencias exactas, incluidos m\u00faltiples dise\u00f1os de p\u00e1gina de inicio, widgets personalizados y un panel de opciones de temas robustos. Con las plantillas de p\u00e1gina preconstruidas, mostrando sus cursos, miembros de la facultad, eventos y otra informaci\u00f3n crucial se convierte en una brisa. Adem\u00e1s, este tema se integra perfectamente con complementos populares como WooCommerce, WPML y Contact Form 7, lo que le permite expandir sin esfuerzo la funcionalidad de su sitio web. En conclusi\u00f3n, el tema de WordPress del Centro de Educaci\u00f3n de la Academia es una opci\u00f3n excepcional para aquellos que buscan una opci\u00f3n poderosa y flexible para crear un sitio web educativo que exude la profesionalidad.<\/p>\n<ul>\n<li>Dise\u00f1o totalmente receptivo para una visualizaci\u00f3n \u00f3ptima en todos los dispositivos<\/li>\n<li>Incluye p\u00e1gina de inicio personalizable con varios dise\u00f1os disponibles<\/li>\n<li>Dise\u00f1o amigable para SEO para una mejor clasificaci\u00f3n de motores de b\u00fasqueda<\/li>\n<li>Integraci\u00f3n con complementos populares como WooCommerce y el Formulario de contacto 7<\/li>\n<li>Opciones de personalizaci\u00f3n f\u00e1cil para colores, fuentes y elementos de p\u00e1gina<\/li>\n<li>M\u00faltiples plantillas de p\u00e1gina preconstruidas para necesidades acad\u00e9micas comunes (como listados de cursos y p\u00e1ginas de facultad)<\/li>\n<li>Dise\u00f1o m\u00f3vil primero para garantizar un rendimiento \u00f3ptimo en dispositivos m\u00f3viles<\/li>\n<li>Soporte incorporado para Google Maps e integraci\u00f3n de redes sociales<\/li>\n<li>Panel de opciones de temas avanzados para una f\u00e1cil gesti\u00f3n de la configuraci\u00f3n y personalizaci\u00f3n del sitio<\/li>\n<li>Documentaci\u00f3n y soporte integrales disponibles para garantizar una configuraci\u00f3n y uso sin problemas<\/li>\n<\/ul>\n","protected":false},"excerpt":{"rendered":"<p>El tema de WordPress del Centro de Educaci\u00f3n de la Academia presenta una soluci\u00f3n \u00f3ptima para las instituciones educativas que buscan establecer una presencia en l\u00ednea convincente. El sofisticado dise\u00f1o de este tema para sitios web de educaci\u00f3n proporciona una plataforma contempor\u00e1nea y atractiva que muestra las ofertas de su instituci\u00f3n de manera efectiva.<\/p>\n<p>Con una variedad de caracter\u00edsticas personalizables para el tema de la educaci\u00f3n de WordPress, puede resaltar sin problemas cursos, eventos e incluso miembros de la facultad estimados. El tema de la academia WordPress para las escuelas tambi\u00e9n ofrece p\u00e1ginas predise\u00f1adas, espec\u00edficamente adaptadas para formularios de contacto y testimonios, que se suman a la naturaleza f\u00e1cil de usar de la plataforma.<\/p>\n<p>La capacidad de respuesta completa del tema de la educaci\u00f3n de la Academia garantiza una experiencia de usuario \u00f3ptima, proporcionando una accesibilidad perfecta en todos los dispositivos. Esta conveniencia se ve mejorada por la naturaleza f\u00e1cil de usar del tema, lo que lo convierte en una opci\u00f3n ideal para las escuelas.<\/p>\n<p>Crear sitios web impresionantes es muy f\u00e1cil con el tema de la academia, gracias a sus caracter\u00edsticas altamente personalizadas. Le permite reflejar los valores centrales y las aspiraciones visionarias de su instituci\u00f3n con precisi\u00f3n. El dise\u00f1o contempor\u00e1neo de sitios web de dise\u00f1o para educaci\u00f3n ofrece el tel\u00f3n de fondo perfecto para mostrar a los miembros de la facultad y otras caracter\u00edsticas.<\/p>\n<p>El<\/p>\n","protected":false},"featured_media":165249,"comment_status":"open","ping_status":"open","template":"","meta":[],"product_brand":[2337],"product_cat":[1267,1237,1238],"product_tag":[1391],"class_list":{"0":"post-111760","1":"product","2":"type-product","3":"status-publish","4":"has-post-thumbnail","6":"product_brand-themeforest","7":"product_cat-creativo","8":"product_cat-temas","9":"product_cat-wordpress-temas","10":"product_tag-themeforest","11":"member-discount","12":"discount-restricted","14":"first","15":"instock","16":"sale","17":"downloadable","18":"virtual","19":"sold-individually","20":"purchasable","21":"product-type-simple"},"_links":{"self":[{"href":"https:\/\/gpl-love.com\/es\/wp-json\/wp\/v2\/product\/111760","targetHints":{"allow":["GET"]}}],"collection":[{"href":"https:\/\/gpl-love.com\/es\/wp-json\/wp\/v2\/product"}],"about":[{"href":"https:\/\/gpl-love.com\/es\/wp-json\/wp\/v2\/types\/product"}],"replies":[{"embeddable":true,"href":"https:\/\/gpl-love.com\/es\/wp-json\/wp\/v2\/comments?post=111760"}],"wp:featuredmedia":[{"embeddable":true,"href":"https:\/\/gpl-love.com\/es\/wp-json\/wp\/v2\/media\/165249"}],"wp:attachment":[{"href":"https:\/\/gpl-love.com\/es\/wp-json\/wp\/v2\/media?parent=111760"}],"wp:term":[{"taxonomy":"product_brand","embeddable":true,"href":"https:\/\/gpl-love.com\/es\/wp-json\/wp\/v2\/product_brand?post=111760"},{"taxonomy":"product_cat","embeddable":true,"href":"https:\/\/gpl-love.com\/es\/wp-json\/wp\/v2\/product_cat?post=111760"},{"taxonomy":"product_tag","embeddable":true,"href":"https:\/\/gpl-love.com\/es\/wp-json\/wp\/v2\/product_tag?post=111760"}],"curies":[{"name":"wp","href":"https:\/\/api.w.org\/{rel}","templated":true}]}}