{"id":111758,"date":"2023-04-03T00:00:00","date_gmt":"2023-04-03T05:00:00","guid":{"rendered":"http:\/\/gpl-love.com\/es\/producto\/fame-digital-technology-service-wordpress-theme\/"},"modified":"2026-03-13T17:20:44","modified_gmt":"2026-03-13T22:20:44","slug":"fame-digital-technology-service-wordpress-theme","status":"publish","type":"product","link":"https:\/\/gpl-love.com\/es\/producto\/fame-digital-technology-service-wordpress-theme\/","title":{"rendered":"Fame Digital Technology Service WordPress Theme 1.4"},"content":{"rendered":"<h3>Fame Digital Technology Service WordPress Theme Caracteristicas<\/h3>\n<p>Fame Digital Technology Service WordPress Temo, un tema de calidad premium y totalmente receptivo, ha sido intrincadamente dise\u00f1ado para proveedores de servicios de tecnolog\u00eda. Este tema cuenta con un dise\u00f1o elegante y moderno, que no solo mejora la facilidad de uso, sino que tambi\u00e9n cautiva los sentidos visuales. Ofreciendo caracter\u00edsticas avanzadas y opciones personalizables, el servicio de tecnolog\u00eda digital de la fama WordPress, el tema de WordPress le permite crear un sitio web que se adapte con precisi\u00f3n a sus necesidades y requisitos \u00fanicos. Adem\u00e1s, este tema viene equipado con una variedad diversa de p\u00e1ginas preconstruidas, como hogar, sobre, servicios, blog y contacto, todo lo cual puede modificarse sin esfuerzo para alinearse sin problemas con su identidad de marca. Adem\u00e1s, el tema integra una variedad de complementos, incluido el estimado Slider de Revolution y el compositor visual, lo que le permite crear contenido visualmente llamativo y cautivarse efectivamente la atenci\u00f3n de su audiencia. Ya sea que se est\u00e9 embarcando en su viaje digital o que busque rejuvenecer su presencia en l\u00ednea existente, no busque m\u00e1s que el servicio de WordPress del servicio de tecnolog\u00eda digital de la fama para la soluci\u00f3n definitiva.<\/p>\n<ul>\n<li>Dise\u00f1o moderno y limpio, perfecto para empresas de tecnolog\u00eda y servicios digitales<\/li>\n<li>Totalmente personalizable con el constructor de p\u00e1ginas de arrastrar y soltar incorporado<\/li>\n<li>M\u00faltiples p\u00e1ginas predise\u00f1adas y opciones de dise\u00f1o para elegir<\/li>\n<li>Compatible con WooCommerce, lo que facilita la venta de productos y servicios digitales<\/li>\n<li>Dise\u00f1o receptivo que se ve muy bien en todos los dispositivos<\/li>\n<li>Panel de opciones de temas f\u00e1ciles de usar para administrar colores, fuentes y otros elementos de dise\u00f1o<\/li>\n<li>Codificaci\u00f3n y estructura amigable para SEO para una mejor clasificaci\u00f3n del motor de b\u00fasqueda<\/li>\n<li>Incluye complementos premium como Slider Revolution y el Formulario de contacto 7<\/li>\n<li>Documentaci\u00f3n extensa y soporte dedicado para garantizar una configuraci\u00f3n y el uso sin problemas del tema.<\/li>\n<\/ul>\n","protected":false},"excerpt":{"rendered":"<p>El servicio de WordPress del servicio de tecnolog\u00eda digital de la fama, que es un tema de primer nivel meticulosamente dise\u00f1ado para satisfacer las necesidades de los proveedores de servicios de tecnolog\u00eda, cuenta con una gran cantidad de atributos notables. Su dise\u00f1o elegante y contempor\u00e1neo exuda sofisticaci\u00f3n, mientras que sus dise\u00f1os flexibles otorgan a los usuarios la libertad de personalizar sus p\u00e1ginas web al contenido de su coraz\u00f3n. Adem\u00e1s, este tema premium ofrece una amplia gama de widgets convenientes, otorgando a los usuarios una facilidad de uso incomparable. Sin mencionar que las secciones personalizables de men\u00fas y pies de p\u00e1gina equipan a los usuarios con la capacidad de adaptar la navegaci\u00f3n y el dise\u00f1o de su sitio web para adaptarse a sus preferencias espec\u00edficas. Adem\u00e1s, las p\u00e1ginas preconstruidas permiten a los usuarios exhibir sin esfuerzo sus productos y servicios, reforzando el potencial para que su negocio florezca. Adem\u00e1s, la inclusi\u00f3n de m\u00faltiples dise\u00f1os de publicaciones de blog otorga a los usuarios a\u00fan m\u00e1s versatilidad al presentar su contenido. En consecuencia, independientemente de si se est\u00e1 embarcando en un viaje empresarial o que ya posee un negocio bien establecido, este tema surge como la opci\u00f3n ideal para dise\u00f1ar una presencia en l\u00ednea impresionante para su estimada empresa del servicio tecnol\u00f3gico.<\/p>\n","protected":false},"featured_media":166090,"comment_status":"open","ping_status":"open","template":"","meta":[],"product_brand":[2337],"product_cat":[1307,1237,1238],"product_tag":[1391],"class_list":{"0":"post-111758","1":"product","2":"type-product","3":"status-publish","4":"has-post-thumbnail","6":"product_brand-themeforest","7":"product_cat-negocio-wordpress-temas","8":"product_cat-temas","9":"product_cat-wordpress-temas","10":"product_tag-themeforest","11":"member-discount","12":"discount-restricted","14":"first","15":"instock","16":"sale","17":"downloadable","18":"virtual","19":"sold-individually","20":"purchasable","21":"product-type-simple"},"_links":{"self":[{"href":"https:\/\/gpl-love.com\/es\/wp-json\/wp\/v2\/product\/111758","targetHints":{"allow":["GET"]}}],"collection":[{"href":"https:\/\/gpl-love.com\/es\/wp-json\/wp\/v2\/product"}],"about":[{"href":"https:\/\/gpl-love.com\/es\/wp-json\/wp\/v2\/types\/product"}],"replies":[{"embeddable":true,"href":"https:\/\/gpl-love.com\/es\/wp-json\/wp\/v2\/comments?post=111758"}],"wp:featuredmedia":[{"embeddable":true,"href":"https:\/\/gpl-love.com\/es\/wp-json\/wp\/v2\/media\/166090"}],"wp:attachment":[{"href":"https:\/\/gpl-love.com\/es\/wp-json\/wp\/v2\/media?parent=111758"}],"wp:term":[{"taxonomy":"product_brand","embeddable":true,"href":"https:\/\/gpl-love.com\/es\/wp-json\/wp\/v2\/product_brand?post=111758"},{"taxonomy":"product_cat","embeddable":true,"href":"https:\/\/gpl-love.com\/es\/wp-json\/wp\/v2\/product_cat?post=111758"},{"taxonomy":"product_tag","embeddable":true,"href":"https:\/\/gpl-love.com\/es\/wp-json\/wp\/v2\/product_tag?post=111758"}],"curies":[{"name":"wp","href":"https:\/\/api.w.org\/{rel}","templated":true}]}}