{"id":111754,"date":"2023-11-15T00:00:00","date_gmt":"2023-11-15T05:00:00","guid":{"rendered":"http:\/\/gpl-love.com\/es\/producto\/lustria-multipurpose-plant-store-wordpress-theme\/"},"modified":"2026-03-13T17:23:52","modified_gmt":"2026-03-13T22:23:52","slug":"lustria-multipurpose-plant-store-wordpress-theme","status":"publish","type":"product","link":"https:\/\/gpl-love.com\/es\/producto\/lustria-multipurpose-plant-store-wordpress-theme\/","title":{"rendered":"Lustria MultiPurpose Plant Store WordPress Theme 3.7"},"content":{"rendered":"<h3>Lustria MultiPurpose Plant Store WordPress Theme Caracteristicas<\/h3>\n<p>El tema de WordPress de la tienda de plantas multiprop\u00f3sito de Lustria, como su nombre lo sugiere, es un tema incre\u00edblemente vers\u00e1til y personalizable que ha sido meticulosamente elaborado y adaptado para cumplir con los requisitos espec\u00edficos de las tiendas de plantas. Con un dise\u00f1o elegante y contempor\u00e1neo, este tema es, sin duda, el ep\u00edtome de la elegancia y se garantiza que elevar\u00e1 sus productos vegetales a nuevas alturas, adem\u00e1s de proporcionar a sus clientes una experiencia de compra en l\u00ednea incomparable. Con su interfaz de usuario intuitiva y su gama avanzada de funcionalidades, el tema de WordPress de Lustria Multipurose Plant Store le permite supervisar y organizar su extensa gama de productos, agilizar el proceso de pago para maximizar la eficiencia y, en \u00faltima instancia, proporcionar a su clientela con una clientela est\u00e9tica y est\u00e9tica y agradable y agradable y agradable y agradable y agradable y agradable. Viaje cautivador a trav\u00e9s de su tienda virtual. Independientemente de si imagina establecer una boutique encantadora e \u00edntima o un imperio de comercio electr\u00f3nico en expansi\u00f3n y din\u00e1mica, no puede haber ninguna duda de que el tema de WordPress de Lustria Multipropiore Store es el mejor panacea para satisfacer todas las necesidades y necesidades relacionadas con sus tiendas de plantas .<\/p>\n<ul>\n<li>Un tema de WordPress altamente personalizable dise\u00f1ado espec\u00edficamente para tiendas de plantas<\/li>\n<li>6 dise\u00f1os \u00fanicos de la p\u00e1gina de inicio para elegir, cada uno con un dise\u00f1o diferente centrado en la planta<\/li>\n<li>Cat\u00e1logo de plantas incorporada con opciones de categorizaci\u00f3n y filtrado<\/li>\n<li>Integraci\u00f3n con plataformas populares de comercio electr\u00f3nico para ventas en l\u00ednea f\u00e1ciles de plantas y productos relacionados<\/li>\n<li>Dise\u00f1o receptivo para una visualizaci\u00f3n \u00f3ptima en dispositivos de escritorio y m\u00f3viles<\/li>\n<li>Esquemas de color personalizables para que coincidan con su marca o logotipo<\/li>\n<li>P\u00e1ginas predise\u00f1adas para informaci\u00f3n importante, como sobre nosotros, contacto y preguntas frecuentes<\/li>\n<li>Funcionalidad de blog incorporada para compartir jardiner\u00eda y consejos y consejos relacionados con las plantas<\/li>\n<li>Opciones de fuente e icono para complementar el dise\u00f1o general de su tienda<\/li>\n<li>La funci\u00f3n de importaci\u00f3n de demostraci\u00f3n de un solo clic permite una configuraci\u00f3n r\u00e1pida y f\u00e1cil del sitio web de su tienda de plantas.<\/li>\n<\/ul>\n","protected":false},"excerpt":{"rendered":"<p>Nos complace presentar el tema de WordPress de la tienda de plantas multiprop\u00f3sito de Lustria, una oferta excepcional dise\u00f1ada espec\u00edficamente para individuos y empresas que poseen una pasi\u00f3n ferviente por las plantas y buscan establecer una representaci\u00f3n en l\u00ednea notable e impactante. Este tema exquisitamente dise\u00f1ado cuenta con una variedad de funcionalidades vers\u00e1tiles, junto con personalizaciones f\u00e1ciles de usar y un dise\u00f1o receptivo que se ajusta perfectamente a cualquier dispositivo, asegurando una experiencia de visualizaci\u00f3n \u00f3ptima. Con Lustria a su disposici\u00f3n, exhibe sin esfuerzo su variedad de productos, servicios y contenido cautivador, todo el tiempo cautivador y cautivadoramente involucrando a su estimada audiencia. Ya sea que est\u00e9 operando una vivienda pr\u00f3spera, una florista floreciente o incluso cura un blog dedicado al arte de la jardiner\u00eda, Lustria tiene el poder transformador de elevar su sitio web a una experiencia de usuario exquisita e inolvidable. \u00a1El momento es ahora para cultivar y expandir su huella digital!<\/p>\n","protected":false},"featured_media":166641,"comment_status":"open","ping_status":"open","template":"","meta":[],"product_brand":[2337],"product_cat":[1263,1469,1237],"product_tag":[1391],"class_list":{"0":"post-111754","1":"product","2":"type-product","3":"status-publish","4":"has-post-thumbnail","6":"product_brand-themeforest","7":"product_cat-comercio-electronico-temas","8":"product_cat-creativo-comercio-electronico-temas","9":"product_cat-temas","10":"product_tag-themeforest","11":"member-discount","12":"discount-restricted","14":"first","15":"instock","16":"sale","17":"downloadable","18":"virtual","19":"sold-individually","20":"purchasable","21":"product-type-simple"},"_links":{"self":[{"href":"https:\/\/gpl-love.com\/es\/wp-json\/wp\/v2\/product\/111754","targetHints":{"allow":["GET"]}}],"collection":[{"href":"https:\/\/gpl-love.com\/es\/wp-json\/wp\/v2\/product"}],"about":[{"href":"https:\/\/gpl-love.com\/es\/wp-json\/wp\/v2\/types\/product"}],"replies":[{"embeddable":true,"href":"https:\/\/gpl-love.com\/es\/wp-json\/wp\/v2\/comments?post=111754"}],"wp:featuredmedia":[{"embeddable":true,"href":"https:\/\/gpl-love.com\/es\/wp-json\/wp\/v2\/media\/166641"}],"wp:attachment":[{"href":"https:\/\/gpl-love.com\/es\/wp-json\/wp\/v2\/media?parent=111754"}],"wp:term":[{"taxonomy":"product_brand","embeddable":true,"href":"https:\/\/gpl-love.com\/es\/wp-json\/wp\/v2\/product_brand?post=111754"},{"taxonomy":"product_cat","embeddable":true,"href":"https:\/\/gpl-love.com\/es\/wp-json\/wp\/v2\/product_cat?post=111754"},{"taxonomy":"product_tag","embeddable":true,"href":"https:\/\/gpl-love.com\/es\/wp-json\/wp\/v2\/product_tag?post=111754"}],"curies":[{"name":"wp","href":"https:\/\/api.w.org\/{rel}","templated":true}]}}