{"id":111752,"date":"2026-02-23T00:00:00","date_gmt":"2026-02-23T05:00:00","guid":{"rendered":"http:\/\/gpl-love.com\/es\/producto\/konte-minimal-and-modern-woocommerce-wordpress-theme\/"},"modified":"2026-03-13T17:23:19","modified_gmt":"2026-03-13T22:23:19","slug":"konte-minimal-and-modern-woocommerce-wordpress-theme","status":"publish","type":"product","link":"https:\/\/gpl-love.com\/es\/producto\/konte-minimal-and-modern-woocommerce-wordpress-theme\/","title":{"rendered":"Konte Minimal y Modern Theme 2.4.11"},"content":{"rendered":"<h3>Konte Minimal y Modern Theme Caracteristicas<\/h3>\n<p>El tema m\u00ednimo y moderno de Konte, con su naturaleza vers\u00e1til y f\u00e1cil de usar, se presenta como un tema exquisito de WordPress, adaptado perfectamente a las necesidades de los sitios web contempor\u00e1neos. Su dise\u00f1o limpio y minimalista imbuye su sitio web con un aire de belleza y profesionalismo, al tiempo que garantiza la facilidad de navegaci\u00f3n. Adem\u00e1s, la capacidad de respuesta de este tema lo hace perfectamente funcional en todos los dispositivos, ampliando as\u00ed su audiencia potencial. Ofreciendo una extensa gama de opciones de personalizaci\u00f3n, Konte, un tema m\u00ednimo y moderno, le permite dise\u00f1ar un sitio web sin esfuerzo que sea idiosincr\u00e1sico y personalizado, aline\u00e1ndolo con sus requisitos espec\u00edficos. La inclusi\u00f3n de un panel de opciones de temas robustos le otorga generosamente el dominio completo sobre los aspectos visuales y sensoriales de su sitio. Adem\u00e1s, este tema se ha optimizado diligentemente para la optimizaci\u00f3n de motores de b\u00fasqueda (SEO), garantizando la ascensi\u00f3n de su contenido dentro de la clasificaci\u00f3n de los motores de b\u00fasqueda populares. No solo eso, sino que tambi\u00e9n exhibe compatibilidad con todos los principales navegadores web, y cuenta con documentaci\u00f3n meticulosamente elaborada para facilitar su viaje hacia la configuraci\u00f3n de su sitio web. En conclusi\u00f3n, si est\u00e1 en busca de un tema de WordPress adaptable y contempor\u00e1neo, el tema m\u00ednimo y moderno de Konte se erige como una elecci\u00f3n ejemplar.<\/p>\n<ul>\n<li>Dise\u00f1o elegante y minimalista con un toque moderno<\/li>\n<li>Compatible con las plataformas de sitios web m\u00e1s populares<\/li>\n<li>Totalmente receptivo para una visualizaci\u00f3n \u00f3ptima en todos los dispositivos<\/li>\n<li>Incluye esquemas de color y fuentes personalizables<\/li>\n<li>Interfaz de usuario f\u00e1cil de navegar para navegar sin costuras<\/li>\n<li>Barra de b\u00fasqueda incorporada e integraci\u00f3n de redes sociales<\/li>\n<li>Incluye una variedad de dise\u00f1os de p\u00e1gina prebuacados para una f\u00e1cil personalizaci\u00f3n<\/li>\n<li>Optimizado para tiempos de carga r\u00e1pidos y optimizaci\u00f3n de SEO<\/li>\n<li>Atenci\u00f3n al cliente y actualizaciones regulares para la funcionalidad continua<\/li>\n<li>Adecuado para una amplia gama de industrias y usos.<\/li>\n<\/ul>\n","protected":false},"excerpt":{"rendered":"<p>Konte, un tema de WordPress, cuenta con un dise\u00f1o exquisito, contempor\u00e1neo y simplista que exuda atractivo visual, lo que lo hace adecuado para una extensa variedad de sitios web. Muestre sus productos o servicios con la m\u00e1xima profesionalidad y encanto utilizando el dise\u00f1o impecable y ordenado de Konte. Adem\u00e1s, su adaptabilidad garantiza que su sitio web mantenga su esplendor en todos los dispositivos, mientras que sus capacidades de personalizaci\u00f3n s\u00f3lidas pero robustas le permiten adaptar su sitio web a sus preferencias precisas. Ya sea que est\u00e9 estableciendo una plataforma de comercio electr\u00f3nico, una presencia en la web corporativa o un blog personal, Konte se erige como el tema por excelencia para actualizar su visi\u00f3n creativa.<\/p>\n","protected":false},"featured_media":166561,"comment_status":"open","ping_status":"open","template":"","meta":[],"product_brand":[2337],"product_cat":[1263,1264,1237],"product_tag":[1391],"class_list":{"0":"post-111752","1":"product","2":"type-product","3":"status-publish","4":"has-post-thumbnail","6":"product_brand-themeforest","7":"product_cat-comercio-electronico-temas","8":"product_cat-negocio","9":"product_cat-temas","10":"product_tag-themeforest","11":"member-discount","12":"discount-restricted","14":"first","15":"instock","16":"sale","17":"downloadable","18":"virtual","19":"sold-individually","20":"purchasable","21":"product-type-simple"},"_links":{"self":[{"href":"https:\/\/gpl-love.com\/es\/wp-json\/wp\/v2\/product\/111752","targetHints":{"allow":["GET"]}}],"collection":[{"href":"https:\/\/gpl-love.com\/es\/wp-json\/wp\/v2\/product"}],"about":[{"href":"https:\/\/gpl-love.com\/es\/wp-json\/wp\/v2\/types\/product"}],"replies":[{"embeddable":true,"href":"https:\/\/gpl-love.com\/es\/wp-json\/wp\/v2\/comments?post=111752"}],"wp:featuredmedia":[{"embeddable":true,"href":"https:\/\/gpl-love.com\/es\/wp-json\/wp\/v2\/media\/166561"}],"wp:attachment":[{"href":"https:\/\/gpl-love.com\/es\/wp-json\/wp\/v2\/media?parent=111752"}],"wp:term":[{"taxonomy":"product_brand","embeddable":true,"href":"https:\/\/gpl-love.com\/es\/wp-json\/wp\/v2\/product_brand?post=111752"},{"taxonomy":"product_cat","embeddable":true,"href":"https:\/\/gpl-love.com\/es\/wp-json\/wp\/v2\/product_cat?post=111752"},{"taxonomy":"product_tag","embeddable":true,"href":"https:\/\/gpl-love.com\/es\/wp-json\/wp\/v2\/product_tag?post=111752"}],"curies":[{"name":"wp","href":"https:\/\/api.w.org\/{rel}","templated":true}]}}