{"id":111750,"date":"2022-02-18T00:00:00","date_gmt":"2022-02-18T05:00:00","guid":{"rendered":"http:\/\/gpl-love.com\/es\/producto\/mitech-technology-it-solutions-and-services-wordpress-theme\/"},"modified":"2026-04-10T11:16:45","modified_gmt":"2026-04-10T16:16:45","slug":"mitech-technology-it-solutions-and-services-wordpress-theme","status":"publish","type":"product","link":"https:\/\/gpl-love.com\/es\/producto\/mitech-technology-it-solutions-and-services-wordpress-theme\/","title":{"rendered":"Mitech Technology IT Solutions y Services WordPress Theme 1.6.11"},"content":{"rendered":"<h3>Mitech Technology IT Solutions y Services WordPress Theme Caracteristicas<\/h3>\n<p>El tema de WordPress de WordPress de Mitech Technology Solutions y Services es una soluci\u00f3n integral dise\u00f1ada espec\u00edficamente para empresas que operan en la industria de la tecnolog\u00eda. Este tema en particular cuenta con una amplia gama de caracter\u00edsticas que se adaptan espec\u00edficamente a los requisitos y demandas \u00fanicas de las empresas de TI. Con su dise\u00f1o receptivo, dise\u00f1os personalizables y opciones de temas avanzados, la tecnolog\u00eda Mitech ofrece una inmensa flexibilidad y adaptabilidad.<\/p>\n<p>Adem\u00e1s, este tema viene equipado con una selecci\u00f3n diversa de p\u00e1ginas predise\u00f1adas, que abarca el hogar, sobre, servicios, cartera, blog y contacto. Estas p\u00e1ginas est\u00e1n meticulosamente elaboradas para proporcionar una experiencia de usuario perfecta y atractiva. Adem\u00e1s, la tecnolog\u00eda Mitech es reconocida por su facilidad de uso y su personalizaci\u00f3n sin esfuerzo, lo que permite a las empresas adaptar sin esfuerzo su sitio web para alinearse perfectamente con sus necesidades y preferencias individuales.<\/p>\n<p>Adem\u00e1s, este tema excepcional sirve como una herramienta poderosa para mostrar efectivamente su gama de servicios, mostrando efectivamente su cartera de una manera est\u00e9ticamente agradable y participar activamente con clientes potenciales. Independientemente de si usted es una creciente startup o un jugador de la industria bien establecido, el tema de WordPress de la tecnolog\u00eda Mitech Tecnology es, sin duda, una opci\u00f3n en primer lugar para desarrollar y optimizar su sitio web, asegurando que no solo cumpla sino que supere sus expectativas.<\/p>\n<ul>\n<li>Dise\u00f1o receptivo y amigable para m\u00f3viles<\/li>\n<li>Plantillas de p\u00e1gina personalizables<\/li>\n<li>Dise\u00f1os de demostraci\u00f3n previamente construidos para empresas de TI<\/li>\n<li>Arrastrar y soltar el constructor de la p\u00e1gina<\/li>\n<li>Panel de opciones de tema avanzado<\/li>\n<li>Animaciones y transiciones de CSS3<\/li>\n<li>Compatible con complementos populares de WordPress<\/li>\n<li>SEO listo<\/li>\n<li>Traducci\u00f3n lista<\/li>\n<li>Importaci\u00f3n de demostraci\u00f3n de un solo clic<\/li>\n<li>Excelente soporte al cliente<\/li>\n<\/ul>\n","protected":false},"excerpt":{"rendered":"<p>El tema de WordPress de Soluciones de TI de Mitech Technology, con su dise\u00f1o dise\u00f1ado por expertos, es una opci\u00f3n muy adecuada para empresas tecnol\u00f3gicas, proveedores de soluciones de TI y empresas que ofrecen servicios digitales. Cuenta con una extensa gama de caracter\u00edsticas y opciones de personalizaci\u00f3n que permiten la creaci\u00f3n de un sitio web atractivo y sofisticado, capaz de mostrar de manera efectiva su marca y servicios. Su interfaz f\u00e1cil de usar y su dise\u00f1o receptivo mejoran a\u00fan m\u00e1s su idoneidad para presentar sus productos y servicios de la manera m\u00e1s impactante, atrayendo as\u00ed a clientes potenciales y fomentando conversiones. Ya sea que sea una nueva empresa floreciente o un negocio bien establecido, este tema sirve como la opci\u00f3n por excelencia para exhibir su marca y mantener una ventaja competitiva en la industria.<\/p>\n","protected":false},"featured_media":166789,"comment_status":"open","ping_status":"open","template":"","meta":[],"product_brand":[2337],"product_cat":[1307,1237,1238],"product_tag":[1391],"class_list":{"0":"post-111750","1":"product","2":"type-product","3":"status-publish","4":"has-post-thumbnail","6":"product_brand-themeforest","7":"product_cat-negocio-wordpress-temas","8":"product_cat-temas","9":"product_cat-wordpress-temas","10":"product_tag-themeforest","11":"member-discount","12":"discount-restricted","14":"first","15":"instock","16":"sale","17":"downloadable","18":"virtual","19":"sold-individually","20":"purchasable","21":"product-type-simple"},"_links":{"self":[{"href":"https:\/\/gpl-love.com\/es\/wp-json\/wp\/v2\/product\/111750","targetHints":{"allow":["GET"]}}],"collection":[{"href":"https:\/\/gpl-love.com\/es\/wp-json\/wp\/v2\/product"}],"about":[{"href":"https:\/\/gpl-love.com\/es\/wp-json\/wp\/v2\/types\/product"}],"replies":[{"embeddable":true,"href":"https:\/\/gpl-love.com\/es\/wp-json\/wp\/v2\/comments?post=111750"}],"wp:featuredmedia":[{"embeddable":true,"href":"https:\/\/gpl-love.com\/es\/wp-json\/wp\/v2\/media\/166789"}],"wp:attachment":[{"href":"https:\/\/gpl-love.com\/es\/wp-json\/wp\/v2\/media?parent=111750"}],"wp:term":[{"taxonomy":"product_brand","embeddable":true,"href":"https:\/\/gpl-love.com\/es\/wp-json\/wp\/v2\/product_brand?post=111750"},{"taxonomy":"product_cat","embeddable":true,"href":"https:\/\/gpl-love.com\/es\/wp-json\/wp\/v2\/product_cat?post=111750"},{"taxonomy":"product_tag","embeddable":true,"href":"https:\/\/gpl-love.com\/es\/wp-json\/wp\/v2\/product_tag?post=111750"}],"curies":[{"name":"wp","href":"https:\/\/api.w.org\/{rel}","templated":true}]}}